{"id":28877,"date":"2020-11-23T12:51:19","date_gmt":"2020-11-23T11:51:19","guid":{"rendered":"http:\/\/solidarite-handicap.ch\/wordp\/?page_id=28877"},"modified":"2025-09-10T11:49:10","modified_gmt":"2025-09-10T09:49:10","slug":"liste-des-cours-fcpa","status":"publish","type":"page","link":"https:\/\/solidarite-handicap.ch\/wordp\/liste-des-cours-fcpa\/","title":{"rendered":"Centre FCPA &#8211; Formation Continue Pour Adultes"},"content":{"rendered":"\n<div class=\"wp-block-columns is-layout-flex wp-container-core-columns-is-layout-28f84493 wp-block-columns-is-layout-flex\">\n<div class=\"wp-block-column is-layout-flow wp-block-column-is-layout-flow\" style=\"flex-basis:65%\">\n<div class=\"wp-block-button has-custom-width wp-block-button__width-100\"><a class=\"wp-block-button__link has-white-color has-luminous-vivid-orange-background-color has-text-color has-background\" style=\"border-radius:7px\" href=\"https:\/\/solidarite-handicap.ch\/wordp\/liste-des-cours-fcpa\/inscription-aux-cours-fcpa-2\">Inscription aux cours 2025-2026<\/a><\/div>\n<p class=\"has-drop-cap\" style=\"text-align: justify;\">Nous d\u00e9fendons le droit \u00e0 tout adulte, quelles que soient ses difficult\u00e9s, \u00e0 pouvoir s\u2019instruire, d\u00e9velopper de nouvelles comp\u00e9tences, se cultiver, s\u2019ouvrir sur le monde et se divertir.<br>\nDepuis 1985, le Centre FCPA propose une quarantaine de cours de formation \u00e0 quelques 350 adultes en situation de handicap. Les th\u00e8mes varient de la culture g\u00e9n\u00e9rale \u00e0 la vie autonome, des arts cr\u00e9atifs \u00e0 la pratique sportive.<br>\nNos formatrices et formateurs sont au b\u00e9n\u00e9fice de formations pointues dans les branches enseign\u00e9es et ont une motivation particuli\u00e8re \u00e0 enseigner \u00e0 notre public, qui se compose d\u2019adultes pr\u00e9sentant des difficult\u00e9s d\u2019apprentissage, un d\u00e9ficience intellectuelle, un troubles du spectre de l\u2019autisme ou une situation de polyhandicap.\n<p style=\"text-align: justify;\">Pour les participantes et participants de la r\u00e9gion morgienne, le Centre FPCA propose un service de transports en collaboration avec 4 institutions (L&rsquo;Institution de Lavigny, L&rsquo;Esp\u00e9rance, la Fondation Perceval et la Cit\u00e9 Radieuse) pour amener les \u00e9tudiantes et \u00e9tudiants \u00e0 leurs cours.<br>Pour les personnes de la r\u00e9gion lausannoise, nous collaborons avec Transport Handicap Vaud.<\/p>\nLe programme pour l&rsquo;ann\u00e9e scolaire para\u00eet chaque ann\u00e9e au mois de septembre.<\/p>\n\n\n\n<p><p><a href=\"tel:+41216482582\"><img loading=\"lazy\" decoding=\"async\" class=\"wp-image-30335 alignleft\" src=\"\/wordp\/wp-content\/uploads\/2024\/09\/question.jpg\" alt=\"\" width=\"100\" height=\"100\"><\/a>\nEn cas de question, n&rsquo;h\u00e9sitez pas \u00e0 nous appeler au<br><strong><a href=\"tel:+41216482582\">021 648 25 82<\/a><\/strong> ou nous contacter par <strong><a href=\"mailto:shm@solidarite-handicap.ch\">email<\/a><\/strong><\/p>\n<br clear=\"all\"\/>\n<p><a href=\"\/wordp\/contact\/demande-pour-recevoir-les-programmes-dactivite\/\"><img loading=\"lazy\" decoding=\"async\" class=\"wp-image-30335 alignleft\" src=\"\/wordp\/wp-content\/uploads\/2024\/09\/info.jpg\" alt=\"\" width=\"100\" height=\"100\"><\/a><\/p>Je souhaite <strong><a href=\"\/wordp\/contact\/demande-pour-recevoir-les-programmes-dactivite\/\">recevoir le programme des cours<\/a><\/strong>.<\/p>\n\n\n\n<p><\/p>\n<\/div>\n\n\n\n<div class=\"wp-block-column is-layout-flow wp-block-column-is-layout-flow\" style=\"flex-basis:35%\">\n<div class=\"wp-block-group has-background\" style=\"background-color:#fff5c3\"><div class=\"wp-block-group__inner-container is-layout-flow wp-block-group-is-layout-flow\">\n<figure class=\"wp-block-image size-large\"><a href=\"\/wordp\/liste-des-cours-fcpa\/programme-fcpa\/\"><img decoding=\"async\" src=\"\/wordp\/wp-content\/uploads\/2025\/09\/couverture-fcpa-25-26.png\" alt=\"\" class=\"wp-image-31689\"\/><\/a><\/figure>\n\n\n\n<div class=\"wp-block-buttons is-layout-flex wp-block-buttons-is-layout-flex\">\n<div class=\"wp-block-button\"><a class=\"wp-block-button__link has-background\" href=\"\/wordp\/liste-des-cours-fcpa\/programme-fcpa\/\" style=\"background-color:#faed00\">Consulter le programme FCPA                        <\/a><\/div>\n<\/div>\n\n\n\n<hr \/>\n<p><p style=\"text-align:center\">Le Centre FCPA est soutenu financi\u00e8rement par:<br>\n<img decoding=\"async\" src=\"\/wordp\/wp-content\/uploads\/2024\/12\/logo-ch.png\" style=\"display:block;margin-left:auto;margin-right:auto;width:65%\"><br clear=\"all\">\n<img decoding=\"async\" src=\"\/wordp\/wp-content\/uploads\/2024\/12\/logoVD.jpg\" style=\"display:block;margin-left:auto;margin-right:auto;width:12%\"><br clear=\"all\">\n<img decoding=\"async\" src=\"\/wordp\/wp-content\/uploads\/2024\/12\/Pro_Infirmis_Logo_rgb.png\" style=\"display:block;margin-left:auto;margin-right:auto;width:45%\">\n<\/p><\/p>\n<\/div><\/div>\n\n\n\n<p><\/p>\n<\/div>\n<\/div>\n\n\n\n<div class=\"wp-block-group has-background\" style=\"background-color:#f8f4c0\"><div class=\"wp-block-group__inner-container is-layout-flow wp-block-group-is-layout-flow\">\n<p><strong><a href=\"\/wordp\/liste-des-cours-fcpa\/cours-en-ligne\/\"><img loading=\"lazy\" decoding=\"async\" class=\" wp-image-29821 alignleft\" src=\"\/wordp\/wp-content\/uploads\/2021\/02\/webcam-300x240.png\" alt=\"\" width=\"113\" height=\"90\" srcset=\"https:\/\/solidarite-handicap.ch\/wordp\/wp-content\/uploads\/2021\/02\/webcam-300x240.png 300w, https:\/\/solidarite-handicap.ch\/wordp\/wp-content\/uploads\/2021\/02\/webcam-50x40.png 50w, https:\/\/solidarite-handicap.ch\/wordp\/wp-content\/uploads\/2021\/02\/webcam-36x29.png 36w, https:\/\/solidarite-handicap.ch\/wordp\/wp-content\/uploads\/2021\/02\/webcam-48x38.png 48w, https:\/\/solidarite-handicap.ch\/wordp\/wp-content\/uploads\/2021\/02\/webcam.png 457w\" sizes=\"auto, (max-width: 113px) 100vw, 113px\" \/><\/a>Pour acc\u00e9der aux cours en ligne de la saison 2020-2021<br><\/strong><a href=\"\/wordp\/liste-des-cours-fcpa\/cours-en-ligne\/\">Cliquez ici pour acc\u00e9der aux cours en ligne<\/a><\/p>\n\n\n\n<p><\/p>\n<\/div><\/div>\n\n\n\n<p><\/p>\n","protected":false},"excerpt":{"rendered":"<p>Inscription aux cours 2025-2026 Nous d\u00e9fendons le droit \u00e0 tout adulte, quelles que soient ses difficult\u00e9s, \u00e0 pouvoir s\u2019instruire, d\u00e9velopper de nouvelles comp\u00e9tences, se cultiver, s\u2019ouvrir sur le monde et se divertir. Depuis 1985, le Centre FCPA propose une quarantaine de cours de formation \u00e0 quelques 350 adultes en situation de handicap. Les th\u00e8mes varient [&hellip;]<\/p>\n","protected":false},"author":1,"featured_media":0,"parent":0,"menu_order":0,"comment_status":"closed","ping_status":"closed","template":"","meta":{"footnotes":""},"class_list":["post-28877","page","type-page","status-publish","hentry"],"_links":{"self":[{"href":"https:\/\/solidarite-handicap.ch\/wordp\/wp-json\/wp\/v2\/pages\/28877","targetHints":{"allow":["GET"]}}],"collection":[{"href":"https:\/\/solidarite-handicap.ch\/wordp\/wp-json\/wp\/v2\/pages"}],"about":[{"href":"https:\/\/solidarite-handicap.ch\/wordp\/wp-json\/wp\/v2\/types\/page"}],"author":[{"embeddable":true,"href":"https:\/\/solidarite-handicap.ch\/wordp\/wp-json\/wp\/v2\/users\/1"}],"replies":[{"embeddable":true,"href":"https:\/\/solidarite-handicap.ch\/wordp\/wp-json\/wp\/v2\/comments?post=28877"}],"version-history":[{"count":107,"href":"https:\/\/solidarite-handicap.ch\/wordp\/wp-json\/wp\/v2\/pages\/28877\/revisions"}],"predecessor-version":[{"id":32436,"href":"https:\/\/solidarite-handicap.ch\/wordp\/wp-json\/wp\/v2\/pages\/28877\/revisions\/32436"}],"wp:attachment":[{"href":"https:\/\/solidarite-handicap.ch\/wordp\/wp-json\/wp\/v2\/media?parent=28877"}],"curies":[{"name":"wp","href":"https:\/\/api.w.org\/{rel}","templated":true}]}}