{"id":28884,"date":"2020-11-23T13:53:28","date_gmt":"2020-11-23T12:53:28","guid":{"rendered":"http:\/\/solidarite-handicap.ch\/wordp\/?page_id=28884"},"modified":"2026-03-24T17:54:45","modified_gmt":"2026-03-24T16:54:45","slug":"sorties-culturelles","status":"publish","type":"page","link":"https:\/\/solidarite-handicap.ch\/wordp\/sorties-culturelles\/","title":{"rendered":"Activit\u00e9s culturelles"},"content":{"rendered":"\n<div class=\"wp-block-group\"><div class=\"wp-block-group__inner-container is-layout-flow wp-block-group-is-layout-flow\">\n<div class=\"wp-block-columns is-layout-flex wp-container-core-columns-is-layout-28f84493 wp-block-columns-is-layout-flex\">\n<div class=\"wp-block-column is-layout-flow wp-block-column-is-layout-flow\">\n<h3><span style=\"color: #808080;\"><strong>Les sorties culturelles<\/strong><\/span><\/h3>\n\n\n<div class=\"wp-block-buttons is-layout-flex wp-block-buttons-is-layout-flex\">\n<div class=\"wp-block-button is-style-fill\"><a class=\"wp-block-button__link has-white-color has-text-color has-background\" href=\"https:\/\/solidarite-handicap.ch\/wordp\/sorties-culturelles\/les-sorties-culturelles\/\" style=\"border-radius:7px;background-color:#ab3b81\">Inscription aux Sorties culturelles<\/a><\/div>\n<\/div>\n\n<p><img loading=\"lazy\" decoding=\"async\" class=\"wp-image-31816  alignright\" src=\"https:\/\/solidarite-handicap.ch\/wordp\/wp-content\/uploads\/2026\/03\/SC-25-26.jpg\" alt=\"\" width=\"188\" height=\"264\">\n<strong>Le programme de <a href=\"https:\/\/solidarite-handicap.ch\/wordp\/wp-content\/uploads\/2026\/03\/pub-26-A53.pdf\">mai \u00e0 octobre 2026<\/a> est sorti.<\/strong><br\/>\nLes sorties culturelles du Centre FCPA (Formation Continue Pour Adultes) vous permettent de profiter d&rsquo;\u00e9v\u00e9nements r\u00e9gionaux en petits groupes avec un \u00e0 deux accompagnant-e-s.<br><br>\nCes activit\u00e9s (visite d&rsquo;exposition, festival de musique, d\u00e9couverte d&rsquo;une ville, sortie nature, &#8230;) s&rsquo;adressent \u00e0 des personnes n&rsquo;ayant pas de difficult\u00e9s de mobilit\u00e9. Un programme sort deux fois par ann\u00e9e, et comporte une dizaine de sorties culturelles. Il est possible de s&rsquo;inscrire \u00e0 une ou plusieurs activit\u00e9s.<\/p>\n\n\n<p><\/p>\n<\/div>\n\n\n\n<div class=\"wp-block-column is-layout-flow wp-block-column-is-layout-flow\">\n<h3><strong><span style=\"color: #808080;\">La semaine culturelle d&rsquo;automne<\/span><br><\/strong><\/h3>\n<p><img loading=\"lazy\" decoding=\"async\" class=\"wp-image-31832  alignright\" src=\"https:\/\/solidarite-handicap.ch\/wordp\/wp-content\/uploads\/2024\/06\/thumbnail-241x300.png\" alt=\"\" width=\"183\" height=\"228\" srcset=\"https:\/\/solidarite-handicap.ch\/wordp\/wp-content\/uploads\/2024\/06\/thumbnail-241x300.png 241w, https:\/\/solidarite-handicap.ch\/wordp\/wp-content\/uploads\/2024\/06\/thumbnail-32x40.png 32w, https:\/\/solidarite-handicap.ch\/wordp\/wp-content\/uploads\/2024\/06\/thumbnail-29x36.png 29w, https:\/\/solidarite-handicap.ch\/wordp\/wp-content\/uploads\/2024\/06\/thumbnail-39x48.png 39w, https:\/\/solidarite-handicap.ch\/wordp\/wp-content\/uploads\/2024\/06\/thumbnail-416x518.png 416w, https:\/\/solidarite-handicap.ch\/wordp\/wp-content\/uploads\/2024\/06\/thumbnail.png 466w\" sizes=\"auto, (max-width: 183px) 100vw, 183px\" \/>La semaine culturelle d&rsquo;automne a lieu sur la premi\u00e8re semaine des vacances d&rsquo;octobre et vous permet de profiter d&rsquo;\u00e9v\u00e9nements et de visites de la r\u00e9gion en petit groupe, avec deux accompagnant-e-s sur 5 journ\u00e9es, entre 9h et 17h. Cette offre est r\u00e9serv\u00e9e aux adultes avec une d\u00e9ficience intellectuelle b\u00e9n\u00e9ficiant d&rsquo;une bonne autonomie et n&rsquo;ayant pas de difficult\u00e9 de mobilit\u00e9.<\/p>\n<p><strong>La semaine culturelle n&rsquo;aura pas lieu en 2025<\/strong><\/p>\n<p><a href=\"https:\/\/solidarite-handicap.ch\/wordp\/wp-content\/uploads\/2024\/06\/pub-SCA-2024.pdf\" target=\"_blank\" rel=\"noopener\">T\u00e9l\u00e9charger la publicit\u00e9 2024.<\/a><\/p>\n\n\n\n<div style=\"height:9px\" aria-hidden=\"true\" class=\"wp-block-spacer\"><\/div>\n\n\n\n<div class=\"wp-block-buttons is-layout-flex wp-block-buttons-is-layout-flex\">\n<!-- <div class=\"wp-block-button\"><a class=\"wp-block-button__link has-white-color has-vivid-green-cyan-background-color has-text-color has-background\" href=\"https:\/\/solidarite-handicap.ch\/wordp\/sorties-culturelles\/semaine-culturelle-dautomne\/\" style=\"border-radius:7px\">Inscription \u00e0 la Semaine Culturelle 2024<\/a><\/div>-->\n<\/div>\n<\/div>\n<\/div>\n\n\n\n<p><\/p>\n<\/div><\/div>\n\n\n\n<p><p><a href=\"tel:+41216482582\"><img loading=\"lazy\" decoding=\"async\" class=\"wp-image-30335 alignleft\" src=\"\/wordp\/wp-content\/uploads\/2024\/09\/question.jpg\" alt=\"\" width=\"100\" height=\"100\"><\/a><\/p>\n<p>En cas de question, n&rsquo;h\u00e9sitez pas \u00e0 nous appeler au<br><strong><a href=\"tel:+41216482582\">021 648 25 82<\/a><\/strong> ou nous contacter par <strong><a href=\"mailto:shm@solidarite-handicap.ch\">email<\/a><\/strong><\/p>\n<br clear=\"all\"\/>\n<p><a href=\"\/wordp\/contact\/demande-pour-recevoir-les-programmes-dactivite\/\"><img loading=\"lazy\" decoding=\"async\" class=\"wp-image-30335 alignleft\" src=\"\/wordp\/wp-content\/uploads\/2024\/09\/info.jpg\" alt=\"\" width=\"100\" height=\"100\"><\/a><\/p>Je souhaite <strong><a href=\"\/wordp\/contact\/demande-pour-recevoir-les-programmes-dactivite\/\">recevoir la publicit\u00e9 pour ces sorties<\/a><\/strong><\/p><\/p>\n\n\n\n<br clear=\"all\"\/><hr \/>\n<p><p>Les Sorties Culturelles sont soutenues financi\u00e8rement par:<br\/><br\/>\n<img decoding=\"async\" src=\"\/wordp\/wp-content\/uploads\/2024\/12\/logo-ch.png\" style=\"display: inline-block;width:20%\">&nbsp;&nbsp;&nbsp;&nbsp;\n<img decoding=\"async\" src=\"\/wordp\/wp-content\/uploads\/2024\/12\/logoVD.jpg\" style=\"display: inline-block;width:4%\">&nbsp;&nbsp;&nbsp;&nbsp;\n<img decoding=\"async\" src=\"\/wordp\/wp-content\/uploads\/2024\/12\/Pro_Infirmis_Logo_rgb.png\" style=\"display: inline-block;width:20%\">\n<\/p><\/p>\n","protected":false},"excerpt":{"rendered":"<p>La semaine culturelle d&rsquo;automne La semaine culturelle d&rsquo;automne a lieu sur la premi\u00e8re semaine des vacances d&rsquo;octobre et vous permet de profiter d&rsquo;\u00e9v\u00e9nements et de visites de la r\u00e9gion en petit groupe, avec deux accompagnant-e-s sur 5 journ\u00e9es, entre 9h et 17h. Cette offre est r\u00e9serv\u00e9e aux adultes avec une d\u00e9ficience intellectuelle b\u00e9n\u00e9ficiant d&rsquo;une bonne [&hellip;]<\/p>\n","protected":false},"author":1,"featured_media":0,"parent":0,"menu_order":0,"comment_status":"closed","ping_status":"closed","template":"","meta":{"footnotes":""},"class_list":["post-28884","page","type-page","status-publish","hentry"],"_links":{"self":[{"href":"https:\/\/solidarite-handicap.ch\/wordp\/wp-json\/wp\/v2\/pages\/28884","targetHints":{"allow":["GET"]}}],"collection":[{"href":"https:\/\/solidarite-handicap.ch\/wordp\/wp-json\/wp\/v2\/pages"}],"about":[{"href":"https:\/\/solidarite-handicap.ch\/wordp\/wp-json\/wp\/v2\/types\/page"}],"author":[{"embeddable":true,"href":"https:\/\/solidarite-handicap.ch\/wordp\/wp-json\/wp\/v2\/users\/1"}],"replies":[{"embeddable":true,"href":"https:\/\/solidarite-handicap.ch\/wordp\/wp-json\/wp\/v2\/comments?post=28884"}],"version-history":[{"count":68,"href":"https:\/\/solidarite-handicap.ch\/wordp\/wp-json\/wp\/v2\/pages\/28884\/revisions"}],"predecessor-version":[{"id":32542,"href":"https:\/\/solidarite-handicap.ch\/wordp\/wp-json\/wp\/v2\/pages\/28884\/revisions\/32542"}],"wp:attachment":[{"href":"https:\/\/solidarite-handicap.ch\/wordp\/wp-json\/wp\/v2\/media?parent=28884"}],"curies":[{"name":"wp","href":"https:\/\/api.w.org\/{rel}","templated":true}]}}