{"id":28942,"date":"2020-11-24T11:11:38","date_gmt":"2020-11-24T10:11:38","guid":{"rendered":"http:\/\/solidarite-handicap.ch\/wordp\/?page_id=28942"},"modified":"2026-02-18T11:52:06","modified_gmt":"2026-02-18T10:52:06","slug":"centre-aere","status":"publish","type":"page","link":"https:\/\/solidarite-handicap.ch\/wordp\/centre-aere\/","title":{"rendered":"Les Centres A\u00e9r\u00e9s"},"content":{"rendered":"\n<div class=\"wp-block-columns is-layout-flex wp-container-core-columns-is-layout-28f84493 wp-block-columns-is-layout-flex\">\n<div class=\"wp-block-column is-layout-flow wp-block-column-is-layout-flow\" style=\"flex-basis:60%\">\n<p class=\"has-drop-cap\" style=\"text-align: justify;\">Les Centres a\u00e9r\u00e9s proposent, durant les deux derni\u00e8res semaines des vacances d&rsquo;\u00e9t\u00e9, des loisirs \u00e0 la journ\u00e9e aux enfants et adolescents avec une d\u00e9ficience intellectuelle. Les Centres a\u00e9r\u00e9s ont lieu \u00e0 Lausanne, Yverdon et Nyon.<br><br>Les formulaires d\u2019inscription sont envoy\u00e9s aux familles et aux \u00e9coles sp\u00e9cialis\u00e9es. <b>Nous prenons les inscriptions par ordre d\u2019arriv\u00e9e<\/b> et cette prestation est r\u00e9serv\u00e9e en priorit\u00e9 aux enfants des <a href=\"\/wordp\/contact\">membres de l\u2019association<\/a>. En 2026, les Centres A\u00e9r\u00e9s auront lieu:<\/p>\n<ul>\n<li>A <strong>Lausanne et Nyon<\/strong>: du lundi 3 au vendredi 7 ao\u00fbt 2026<\/li>\n<li>A <strong>Lausanne<\/strong> et <strong>Yverdon<\/strong>: du lundi 10 au vendredi 14 ao\u00fbt 2026<\/li>\n<\/ul>\n\nDernier d\u00e9lai pour les inscriptions: <b>27 mars 2026<\/b><br\/>\n\n\n<div class=\"wp-block-buttons is-content-justification-left is-layout-flex wp-block-buttons-is-layout-flex\">\n<div class=\"wp-block-button\"><a class=\"wp-block-button__link has-white-color has-luminous-vivid-orange-background-color has-text-color has-background\" href=\"\/wordp\/centre-aere\/inscription-au-centre-aere\/\" style=\"border-radius:7px\">Inscription en ligne<\/a><\/div>\n<\/div>\n\n\n\n<p><p><a href=\"tel:+41216482582\"><img loading=\"lazy\" decoding=\"async\" class=\"wp-image-30335 alignleft\" src=\"\/wordp\/wp-content\/uploads\/2024\/09\/question.jpg\" alt=\"\" width=\"100\" height=\"100\"><\/a>\nEn cas de question, n&rsquo;h\u00e9sitez pas \u00e0 nous appeler au<br><strong><a href=\"tel:+41216482582\">021 648 25 82<\/a><\/strong> ou nous contacter par <strong><a href=\"mailto:shm@solidarite-handicap.ch\">email<\/a><\/strong><\/p>\n<br clear=\"all\"\/>\n<p><a href=\"\/wordp\/contact\/demande-pour-recevoir-les-programmes-dactivite\/\"><img loading=\"lazy\" decoding=\"async\" class=\"wp-image-30335 alignleft\" src=\"\/wordp\/wp-content\/uploads\/2024\/09\/info.jpg\" alt=\"\" width=\"100\" height=\"100\"><\/a><\/p>Je souhaite <strong><a href=\"\/wordp\/contact\/demande-pour-recevoir-les-programmes-dactivite\/\">recevoir la publicit\u00e9 des Centres A\u00e9r\u00e9s<\/a><\/strong><\/p>\n<\/div>\n\n\n\n<div class=\"wp-block-column is-layout-flow wp-block-column-is-layout-flow\" style=\"flex-basis:33.33%\">\n<div class=\"wp-block-group has-background\" style=\"background-color:#dcf2ff\"><div class=\"wp-block-group__inner-container is-layout-flow wp-block-group-is-layout-flow\">\n<p class=\"has-text-align-center\"><strong>Documentation \u00e0 imprimer<\/strong><\/p>\n\n\n\n<p style=\"text-align: center;\"><strong>Centres a\u00e9r\u00e9s 2026<\/strong><\/p>\n<p style=\"text-align: center;\"><a href=\"\/wordp\/wp-content\/uploads\/2026\/02\/Pub-CA-26-web.pdf\"><img loading=\"lazy\" decoding=\"async\" class=\"size-medium wp-image-31803 aligncenter\" src=\"\/wordp\/wp-content\/uploads\/2026\/02\/CA-26.png\" alt=\"\" width=\"212\" height=\"300\"><\/a><\/p>\n<p style=\"text-align: center;\"><a href=\"\/wordp\/wp-content\/uploads\/2026\/02\/Pub-CA-26-web.pdf\">Publicit\u00e9 pdf \u00e0 imprimer<\/a><br><a href=\"https:\/\/solidarite-handicap.ch\/wordp\/conditions-de-participation-centre-aere\/\">Conditions de participation<\/a><\/p>\n<hr>\n<p style=\"text-align:center\">Les Centres A\u00e9r\u00e9s sont soutenu financi\u00e8rement par:<br>\n<img decoding=\"async\" src=\"\/wordp\/wp-content\/uploads\/2024\/12\/logo-ch.png\" style=\"display:block;margin-left:auto;margin-right:auto;width:65%\"><br clear=\"all\">\n<img decoding=\"async\" src=\"\/wordp\/wp-content\/uploads\/2024\/12\/logoVD.jpg\" style=\"display:block;margin-left:auto;margin-right:auto;width:12%\"><br clear=\"all\">\n<img decoding=\"async\" src=\"\/wordp\/wp-content\/uploads\/2024\/12\/Logo_DAM_CMYK_mitClaim.png\" style=\"display:block;margin-left:auto;margin-right:auto;width:60%\"><br clear=\"all\">\n<img decoding=\"async\" src=\"\/wordp\/wp-content\/uploads\/2024\/12\/logo-enf-def2.png\" style=\"display:block;margin-left:auto;margin-right:auto;width:60%\"><br clear=\"all\">\n<img decoding=\"async\" src=\"\/wordp\/wp-content\/uploads\/2024\/12\/logo_kreis_verlauf_neg_f_cmyk.png\" style=\"display:block;margin-left:auto;margin-right:auto;width:30%\">\n<\/p>\n<\/div><\/div>\n<\/div>\n<\/div>\n\n\n\n<p><\/p>\n","protected":false},"excerpt":{"rendered":"<p>Les Centres a\u00e9r\u00e9s proposent, durant les deux derni\u00e8res semaines des vacances d&rsquo;\u00e9t\u00e9, des loisirs \u00e0 la journ\u00e9e aux enfants et adolescents avec une d\u00e9ficience intellectuelle. Les Centres a\u00e9r\u00e9s ont lieu \u00e0 Lausanne, Yverdon et Nyon. Les formulaires d\u2019inscription sont envoy\u00e9s aux familles et aux \u00e9coles sp\u00e9cialis\u00e9es. Nous prenons les inscriptions par ordre d\u2019arriv\u00e9e et cette [&hellip;]<\/p>\n","protected":false},"author":1,"featured_media":0,"parent":0,"menu_order":0,"comment_status":"closed","ping_status":"closed","template":"","meta":{"footnotes":""},"class_list":["post-28942","page","type-page","status-publish","hentry"],"_links":{"self":[{"href":"https:\/\/solidarite-handicap.ch\/wordp\/wp-json\/wp\/v2\/pages\/28942","targetHints":{"allow":["GET"]}}],"collection":[{"href":"https:\/\/solidarite-handicap.ch\/wordp\/wp-json\/wp\/v2\/pages"}],"about":[{"href":"https:\/\/solidarite-handicap.ch\/wordp\/wp-json\/wp\/v2\/types\/page"}],"author":[{"embeddable":true,"href":"https:\/\/solidarite-handicap.ch\/wordp\/wp-json\/wp\/v2\/users\/1"}],"replies":[{"embeddable":true,"href":"https:\/\/solidarite-handicap.ch\/wordp\/wp-json\/wp\/v2\/comments?post=28942"}],"version-history":[{"count":64,"href":"https:\/\/solidarite-handicap.ch\/wordp\/wp-json\/wp\/v2\/pages\/28942\/revisions"}],"predecessor-version":[{"id":32536,"href":"https:\/\/solidarite-handicap.ch\/wordp\/wp-json\/wp\/v2\/pages\/28942\/revisions\/32536"}],"wp:attachment":[{"href":"https:\/\/solidarite-handicap.ch\/wordp\/wp-json\/wp\/v2\/media?parent=28942"}],"curies":[{"name":"wp","href":"https:\/\/api.w.org\/{rel}","templated":true}]}}