{"id":29220,"date":"2020-12-01T15:31:05","date_gmt":"2020-12-01T14:31:05","guid":{"rendered":"http:\/\/solidarite-handicap.ch\/wordp\/?page_id=29220"},"modified":"2024-09-19T16:15:48","modified_gmt":"2024-09-19T14:15:48","slug":"espace-libre","status":"publish","type":"page","link":"https:\/\/solidarite-handicap.ch\/wordp\/espace-libre\/","title":{"rendered":"Espace Libre"},"content":{"rendered":"\n<div class=\"wp-block-columns is-layout-flex wp-container-core-columns-is-layout-28f84493 wp-block-columns-is-layout-flex\">\n<div class=\"wp-block-column is-layout-flow wp-block-column-is-layout-flow\" style=\"flex-basis:60%\">\n<p class=\"has-drop-cap\" style=\"text-align: justify;\">Il est non seulement co\u00fbteux, mais tr\u00e8s difficile d\u2019organiser des loisirs adapt\u00e9s aux personnes les plus s\u00e9v\u00e8rement handicap\u00e9es. Pour des questions de barri\u00e8res architecturales, de probl\u00e8mes de comportement ou de grand \u00e2ge, le choix est plus restreint et toute activit\u00e9 exige un nombre suffisant d\u2019accompagnantes et d\u2019accompagnants.<br>\nSolidarit\u00e9-Handicap mental propose depuis 2003, des samedis apr\u00e8s-midis de loisirs pour les personnes les plus d\u00e9pendantes. Diff\u00e9rentes activit\u00e9s sont propos\u00e9es par petits groupes (bains thermaux, excursions, spectacles), avec un accompagnement individualis\u00e9. Les personnes en situation de handicap sont cherch\u00e9es et ramen\u00e9es directement chez elles, que ce soit dans leur famille ou leur institution.<\/p>\n\n\n\n<p>Les inscriptions se font chaque ann\u00e9e au mois de septembre pour l&rsquo;ann\u00e9e scolaire.<\/p>\n\n\n\n<div class=\"wp-block-buttons is-layout-flex wp-block-buttons-is-layout-flex\">\n<div class=\"wp-block-button\"><a class=\"wp-block-button__link has-white-color has-vivid-purple-background-color has-text-color has-background\" href=\"https:\/\/solidarite-handicap.ch\/wordp\/liste-des-cours-fcpa\/inscription-aux-cours-fcpa-2\/\" style=\"border-radius:6px\">S&rsquo;inscrire \u00e0 l&rsquo;Espace Libre<\/a><\/div>\n<\/div>\n\n\n\n<p><p><a href=\"tel:+41216482582\"><img loading=\"lazy\" decoding=\"async\" class=\"wp-image-30335 alignleft\" src=\"\/wordp\/wp-content\/uploads\/2024\/09\/question.jpg\" alt=\"\" width=\"100\" height=\"100\"><\/a>\nEn cas de question, n&rsquo;h\u00e9sitez pas \u00e0 nous appeler au<br><strong><a href=\"tel:+41216482582\">021 648 25 82<\/a><\/strong> ou nous contacter par <strong><a href=\"mailto:shm@solidarite-handicap.ch\">email<\/a><\/strong><\/p>\n<br clear=\"all\"\/>\n<p><a href=\"\/wordp\/contact\/demande-pour-recevoir-les-programmes-dactivite\/\"><img loading=\"lazy\" decoding=\"async\" class=\"wp-image-30335 alignleft\" src=\"\/wordp\/wp-content\/uploads\/2024\/09\/info.jpg\" alt=\"\" width=\"100\" height=\"100\"><\/a><\/p>Je souhaite <strong><a href=\"\/wordp\/contact\/demande-pour-recevoir-les-programmes-dactivite\/\">recevoir le programme<\/a><\/strong><\/p>\n<\/div>\n\n\n\n<div class=\"wp-block-column is-layout-flow wp-block-column-is-layout-flow\">\n<div class=\"wp-block-group\"><div class=\"wp-block-group__inner-container is-layout-flow wp-block-group-is-layout-flow\">\n<div class=\"wp-block-group has-background\" style=\"background-color:#eddcf6\"><div class=\"wp-block-group__inner-container is-layout-flow wp-block-group-is-layout-flow\">\n<p class=\"has-medium-font-size\"><strong>Espace Libre Bains thermaux<\/strong><\/p>\n\n\n\n<p>De novembre \u00e0 f\u00e9vrier, 4 sorties aux bains en petit groupe.<\/p>\n\n\n\n<figure class=\"wp-block-image size-large is-resized\"><img decoding=\"async\" src=\"\/wordp\/wp-content\/uploads\/2024\/09\/cressy.jpg\" alt=\"\" class=\"wp-image-29658\" width=\"364\"\/><\/figure>\n\n\n\n<p class=\"has-medium-font-size\"><strong>Espace Libre D\u00e9couverte<\/strong><\/p>\n\n\n\n<p>De d\u00e9cembre \u00e0 mars ou de mars \u00e0 juin, 4 sorties plaisir, selon les int\u00e9r\u00eats des participant\u00b7e\u00b7s: d\u00e9couverte du terroir, sortie en bateau ou encore brandons.<\/p>\n\n\n\n<figure class=\"wp-block-image size-large is-resized\"><img decoding=\"async\" src=\"\/wordp\/wp-content\/uploads\/2024\/09\/bateau.jpg\" alt=\"\" class=\"wp-image-29657\" width=\"364\"\/><\/figure>\n<\/div><\/div>\n\n\n\n<p><\/p>\n<\/div><\/div>\n<\/div>\n<\/div>\n\n\n\n<p><\/p>\n","protected":false},"excerpt":{"rendered":"<p>Il est non seulement co\u00fbteux, mais tr\u00e8s difficile d\u2019organiser des loisirs adapt\u00e9s aux personnes les plus s\u00e9v\u00e8rement handicap\u00e9es. Pour des questions de barri\u00e8res architecturales, de probl\u00e8mes de comportement ou de grand \u00e2ge, le choix est plus restreint et toute activit\u00e9 exige un nombre suffisant d\u2019accompagnantes et d\u2019accompagnants. Solidarit\u00e9-Handicap mental propose depuis 2003, des samedis apr\u00e8s-midis [&hellip;]<\/p>\n","protected":false},"author":1,"featured_media":0,"parent":0,"menu_order":0,"comment_status":"closed","ping_status":"closed","template":"","meta":{"footnotes":""},"class_list":["post-29220","page","type-page","status-publish","hentry"],"_links":{"self":[{"href":"https:\/\/solidarite-handicap.ch\/wordp\/wp-json\/wp\/v2\/pages\/29220","targetHints":{"allow":["GET"]}}],"collection":[{"href":"https:\/\/solidarite-handicap.ch\/wordp\/wp-json\/wp\/v2\/pages"}],"about":[{"href":"https:\/\/solidarite-handicap.ch\/wordp\/wp-json\/wp\/v2\/types\/page"}],"author":[{"embeddable":true,"href":"https:\/\/solidarite-handicap.ch\/wordp\/wp-json\/wp\/v2\/users\/1"}],"replies":[{"embeddable":true,"href":"https:\/\/solidarite-handicap.ch\/wordp\/wp-json\/wp\/v2\/comments?post=29220"}],"version-history":[{"count":24,"href":"https:\/\/solidarite-handicap.ch\/wordp\/wp-json\/wp\/v2\/pages\/29220\/revisions"}],"predecessor-version":[{"id":32105,"href":"https:\/\/solidarite-handicap.ch\/wordp\/wp-json\/wp\/v2\/pages\/29220\/revisions\/32105"}],"wp:attachment":[{"href":"https:\/\/solidarite-handicap.ch\/wordp\/wp-json\/wp\/v2\/media?parent=29220"}],"curies":[{"name":"wp","href":"https:\/\/api.w.org\/{rel}","templated":true}]}}