{"id":29283,"date":"2020-12-03T09:06:51","date_gmt":"2020-12-03T08:06:51","guid":{"rendered":"http:\/\/solidarite-handicap.ch\/wordp\/?page_id=29283"},"modified":"2024-09-19T11:23:24","modified_gmt":"2024-09-19T09:23:24","slug":"droits","status":"publish","type":"page","link":"https:\/\/solidarite-handicap.ch\/wordp\/droits\/","title":{"rendered":"D\u00e9fense des droits"},"content":{"rendered":"\n<p>Solidarit\u00e9-Handicap mental d\u00e9fend les droits des personnes en situation de handicap depuis plus de trente ans. Ce volet de notre activit\u00e9 se d\u00e9cline comme suit&nbsp;:<\/p>\n\n\n\n<p><strong>Permanence Porte-Voix<\/strong><br>La Permanence Porte-Voix s\u2019adresse \u00e0 toute personne pr\u00e9sentant une d\u00e9ficience intellectuelle et aux proches. Elle a pour but de soutenir l\u2019individu dans l\u2019expression de ses choix, de ses revendications, de ses pr\u00e9f\u00e9rences et de ses droits. La Permanence l\u2019accompagne dans les d\u00e9marches appropri\u00e9es n\u00e9cessaires \u2013 courriers, rencontres avec le milieu institutionnel ou les Justices de Paix. L\u2019objectif est de s\u2019assurer que la personne soit entendue et comprise, qu\u2019il y ait une suite \u00e0 ses demandes. La Permanence est ouverte du lundi au jeudi, sur rendez-vous.<\/p>\n\n\n\n<p><\/p>\n\n\n\n<p>Vous trouverez sur<a href=\"\/wordp\/historique-de-lassociation\"> la page de l&rsquo;histoire de l&rsquo;association<\/a> diff\u00e9rents exemples de combats men\u00e9s par l&rsquo;association dans les domaine des droits.<\/p>\n\n\n\n<p><p><img loading=\"lazy\" decoding=\"async\" class=\"wp-image-30335 alignleft\" src=\"\/wordp\/wp-content\/uploads\/2024\/09\/question.jpg\" alt=\"\" width=\"100\" height=\"100\"><\/p>\n<p>En cas de question, n&rsquo;h\u00e9sitez pas \u00e0 nous appeler au<br><strong><a href=\"tel:+41216482582\">021 648 25 82<\/a><\/strong> ou nous contacter par <strong><a href=\"mailto:shm@solidarite-handicap.ch\">email<\/a><\/strong><\/p><\/p>\n","protected":false},"excerpt":{"rendered":"<p>Solidarit\u00e9-Handicap mental d\u00e9fend les droits des personnes en situation de handicap depuis plus de trente ans. Ce volet de notre activit\u00e9 se d\u00e9cline comme suit&nbsp;: Permanence Porte-VoixLa Permanence Porte-Voix s\u2019adresse \u00e0 toute personne pr\u00e9sentant une d\u00e9ficience intellectuelle et aux proches. Elle a pour but de soutenir l\u2019individu dans l\u2019expression de ses choix, de ses revendications, [&hellip;]<\/p>\n","protected":false},"author":1,"featured_media":0,"parent":0,"menu_order":0,"comment_status":"closed","ping_status":"closed","template":"","meta":{"footnotes":""},"class_list":["post-29283","page","type-page","status-publish","hentry"],"_links":{"self":[{"href":"https:\/\/solidarite-handicap.ch\/wordp\/wp-json\/wp\/v2\/pages\/29283","targetHints":{"allow":["GET"]}}],"collection":[{"href":"https:\/\/solidarite-handicap.ch\/wordp\/wp-json\/wp\/v2\/pages"}],"about":[{"href":"https:\/\/solidarite-handicap.ch\/wordp\/wp-json\/wp\/v2\/types\/page"}],"author":[{"embeddable":true,"href":"https:\/\/solidarite-handicap.ch\/wordp\/wp-json\/wp\/v2\/users\/1"}],"replies":[{"embeddable":true,"href":"https:\/\/solidarite-handicap.ch\/wordp\/wp-json\/wp\/v2\/comments?post=29283"}],"version-history":[{"count":7,"href":"https:\/\/solidarite-handicap.ch\/wordp\/wp-json\/wp\/v2\/pages\/29283\/revisions"}],"predecessor-version":[{"id":32059,"href":"https:\/\/solidarite-handicap.ch\/wordp\/wp-json\/wp\/v2\/pages\/29283\/revisions\/32059"}],"wp:attachment":[{"href":"https:\/\/solidarite-handicap.ch\/wordp\/wp-json\/wp\/v2\/media?parent=29283"}],"curies":[{"name":"wp","href":"https:\/\/api.w.org\/{rel}","templated":true}]}}