{"id":29329,"date":"2020-12-03T11:34:44","date_gmt":"2020-12-03T10:34:44","guid":{"rendered":"http:\/\/solidarite-handicap.ch\/wordp\/?page_id=29329"},"modified":"2020-12-03T11:39:29","modified_gmt":"2020-12-03T10:39:29","slug":"historique-de-lassociation","status":"publish","type":"page","link":"https:\/\/solidarite-handicap.ch\/wordp\/contact\/historique-de-lassociation\/","title":{"rendered":"Historique de l&rsquo;association"},"content":{"rendered":"\n<p><img loading=\"lazy\" decoding=\"async\" src=\"\" width=\"83\" height=\"62\"><strong>1959<\/strong>&nbsp;:&nbsp; &nbsp;&nbsp;&nbsp; Cr\u00e9ation de l\u2019\u00ab&nbsp;&nbsp;Association Suisse d\u2019Aide aux handicap\u00e9s mentaux \u2013 <strong>section vaudoise<\/strong>&nbsp;\u00bb (<strong>ASA-Vaud<\/strong>)<\/p>\n\n\n\n<p><strong>1960 &nbsp;&nbsp;&nbsp;&nbsp; <\/strong>Cr\u00e9ation et gestion des <strong>\u00e9coles ASA<\/strong> pour enfants mentalement handicap\u00e9s \u00e0 Lausanne, Aigle, Vevey, Yverdon, Payerne, reprises ensuite par la <strong>Fondation de Verdeil<\/strong><\/p>\n\n\n\n<p><strong>1985&nbsp;&nbsp;&nbsp;&nbsp; <\/strong>Cr\u00e9ation du <strong>Service Educatif Itin\u00e9rant<\/strong><\/p>\n\n\n\n<p><strong>1986<\/strong>&nbsp;&nbsp;&nbsp;&nbsp;&nbsp;&nbsp; Cr\u00e9ation du <strong>Centre de formation continue pour adultes mentalement handicap\u00e9s <\/strong>(Centre FCPA)<\/p>\n\n\n\n<p><strong>1988<\/strong>&nbsp;&nbsp;&nbsp;&nbsp;&nbsp;&nbsp; Edition du <strong>Guide-Vacances<\/strong> romand \u00e0 l\u2019attention des enfants et des adultes handicap\u00e9s<\/p>\n\n\n\n<p><strong>1989<\/strong>&nbsp;&nbsp;&nbsp;&nbsp;&nbsp;&nbsp; Cr\u00e9ation des <strong>Centres a\u00e9r\u00e9s <\/strong>pour enfants handicap\u00e9s<\/p>\n\n\n\n<p><strong>1991<\/strong>&nbsp;&nbsp;&nbsp;&nbsp;&nbsp;&nbsp; Cr\u00e9ation du <strong>Service de transports<\/strong> pour les adultes handicap\u00e9s de la r\u00e9gion morgienne fr\u00e9quentant les cours du Centre FCPA<\/p>\n\n\n\n<p><img loading=\"lazy\" decoding=\"async\" src=\"\" width=\"85\" height=\"80\"><strong>1994&nbsp;&nbsp;&nbsp;&nbsp; <\/strong><strong>En premi\u00e8re suisse<\/strong>&nbsp;: <strong>congr\u00e8s<\/strong> organis\u00e9 \u00e0 Lausanne en collaboration avec des personnes mentalement handicap\u00e9es sur le th\u00e8me \u00ab&nbsp;Etre adulte, \u00e7a veut dire quoi, \u00e7a sert \u00e0 quoi&nbsp;?&nbsp;\u00bb<\/p>\n\n\n\n<p>&nbsp;&nbsp;&nbsp;&nbsp;&nbsp;&nbsp;&nbsp;&nbsp;&nbsp;&nbsp;&nbsp;&nbsp;&nbsp;&nbsp;&nbsp; (200 participants) \u2013 <strong>publication des actes<\/strong><\/p>\n\n\n\n<p>&nbsp;&nbsp;&nbsp;&nbsp;&nbsp;&nbsp;&nbsp;&nbsp;&nbsp;&nbsp;&nbsp;&nbsp;&nbsp;&nbsp;&nbsp; L\u2019ASA \u2013 Vaud devient Solidarit\u00e9-Handicap mental<\/p>\n\n\n\n<p>&nbsp;&nbsp;&nbsp;&nbsp;&nbsp;&nbsp;&nbsp;&nbsp;&nbsp;&nbsp;&nbsp;&nbsp;&nbsp;&nbsp;&nbsp; <strong>Election<\/strong> de personnes avec une d\u00e9ficience mentale au comit\u00e9 de l\u2019association<\/p>\n\n\n\n<p><strong>1995<\/strong>&nbsp;&nbsp;&nbsp;&nbsp;&nbsp;&nbsp; Cr\u00e9ation de la <strong>permanence Porte-Voix<\/strong><\/p>\n\n\n\n<p>&nbsp;&nbsp;&nbsp;&nbsp;&nbsp;&nbsp;&nbsp;&nbsp;&nbsp;&nbsp;&nbsp;&nbsp;&nbsp;&nbsp;&nbsp; Cr\u00e9ation du <strong>groupe de vigilance contre la maltraitance <\/strong>des personnes handicap\u00e9es<\/p>\n\n\n\n<p>&nbsp;&nbsp;&nbsp;&nbsp;&nbsp;&nbsp;&nbsp;&nbsp;&nbsp;&nbsp;&nbsp;&nbsp;&nbsp;&nbsp;&nbsp; Lancement d\u2019une <strong>p\u00e9tition nationale<\/strong> sur le droit aux vacances des personnes handicap\u00e9es<\/p>\n\n\n\n<p><strong>1996<\/strong>&nbsp;&nbsp;&nbsp;&nbsp;&nbsp;&nbsp; Cr\u00e9ation du <strong>Groupe de Parents Actifs<\/strong><\/p>\n\n\n\n<p><strong>1997<\/strong>&nbsp;&nbsp;&nbsp;&nbsp;&nbsp;&nbsp; Cr\u00e9ation de la <strong>F\u00e9d\u00e9ration romande la Personne d\u2019Abord <\/strong>en vue de promouvoir le droit \u00e0 l\u2019autod\u00e9termination des personnes handicap\u00e9es <strong>(F.R.P.A.)<\/strong><\/p>\n\n\n\n<p>&nbsp;&nbsp;&nbsp;&nbsp;&nbsp;&nbsp;&nbsp;&nbsp;&nbsp;&nbsp;&nbsp;&nbsp;&nbsp;&nbsp;&nbsp; Cr\u00e9ation du <strong>Club-D\u00e9couverte<\/strong> pour adolescents avec une d\u00e9ficience intellectuelle<\/p>\n\n\n\n<p>&nbsp;&nbsp;&nbsp;&nbsp;&nbsp;&nbsp;&nbsp;&nbsp;&nbsp;&nbsp;&nbsp;&nbsp;&nbsp;&nbsp;&nbsp; Organisation d\u2019un congr\u00e8s romand sur la <strong>4<sup>\u00e8me<\/sup> r\u00e9vision de l\u2019assurance-invalidit\u00e9<\/strong><\/p>\n\n\n\n<p><strong>1998<\/strong>&nbsp;&nbsp;&nbsp;&nbsp;&nbsp;&nbsp; Participation au groupe de soutien \u00e0 l\u2019OFAS pour la <strong>r\u00e9vision de l\u2019art. 74 LAI<\/strong><\/p>\n\n\n\n<p><strong>1999<\/strong>&nbsp;&nbsp;&nbsp;&nbsp;&nbsp;&nbsp; Organisation du <strong>2<sup>\u00e8me<\/sup> congr\u00e8s<\/strong> anim\u00e9 par des personnes handicap\u00e9es sur le dialogue entre professionnels et personnes handicap\u00e9es, en partenariat avec Procap Suisse \u2013 <strong>publication des actes<\/strong><\/p>\n\n\n\n<p><strong>2000<\/strong>&nbsp;&nbsp;&nbsp;&nbsp;&nbsp;&nbsp; <strong>Reconnaissance par l\u2019OFAS<\/strong> de la F\u00e9d\u00e9ration Romande la Personne d\u2019Abord (F.R.P.A.) en tant qu\u2019association fa\u00eeti\u00e8re r\u00e9gionale<\/p>\n\n\n\n<p><img loading=\"lazy\" decoding=\"async\" src=\"\" width=\"67\" height=\"52\">&nbsp;&nbsp;&nbsp;&nbsp;&nbsp;&nbsp;&nbsp;&nbsp;&nbsp;&nbsp;&nbsp;&nbsp;&nbsp;&nbsp;&nbsp; Campagne de presse sur <strong>la maltraitance<\/strong> envers les personnes handicap\u00e9es<\/p>\n\n\n\n<p>&nbsp;&nbsp;&nbsp;&nbsp;&nbsp;&nbsp;&nbsp;&nbsp;&nbsp;&nbsp;&nbsp;&nbsp;&nbsp;&nbsp;&nbsp; Lancement du journal \u00ab&nbsp;<strong>INFO-Autod\u00e9termination&nbsp;<\/strong>\u00bb<\/p>\n\n\n\n<p><strong>2001&nbsp;&nbsp;&nbsp;&nbsp; <\/strong>Organisation de la <strong>marche en noir contre la contention <\/strong>des personnes<\/p>\n\n\n\n<p><strong>&nbsp;&nbsp;&nbsp;&nbsp;&nbsp;&nbsp;&nbsp;&nbsp;&nbsp;&nbsp;&nbsp; <\/strong>handicap\u00e9es mentales en institution<\/p>\n\n\n\n<p>&nbsp;&nbsp;&nbsp;&nbsp;&nbsp;&nbsp;&nbsp;&nbsp;&nbsp;&nbsp;&nbsp;&nbsp;&nbsp;&nbsp;&nbsp; Participation \u00e0 <strong>l\u2019ouvrage collectif<\/strong>&nbsp;: \u00ab&nbsp;<strong>Une nouvelle approche de la diff\u00e9rence <\/strong>; comment repenser le handicap&nbsp;\u00bb &#8211; r\u00e9daction du chapitre sur l\u2019autod\u00e9termination des personnes mentalement handicap\u00e9es<\/p>\n\n\n\n<p>Nomination \u00e0 la <strong>Commission des travailleurs handicap\u00e9s<\/strong> de l\u2019Esp\u00e9rance<\/p>\n\n\n\n<p>&nbsp;&nbsp;&nbsp;&nbsp;&nbsp;&nbsp;&nbsp;&nbsp;&nbsp;&nbsp;&nbsp;&nbsp;&nbsp; Premi\u00e8re exp\u00e9rience d\u2019<strong>int\u00e9gration d\u2019enfants handicap\u00e9s<\/strong> dans le cadre du Centre a\u00e9r\u00e9 de la Ville de Lausanne<\/p>\n\n\n\n<p>&nbsp;&nbsp;&nbsp;&nbsp;&nbsp;&nbsp;&nbsp;&nbsp;&nbsp;&nbsp;&nbsp;&nbsp;&nbsp; Manifestations avec la F.R.P.A contre <strong>le manque d\u2019accessibilit\u00e9 des bancomat et postomat<\/strong><\/p>\n\n\n\n<p><strong>2002<\/strong>&nbsp;&nbsp;&nbsp;&nbsp; Lancement d\u2019une <strong>p\u00e9tition cantonale contre la contention en institution<\/strong><\/p>\n\n\n\n<p>&nbsp;&nbsp;&nbsp;&nbsp;&nbsp;&nbsp;&nbsp;&nbsp;&nbsp;&nbsp;&nbsp;&nbsp;&nbsp; <strong>Cours<\/strong> <strong>donn\u00e9s par les personnes handicap\u00e9es<\/strong> du comit\u00e9 de SHM sur le droit \u00e0 l\u2019autod\u00e9termination et sur la citoyennet\u00e9 dans diff\u00e9rentes \u00e9coles sociales et institutions romandes<\/p>\n\n\n\n<p>&nbsp;&nbsp;&nbsp;&nbsp;&nbsp;&nbsp;&nbsp;&nbsp;&nbsp;&nbsp;&nbsp;&nbsp;&nbsp; <strong>Manifestation \u00e0 l\u2019OFAS<\/strong> de parents et d\u2019enfants handicap\u00e9s pour d\u00e9fendre le subventionnement des centres a\u00e9r\u00e9s organis\u00e9s par les associations membres de la F.R.P.A<\/p>\n\n\n\n<p><img loading=\"lazy\" decoding=\"async\" src=\"\" width=\"87\" height=\"36\">&nbsp;&nbsp;&nbsp;&nbsp;&nbsp;&nbsp;&nbsp;&nbsp;&nbsp;&nbsp;&nbsp;&nbsp;&nbsp; <strong>Action transports<\/strong> pour d\u00e9fendre le droit des personnes handicap\u00e9es vivant<\/p>\n\n\n\n<p><strong>&nbsp;&nbsp;&nbsp;&nbsp;&nbsp;&nbsp;&nbsp;&nbsp;&nbsp;&nbsp; <\/strong>dans les institutions lausannoises \u00e0 b\u00e9n\u00e9ficier des bons de transport<\/p>\n\n\n\n<p><strong>2003&nbsp;&nbsp;&nbsp; <\/strong>Remise au Grand Conseil vaudois de <strong>5&rsquo;582 signatures<\/strong> contre les mesures de contrainte<\/p>\n\n\n\n<p>&nbsp;&nbsp;&nbsp;&nbsp;&nbsp;&nbsp;&nbsp;&nbsp;&nbsp;&nbsp;&nbsp;&nbsp;&nbsp; Cr\u00e9ation des <strong>Espaces libres&nbsp;<\/strong>: loisirs pour adultes polyhandicap\u00e9s graves, atteints d\u2019autisme ou \u00e2g\u00e9<\/p>\n\n\n\n<p><strong>2004<\/strong>&nbsp;&nbsp;&nbsp;&nbsp; Participation \u00e0 l\u2019\u00e9mission <strong>\u00ab&nbsp;Mise au point&nbsp;\u00bb<\/strong> sur la maltraitance des personnes handicap\u00e9es en institution<\/p>\n\n\n\n<p><img loading=\"lazy\" decoding=\"async\" src=\"\" width=\"63\" height=\"60\">&nbsp;&nbsp;&nbsp;&nbsp;&nbsp;&nbsp;&nbsp;&nbsp;&nbsp;&nbsp;&nbsp;&nbsp;&nbsp; Soutien aux collaborateurs de diverses institutions d\u00e9non\u00e7ant des pratiques maltraitantes et <strong>participation aux enqu\u00eates administratives<\/strong> mandat\u00e9es par le canton sur deux institutions vaudoises<\/p>\n\n\n\n<p>&nbsp;&nbsp;&nbsp;&nbsp;&nbsp;&nbsp;&nbsp;&nbsp;&nbsp;&nbsp;&nbsp;&nbsp;&nbsp; Nomination \u00e0 la <strong>Commission d\u2019\u00e9thique et de d\u00e9ontologie <\/strong>des institutions vaudoises<\/p>\n\n\n\n<p>&nbsp;&nbsp;&nbsp;&nbsp;&nbsp;&nbsp;&nbsp;&nbsp;&nbsp;&nbsp;&nbsp;&nbsp;&nbsp; Cr\u00e9ation des <strong>Centres a\u00e9r\u00e9s TEACCH<\/strong> pour enfants et adolescents avec autisme<\/p>\n\n\n\n<p><strong>2005<\/strong>&nbsp;&nbsp;&nbsp;&nbsp; Obtention des <strong>directives sur les mesures de contrainte<\/strong> dans les institutions socio-\u00e9ducatives vaudoises<\/p>\n\n\n\n<p>&nbsp;&nbsp;&nbsp;&nbsp;&nbsp;&nbsp;&nbsp;&nbsp;&nbsp;&nbsp;&nbsp;&nbsp;&nbsp; Participation \u00e0 la <strong>Commission pour l\u2019int\u00e9gration<\/strong> des enfants handicap\u00e9s dans les structures de loisirs de la Ville de Lausanne<\/p>\n\n\n\n<p>&nbsp;&nbsp;&nbsp;&nbsp;&nbsp;&nbsp;&nbsp;&nbsp;&nbsp;&nbsp;&nbsp;&nbsp;&nbsp; Conf\u00e9rence sur le th\u00e8me&nbsp;: \u00ab&nbsp;<strong>Comment rester bienveillant<\/strong> avec des personnes qui ont des troubles du comportement&nbsp;\u00bb<\/p>\n\n\n\n<p><strong>2006<\/strong>&nbsp;&nbsp;&nbsp;&nbsp; Lancement du <strong>Projet-pilote<\/strong> pour une prise en charge adapt\u00e9e des personnes avec troubles du comportement<\/p>\n\n\n\n<p><strong>&nbsp;&nbsp;&nbsp;&nbsp;&nbsp;&nbsp;&nbsp;&nbsp;&nbsp;&nbsp; Mandat de suivi des mesures de contraintes<\/strong> confi\u00e9 \u00e0 SHM<\/p>\n\n\n\n<p>&nbsp;&nbsp;&nbsp;&nbsp;&nbsp;&nbsp;&nbsp;&nbsp;&nbsp;&nbsp;&nbsp;&nbsp;&nbsp; Organisation d\u2019un symposium <strong>sur le discernement et les mesures tut\u00e9laires<\/strong> vus par les personnes concern\u00e9es, dans le cadre du congr\u00e8s de l\u2019AIRHM<\/p>\n\n\n\n<p><img loading=\"lazy\" decoding=\"async\" src=\"\" width=\"68\" height=\"70\"><strong>2007<\/strong>&nbsp;&nbsp;&nbsp;&nbsp; R\u00e9alisation et production d\u2019un <strong>film sur le Centre FCPA<\/strong><\/p>\n\n\n\n<p>&nbsp;&nbsp;&nbsp;&nbsp;&nbsp;&nbsp;&nbsp;&nbsp;&nbsp;&nbsp;&nbsp;&nbsp;&nbsp; Participation au Comit\u00e9 de pilotage de la <strong>mise en \u0153uvre de la RPT<\/strong><\/p>\n\n\n\n<p>&nbsp;&nbsp;&nbsp;&nbsp;&nbsp;&nbsp;&nbsp;&nbsp;&nbsp;&nbsp;&nbsp;&nbsp;&nbsp; SHM accepte le d\u00e9fi d\u2019ouvrir <strong>une maison pour adultes souffrant de graves troubles<\/strong><\/p>\n\n\n\n<p>&nbsp;&nbsp;&nbsp;&nbsp;&nbsp;&nbsp;&nbsp;&nbsp;&nbsp;&nbsp;&nbsp;&nbsp;&nbsp; <strong>du comportement<\/strong> et ayant subi des mesures de contraintes<\/p>\n\n\n\n<p><strong>2008<\/strong>&nbsp;&nbsp;&nbsp;&nbsp; SHM prend la <strong>responsabilit\u00e9 \u00e9ducative<\/strong> de la prise en charge d\u2019une jeune femme accueillie par la Fondation de Vernand dans le cadre d\u2019un projet pilote<\/p>\n\n\n\n<p><strong>2009&nbsp;&nbsp;&nbsp; <\/strong>Colloque \u00ab&nbsp;<strong>Urgent Besoin&nbsp;<\/strong>\u00bb organis\u00e9 dans le cadre de Forum Handicap Vaud \u00e0 l\u2019Universit\u00e9 de Lausanne pour permettre aux personnes en situation de handicap d\u2019exprimer leurs besoins<\/p>\n\n\n\n<p><strong>&nbsp;&nbsp;&nbsp;&nbsp;&nbsp;&nbsp;&nbsp;&nbsp;&nbsp;&nbsp; <\/strong><strong>Ouverture de la Maison de Trey<\/strong> et accueil des deux premiers habitants<\/p>\n\n\n\n<p><img loading=\"lazy\" decoding=\"async\" src=\"\" width=\"66\" height=\"50\"><strong>2010<\/strong>&nbsp;&nbsp;&nbsp;&nbsp; <strong>Inauguration<\/strong> de la Maison de Trey, qui est au complet depuis le mois de mars<\/p>\n\n\n\n<p><strong>2011&nbsp;&nbsp;&nbsp; <\/strong>Lancement du<strong> P\u2019tit Journal&nbsp;&nbsp;&nbsp;&nbsp;&nbsp;&nbsp;&nbsp;&nbsp;&nbsp;&nbsp;&nbsp;&nbsp;&nbsp;&nbsp;&nbsp;&nbsp;&nbsp;&nbsp;&nbsp;&nbsp;&nbsp;&nbsp;&nbsp;&nbsp;&nbsp;&nbsp;&nbsp;&nbsp;&nbsp;&nbsp;&nbsp;&nbsp;&nbsp;&nbsp;&nbsp;&nbsp;&nbsp;&nbsp;&nbsp;&nbsp;&nbsp;&nbsp;&nbsp;&nbsp;&nbsp;&nbsp;&nbsp;&nbsp;&nbsp;&nbsp;&nbsp;&nbsp;&nbsp;&nbsp;&nbsp;&nbsp;&nbsp;&nbsp;<\/strong><\/p>\n\n\n\n<p>&nbsp;&nbsp;&nbsp;&nbsp;&nbsp;&nbsp;&nbsp;&nbsp; Participation au groupe<strong> UTOPIA <\/strong>pour l\u2019organisation de journ\u00e9es cliniques et scientifiques<\/p>\n\n\n\n<p><strong>2012&nbsp;&nbsp;&nbsp; Lancement des Caf\u00e9s Citoyens<\/strong> dans le cadre de Forum Handicap Vaud<\/p>\n\n\n\n<p>&nbsp;&nbsp;&nbsp;&nbsp;&nbsp;&nbsp;&nbsp;&nbsp;&nbsp;&nbsp;&nbsp;&nbsp;&nbsp; Cr\u00e9ation de notre <strong>site internet<\/strong><\/p>\n\n\n\n<p>&nbsp;&nbsp;&nbsp;&nbsp;&nbsp;&nbsp;&nbsp;&nbsp;&nbsp;&nbsp;&nbsp;&nbsp;&nbsp; Avec la F.R.P.A, <strong>contestation<\/strong> de la volont\u00e9 \u00e0 l\u2019OFAS de ficher les utilisateurs de prestations associatives<\/p>\n\n\n\n<p>Ouverture d\u2019un <strong>centre a\u00e9r\u00e9 \u00e0 Yverdon<\/strong><\/p>\n\n\n\n<p><img loading=\"lazy\" decoding=\"async\" src=\"\" width=\"45\" height=\"62\"><strong>2013&nbsp;&nbsp;&nbsp; Engagement de quatre collaborateurs avec une d\u00e9ficience mentale, <\/strong>en tant qu\u2019assistants de cours, animateur Espace libre et intendant.<\/p>\n\n\n\n<p><strong>&nbsp;&nbsp;&nbsp;&nbsp;&nbsp;&nbsp;&nbsp;&nbsp;&nbsp;&nbsp; <\/strong>SHM assume la<strong> Pr\u00e9sidence de Forum Handicap Vaud<\/strong><\/p>\n\n\n\n<p><strong>2014&nbsp;&nbsp;&nbsp; <\/strong>Participation au<strong> congr\u00e8s de Cap-Contact sur l\u2019autod\u00e9termination<\/strong><\/p>\n\n\n\n<p><strong>&nbsp;&nbsp;&nbsp;&nbsp;&nbsp;&nbsp;&nbsp;&nbsp;&nbsp;&nbsp; R\u00e9alisation d\u2019un court m\u00e9trage <\/strong>sur le droit de vote des personnes avec une d\u00e9ficience mentale<\/p>\n\n\n\n<p><strong>&nbsp;&nbsp;&nbsp;&nbsp;&nbsp;&nbsp;&nbsp;&nbsp;&nbsp;&nbsp; Publication <\/strong>de l\u2019ouvrage collectif <strong>&nbsp;\u00ab&nbsp;Pour en finir avec les malheurs de Sophie&nbsp;\u00bb<\/strong><\/p>\n\n\n\n<p><strong>&nbsp;&nbsp;&nbsp;&nbsp;&nbsp;&nbsp;&nbsp;&nbsp;&nbsp;&nbsp; Passation de la Maison de Trey <\/strong>\u00e0 la Fondation de Vernand<\/p>\n\n\n\n<p><strong>&nbsp;&nbsp;&nbsp;&nbsp;&nbsp;&nbsp;&nbsp;&nbsp;&nbsp;&nbsp; Participation \u00e0 la soir\u00e9e \u00ab&nbsp;PechaKucha&nbsp;\u00bb <\/strong>organis\u00e9e par la Revue<strong> REISO<\/strong><\/p>\n\n\n\n<p><strong>2015&nbsp;&nbsp;&nbsp; Organisation de la Nuit de la formation <\/strong>pour f\u00eater<strong> les 30 ans du Centre FCPA <\/strong>et r\u00e9alisation<strong> d\u2019un court m\u00e9trage <\/strong>sur le th\u00e8me&nbsp;: \u00ab&nbsp;Apprendre&nbsp;: de l\u2019\u00e9cole \u00e0 la formation continue, des \u00e9tudiants prennent la parole&nbsp;\u00bb<\/p>\n\n\n\n<p>&nbsp;&nbsp;&nbsp;&nbsp;&nbsp;&nbsp;&nbsp;&nbsp;&nbsp;&nbsp;&nbsp;&nbsp;&nbsp; Dans le cadre de l\u2019ann\u00e9e anniversaire, lancement des <strong>Sorties culturelles<\/strong> du Centre FCPA<\/p>\n\n\n\n<p><strong>2016<\/strong>&nbsp;&nbsp;&nbsp;&nbsp; Reprise du <strong>Club-D\u00e9couvertes<\/strong> dans la r\u00e9gion de Gland (apr\u00e8s-midis scolaires pour quelques enfants)<\/p>\n\n\n\n<p><strong>&nbsp;&nbsp;&nbsp;&nbsp;&nbsp;&nbsp;&nbsp;&nbsp;&nbsp;&nbsp; <\/strong>Cr\u00e9ation des <strong>Journ\u00e9es culturelles d\u2019automne<\/strong><\/p>\n\n\n\n<p><strong>&nbsp;&nbsp;&nbsp;&nbsp;&nbsp;&nbsp;&nbsp;&nbsp;&nbsp;&nbsp; <\/strong>R\u00e9alisation et projection publique du <strong>film de promotion du Bureau cantonal de m\u00e9diation<\/strong><\/p>\n\n\n\n<p>&nbsp;&nbsp;&nbsp;&nbsp;&nbsp;&nbsp;&nbsp;&nbsp;&nbsp;&nbsp;&nbsp;&nbsp;&nbsp; <strong>Campagne de presse<\/strong> avec nos cartes postales&nbsp;: \u00ab&nbsp;Comment \u00e7a serait en Suisse, si on nous donnait la parole&nbsp;?&nbsp;\u00bb<\/p>\n\n\n\n<p><strong>2017<\/strong>&nbsp;&nbsp;&nbsp;&nbsp; Questionnaire r\u00e9alis\u00e9 par le Groupe Auto-d\u00e9termination et envoy\u00e9 <strong>aux candidats \u00e0 l\u2019\u00e9lection du Grand conseil vaudois<\/strong><\/p>\n\n\n\n<p>&nbsp;&nbsp;&nbsp;&nbsp;&nbsp;&nbsp;&nbsp;&nbsp;&nbsp;&nbsp;&nbsp; Cr\u00e9ation de la <strong>Commission sur la<\/strong> <strong>formation <\/strong>avec des \u00e9tudiants du Centre FCPA<strong><\/strong><\/p>\n\n\n\n<p><img loading=\"lazy\" decoding=\"async\" src=\"\" width=\"68\" height=\"39\">&nbsp;&nbsp;&nbsp;&nbsp;&nbsp;&nbsp;&nbsp;&nbsp;&nbsp;&nbsp;&nbsp; Lancement des <strong>stages de formation<\/strong><\/p>\n\n\n\n<p>&nbsp;&nbsp;&nbsp;&nbsp;&nbsp;&nbsp;&nbsp;&nbsp;&nbsp;&nbsp;&nbsp; R\u00e9alisation d\u2019un <strong>court m\u00e9trage<\/strong> sur trois femmes vivant dans des structures interm\u00e9diaires g\u00e9r\u00e9es par des ESE.<\/p>\n\n\n\n<p><strong>2018&nbsp;&nbsp;&nbsp; <\/strong>Participation au comit\u00e9 d\u2019organisation du <strong>1<sup>er<\/sup> Salon des vacances, sports et loisirs<\/strong>, pr\u00e9vu le 29 septembre 2019.<\/p>\n\n\n\n<p>En rouge&nbsp;: publications et prestations toujours existantes et g\u00e9r\u00e9es par SHM<\/p>\n","protected":false},"excerpt":{"rendered":"<p>1959&nbsp;:&nbsp; &nbsp;&nbsp;&nbsp; Cr\u00e9ation de l\u2019\u00ab&nbsp;&nbsp;Association Suisse d\u2019Aide aux handicap\u00e9s mentaux \u2013 section vaudoise&nbsp;\u00bb (ASA-Vaud) 1960 &nbsp;&nbsp;&nbsp;&nbsp; Cr\u00e9ation et gestion des \u00e9coles ASA pour enfants mentalement handicap\u00e9s \u00e0 Lausanne, Aigle, Vevey, Yverdon, Payerne, reprises ensuite par la Fondation de Verdeil 1985&nbsp;&nbsp;&nbsp;&nbsp; Cr\u00e9ation du Service Educatif Itin\u00e9rant 1986&nbsp;&nbsp;&nbsp;&nbsp;&nbsp;&nbsp; Cr\u00e9ation du Centre de formation continue pour adultes mentalement [&hellip;]<\/p>\n","protected":false},"author":1,"featured_media":0,"parent":45,"menu_order":0,"comment_status":"closed","ping_status":"closed","template":"","meta":{"footnotes":""},"class_list":["post-29329","page","type-page","status-publish","hentry"],"_links":{"self":[{"href":"https:\/\/solidarite-handicap.ch\/wordp\/wp-json\/wp\/v2\/pages\/29329","targetHints":{"allow":["GET"]}}],"collection":[{"href":"https:\/\/solidarite-handicap.ch\/wordp\/wp-json\/wp\/v2\/pages"}],"about":[{"href":"https:\/\/solidarite-handicap.ch\/wordp\/wp-json\/wp\/v2\/types\/page"}],"author":[{"embeddable":true,"href":"https:\/\/solidarite-handicap.ch\/wordp\/wp-json\/wp\/v2\/users\/1"}],"replies":[{"embeddable":true,"href":"https:\/\/solidarite-handicap.ch\/wordp\/wp-json\/wp\/v2\/comments?post=29329"}],"version-history":[{"count":2,"href":"https:\/\/solidarite-handicap.ch\/wordp\/wp-json\/wp\/v2\/pages\/29329\/revisions"}],"predecessor-version":[{"id":29335,"href":"https:\/\/solidarite-handicap.ch\/wordp\/wp-json\/wp\/v2\/pages\/29329\/revisions\/29335"}],"up":[{"embeddable":true,"href":"https:\/\/solidarite-handicap.ch\/wordp\/wp-json\/wp\/v2\/pages\/45"}],"wp:attachment":[{"href":"https:\/\/solidarite-handicap.ch\/wordp\/wp-json\/wp\/v2\/media?parent=29329"}],"curies":[{"name":"wp","href":"https:\/\/api.w.org\/{rel}","templated":true}]}}