{"id":29363,"date":"2020-12-07T09:50:55","date_gmt":"2020-12-07T08:50:55","guid":{"rendered":"http:\/\/solidarite-handicap.ch\/wordp\/?page_id=29363"},"modified":"2026-02-16T16:52:05","modified_gmt":"2026-02-16T15:52:05","slug":"inscription-au-centre-aere","status":"publish","type":"page","link":"https:\/\/solidarite-handicap.ch\/wordp\/centre-aere\/inscription-au-centre-aere\/","title":{"rendered":"Inscription au Centre A\u00e9r\u00e9"},"content":{"rendered":"<p>Dernier d\u00e9lai pour l&rsquo;inscription: <b>27 mars 2026<\/b><br\/>\nEn inscrivant votre enfant, vous acceptez les <a target=\"_blank\" href=\"https:\/\/solidarite-handicap.ch\/wordp\/wp-content\/uploads\/2026\/02\/Conditions-participation-ca-26.pdf\">conditions g\u00e9n\u00e9rales de participation<\/a>.<\/p>\n\n\n<div class=\"wp-block-contact-form-7-contact-form-selector\">\n<div class=\"wpcf7 no-js\" id=\"wpcf7-f29341-o1\" lang=\"fr-FR\" dir=\"ltr\" data-wpcf7-id=\"29341\">\n<div class=\"screen-reader-response\"><p role=\"status\" aria-live=\"polite\" aria-atomic=\"true\"><\/p> <ul><\/ul><\/div>\n<form action=\"\/wordp\/wp-json\/wp\/v2\/pages\/29363#wpcf7-f29341-o1\" method=\"post\" class=\"wpcf7-form init\" aria-label=\"Formulaire de contact\" novalidate=\"novalidate\" data-status=\"init\">\n<fieldset class=\"hidden-fields-container\"><input type=\"hidden\" name=\"_wpcf7\" value=\"29341\" \/><input type=\"hidden\" name=\"_wpcf7_version\" value=\"6.1\" \/><input type=\"hidden\" name=\"_wpcf7_locale\" value=\"fr_FR\" \/><input type=\"hidden\" name=\"_wpcf7_unit_tag\" value=\"wpcf7-f29341-o1\" \/><input type=\"hidden\" name=\"_wpcf7_container_post\" value=\"0\" \/><input type=\"hidden\" name=\"_wpcf7_posted_data_hash\" value=\"\" \/>\n<\/fieldset>\n<div class=\"wpcf7-turnstile cf-turnstile\" data-sitekey=\"0x4AAAAAABlDCEm0orzXNcsR\" data-response-field-name=\"_wpcf7_turnstile_response\"><\/div>\n\n<p><label> Pr\u00e9nom et nom des parents ou du\/de la repr\u00e9sentant\u00b7e l\u00e9gal\u00b7e<br \/>\n<span class=\"wpcf7-form-control-wrap\" data-name=\"your-name\"><input size=\"40\" maxlength=\"400\" class=\"wpcf7-form-control wpcf7-text wpcf7-validates-as-required\" aria-required=\"true\" aria-invalid=\"false\" value=\"\" type=\"text\" name=\"your-name\" \/><\/span> <\/label>\n<\/p>\n<p><label> Pr\u00e9nom de l'enfant<br \/>\n<span class=\"wpcf7-form-control-wrap\" data-name=\"your-enfant-prenom\"><input size=\"40\" maxlength=\"400\" class=\"wpcf7-form-control wpcf7-text wpcf7-validates-as-required\" aria-required=\"true\" aria-invalid=\"false\" value=\"\" type=\"text\" name=\"your-enfant-prenom\" \/><\/span> <\/label>\n<\/p>\n<p><label> Nom de famille de l'enfant<br \/>\n<span class=\"wpcf7-form-control-wrap\" data-name=\"your-enfant-nom\"><input size=\"40\" maxlength=\"400\" class=\"wpcf7-form-control wpcf7-text wpcf7-validates-as-required\" aria-required=\"true\" aria-invalid=\"false\" value=\"\" type=\"text\" name=\"your-enfant-nom\" \/><\/span> <\/label>\n<\/p>\n<p><label> Sexe de l'enfant <\/label><br \/>\n<span class=\"wpcf7-form-control-wrap\" data-name=\"radio-701\"><span class=\"wpcf7-form-control wpcf7-radio\"><span class=\"wpcf7-list-item first\"><label><input type=\"radio\" name=\"radio-701\" value=\"Fille\" \/><span class=\"wpcf7-list-item-label\">Fille<\/span><\/label><\/span><span class=\"wpcf7-list-item last\"><label><input type=\"radio\" name=\"radio-701\" value=\"Gar\u00e7on\" \/><span class=\"wpcf7-list-item-label\">Gar\u00e7on<\/span><\/label><\/span><\/span><\/span>\n<\/p>\n<p><label> Rue et num\u00e9ro<br \/>\n<span class=\"wpcf7-form-control-wrap\" data-name=\"your-rue\"><input size=\"40\" maxlength=\"400\" class=\"wpcf7-form-control wpcf7-text wpcf7-validates-as-required\" aria-required=\"true\" aria-invalid=\"false\" value=\"\" type=\"text\" name=\"your-rue\" \/><\/span> <\/label>\n<\/p>\n<p><label> NPA et Localit\u00e9<br \/>\n<span class=\"wpcf7-form-control-wrap\" data-name=\"your-ville\"><input size=\"40\" maxlength=\"400\" class=\"wpcf7-form-control wpcf7-text wpcf7-validates-as-required\" aria-required=\"true\" aria-invalid=\"false\" value=\"\" type=\"text\" name=\"your-ville\" \/><\/span> <\/label>\n<\/p>\n<p><label> T\u00e9l\u00e9phone<br \/>\n<span class=\"wpcf7-form-control-wrap\" data-name=\"tel-372\"><input size=\"40\" maxlength=\"400\" class=\"wpcf7-form-control wpcf7-text wpcf7-validates-as-required\" aria-required=\"true\" aria-invalid=\"false\" value=\"\" type=\"text\" name=\"tel-372\" \/><\/span> <\/label>\n<\/p>\n<p><label> Email<br \/>\n<span class=\"wpcf7-form-control-wrap\" data-name=\"your-email\"><input size=\"40\" maxlength=\"400\" class=\"wpcf7-form-control wpcf7-email wpcf7-validates-as-required wpcf7-text wpcf7-validates-as-email\" aria-required=\"true\" aria-invalid=\"false\" value=\"\" type=\"email\" name=\"your-email\" \/><\/span> <\/label>\n<\/p>\n<p><label> Date de naissance de l'enfant<br \/>\n<span class=\"wpcf7-form-control-wrap\" data-name=\"date-706\"><input size=\"40\" maxlength=\"400\" class=\"wpcf7-form-control wpcf7-text wpcf7-validates-as-required\" aria-required=\"true\" aria-invalid=\"false\" value=\"\" type=\"text\" name=\"date-706\" \/><\/span> <\/label>\n<\/p>\n<p><label> Ecole suivie<br \/>\n<span class=\"wpcf7-form-control-wrap\" data-name=\"your-ecole\"><input size=\"40\" maxlength=\"400\" class=\"wpcf7-form-control wpcf7-text wpcf7-validates-as-required\" aria-required=\"true\" aria-invalid=\"false\" value=\"\" type=\"text\" name=\"your-ecole\" \/><\/span> <\/label>\n<\/p>\n<p><label>Allocation pour impotence <\/label><br \/>\n<span class=\"wpcf7-form-control-wrap\" data-name=\"radio-995\"><span class=\"wpcf7-form-control wpcf7-radio\"><span class=\"wpcf7-list-item first\"><label><input type=\"radio\" name=\"radio-995\" value=\"Aucune\" \/><span class=\"wpcf7-list-item-label\">Aucune<\/span><\/label><\/span><span class=\"wpcf7-list-item\"><label><input type=\"radio\" name=\"radio-995\" value=\"L\u00e9g\u00e8re\" \/><span class=\"wpcf7-list-item-label\">L\u00e9g\u00e8re<\/span><\/label><\/span><span class=\"wpcf7-list-item\"><label><input type=\"radio\" name=\"radio-995\" value=\"Moyenne\" \/><span class=\"wpcf7-list-item-label\">Moyenne<\/span><\/label><\/span><span class=\"wpcf7-list-item last\"><label><input type=\"radio\" name=\"radio-995\" value=\"Grave\" \/><span class=\"wpcf7-list-item-label\">Grave<\/span><\/label><\/span><\/span><\/span>\n<\/p>\n<p><label> Inscription pour la semaine <\/label><br \/>\n<span class=\"wpcf7-form-control-wrap\" data-name=\"checkbox-937\"><span class=\"wpcf7-form-control wpcf7-checkbox return_form\"><span class=\"wpcf7-list-item first\"><label><input type=\"checkbox\" name=\"checkbox-937[]\" value=\"Semaine A du 3 au 7 ao\u00fbt 2026 (Lausanne)\" \/><span class=\"wpcf7-list-item-label\">Semaine A du 3 au 7 ao\u00fbt 2026 (Lausanne)<\/span><\/label><\/span><span class=\"wpcf7-list-item\"><label><input type=\"checkbox\" name=\"checkbox-937[]\" value=\"Semaine A du 3 au 7 ao\u00fbt 2026 (Nyon)\" \/><span class=\"wpcf7-list-item-label\">Semaine A du 3 au 7 ao\u00fbt 2026 (Nyon)<\/span><\/label><\/span><span class=\"wpcf7-list-item\"><label><input type=\"checkbox\" name=\"checkbox-937[]\" value=\"Semaine B du 10 au 14 ao\u00fbt 2026 (Lausanne)\" \/><span class=\"wpcf7-list-item-label\">Semaine B du 10 au 14 ao\u00fbt 2026 (Lausanne)<\/span><\/label><\/span><span class=\"wpcf7-list-item last\"><label><input type=\"checkbox\" name=\"checkbox-937[]\" value=\"Semaine B du 10 au 14 ao\u00fbt 2026 (Yverdon)\" \/><span class=\"wpcf7-list-item-label\">Semaine B du 10 au 14 ao\u00fbt 2026 (Yverdon)<\/span><\/label><\/span><\/span><\/span>\n<\/p>\n<p><label>Jours de soutien - pay\u00e9s \u00e0 60.- par jour<\/label><br \/>\n<span class=\"wpcf7-form-control-wrap\" data-name=\"number-306\"><input class=\"wpcf7-form-control wpcf7-number wpcf7-validates-as-number\" min=\"0\" max=\"10\" aria-invalid=\"false\" value=\"0\" type=\"number\" name=\"number-306\" \/><\/span>\n<\/p>\n<p><span class=\"wpcf7-form-control-wrap\" data-name=\"checkbox-938\"><span class=\"wpcf7-form-control wpcf7-checkbox return_form\"><span class=\"wpcf7-list-item first last\"><label><input type=\"checkbox\" name=\"checkbox-938[]\" value=\"Je suis d\u00e9j\u00e0 membre de l&#039;association Solidarit\u00e9-Handicap mental\" \/><span class=\"wpcf7-list-item-label\">Je suis d\u00e9j\u00e0 membre de l&#039;association Solidarit\u00e9-Handicap mental<\/span><\/label><\/span><\/span><\/span>\n<\/p>\n<p><label> Je souhaite devenir membre et b\u00e9n\u00e9ficier du tarif pr\u00e9f\u00e9rentiel <\/label><br \/>\n<span class=\"wpcf7-form-control-wrap\" data-name=\"checkbox-445\"><span class=\"wpcf7-form-control wpcf7-checkbox\"><span class=\"wpcf7-list-item first\"><label><input type=\"checkbox\" name=\"checkbox-445[]\" value=\"Cotisation annuelle de CHF 60.-\" \/><span class=\"wpcf7-list-item-label\">Cotisation annuelle de CHF 60.-<\/span><\/label><\/span><span class=\"wpcf7-list-item last\"><label><input type=\"checkbox\" name=\"checkbox-445[]\" value=\"Cotisation de soutien de CHF 80.-\" \/><span class=\"wpcf7-list-item-label\">Cotisation de soutien de CHF 80.-<\/span><\/label><\/span><\/span><\/span>\n<\/p>\n<p><span class=\"wpcf7-form-control-wrap\" data-name=\"remarques\"><textarea cols=\"40\" rows=\"3\" maxlength=\"2000\" class=\"wpcf7-form-control wpcf7-textarea\" aria-invalid=\"false\" placeholder=\"Remarques\" name=\"remarques\"><\/textarea><\/span>\n<\/p>\n<p><input class=\"wpcf7-form-control wpcf7-submit has-spinner\" type=\"submit\" value=\"Envoyer\" \/>\n<\/p><div class=\"wpcf7-response-output\" aria-hidden=\"true\"><\/div>\n<\/form>\n<\/div>\n<\/div>\n","protected":false},"excerpt":{"rendered":"<p>Dernier d\u00e9lai pour l&rsquo;inscription: 27 mars 2026 En inscrivant votre enfant, vous acceptez les conditions g\u00e9n\u00e9rales de participation.<\/p>\n","protected":false},"author":1,"featured_media":0,"parent":28942,"menu_order":0,"comment_status":"closed","ping_status":"closed","template":"","meta":{"footnotes":""},"class_list":["post-29363","page","type-page","status-publish","hentry"],"_links":{"self":[{"href":"https:\/\/solidarite-handicap.ch\/wordp\/wp-json\/wp\/v2\/pages\/29363","targetHints":{"allow":["GET"]}}],"collection":[{"href":"https:\/\/solidarite-handicap.ch\/wordp\/wp-json\/wp\/v2\/pages"}],"about":[{"href":"https:\/\/solidarite-handicap.ch\/wordp\/wp-json\/wp\/v2\/types\/page"}],"author":[{"embeddable":true,"href":"https:\/\/solidarite-handicap.ch\/wordp\/wp-json\/wp\/v2\/users\/1"}],"replies":[{"embeddable":true,"href":"https:\/\/solidarite-handicap.ch\/wordp\/wp-json\/wp\/v2\/comments?post=29363"}],"version-history":[{"count":9,"href":"https:\/\/solidarite-handicap.ch\/wordp\/wp-json\/wp\/v2\/pages\/29363\/revisions"}],"predecessor-version":[{"id":32527,"href":"https:\/\/solidarite-handicap.ch\/wordp\/wp-json\/wp\/v2\/pages\/29363\/revisions\/32527"}],"up":[{"embeddable":true,"href":"https:\/\/solidarite-handicap.ch\/wordp\/wp-json\/wp\/v2\/pages\/28942"}],"wp:attachment":[{"href":"https:\/\/solidarite-handicap.ch\/wordp\/wp-json\/wp\/v2\/media?parent=29363"}],"curies":[{"name":"wp","href":"https:\/\/api.w.org\/{rel}","templated":true}]}}