{"id":29820,"date":"2021-02-15T10:22:35","date_gmt":"2021-02-15T09:22:35","guid":{"rendered":"http:\/\/solidarite-handicap.ch\/wordp\/?page_id=29820"},"modified":"2021-06-17T09:51:37","modified_gmt":"2021-06-17T07:51:37","slug":"cours-en-ligne","status":"publish","type":"page","link":"https:\/\/solidarite-handicap.ch\/wordp\/liste-des-cours-fcpa\/cours-en-ligne\/","title":{"rendered":"Cours en ligne"},"content":{"rendered":"\n<p class=\"has-background\" style=\"background-color:#ffefdc\">Les vid\u00e9os pour nos cours en ligne ainsi que les recettes des cours de cuisine resteront accessibles avec votre mot de passe sur notre site sans limite de temps.<\/p>\n\n\n\n<div class=\"wp-block-columns is-layout-flex wp-container-core-columns-is-layout-28f84493 wp-block-columns-is-layout-flex\">\n<div class=\"wp-block-column is-layout-flow wp-block-column-is-layout-flow\">\n<h3>Les cours FCPA en direct<\/h3>\n<h4><a href=\"https:\/\/solidarite-handicap.ch\/wordp\/liste-des-cours-fcpa\/cours-en-ligne\/karaoke\/\"><strong><img loading=\"lazy\" decoding=\"async\" class=\" wp-image-29832 alignleft\" src=\"https:\/\/solidarite-handicap.ch\/wordp\/wp-content\/uploads\/2021\/02\/Capture-de\u0301cran-2021-02-15-a\u0300-11.42.13.png\" alt=\"\" width=\"111\" height=\"105\" srcset=\"https:\/\/solidarite-handicap.ch\/wordp\/wp-content\/uploads\/2021\/02\/Capture-de\u0301cran-2021-02-15-a\u0300-11.42.13.png 155w, https:\/\/solidarite-handicap.ch\/wordp\/wp-content\/uploads\/2021\/02\/Capture-de\u0301cran-2021-02-15-a\u0300-11.42.13-42x40.png 42w, https:\/\/solidarite-handicap.ch\/wordp\/wp-content\/uploads\/2021\/02\/Capture-de\u0301cran-2021-02-15-a\u0300-11.42.13-36x34.png 36w, https:\/\/solidarite-handicap.ch\/wordp\/wp-content\/uploads\/2021\/02\/Capture-de\u0301cran-2021-02-15-a\u0300-11.42.13-48x45.png 48w\" sizes=\"auto, (max-width: 111px) 100vw, 111px\" \/><\/strong><\/a><a href=\"https:\/\/solidarite-handicap.ch\/wordp\/liste-des-cours-fcpa\/cours-en-ligne\/karaoke\/\">Karaok\u00e9 &#8211; lundi<\/a><br><a href=\"https:\/\/solidarite-handicap.ch\/wordp\/liste-des-cours-fcpa\/cours-en-ligne\/karaoke-groupe-du-mardi\/\">Karaok\u00e9 &#8211; mardi<\/a><\/h4>\n<p>&nbsp;<\/p>\n<h4><strong><a href=\"https:\/\/solidarite-handicap.ch\/wordp\/liste-des-cours-fcpa\/cours-en-ligne\/zumba\/\"><img loading=\"lazy\" decoding=\"async\" class=\"wp-image-29835 alignleft\" src=\"https:\/\/solidarite-handicap.ch\/wordp\/wp-content\/uploads\/2021\/02\/Capture-de\u0301cran-2021-02-15-a\u0300-11.42.24.png\" alt=\"\" width=\"109\" height=\"101\" srcset=\"https:\/\/solidarite-handicap.ch\/wordp\/wp-content\/uploads\/2021\/02\/Capture-de\u0301cran-2021-02-15-a\u0300-11.42.24.png 152w, https:\/\/solidarite-handicap.ch\/wordp\/wp-content\/uploads\/2021\/02\/Capture-de\u0301cran-2021-02-15-a\u0300-11.42.24-150x141.png 150w, https:\/\/solidarite-handicap.ch\/wordp\/wp-content\/uploads\/2021\/02\/Capture-de\u0301cran-2021-02-15-a\u0300-11.42.24-43x40.png 43w, https:\/\/solidarite-handicap.ch\/wordp\/wp-content\/uploads\/2021\/02\/Capture-de\u0301cran-2021-02-15-a\u0300-11.42.24-36x33.png 36w, https:\/\/solidarite-handicap.ch\/wordp\/wp-content\/uploads\/2021\/02\/Capture-de\u0301cran-2021-02-15-a\u0300-11.42.24-48x45.png 48w\" sizes=\"auto, (max-width: 109px) 100vw, 109px\" \/><\/a><a href=\"https:\/\/solidarite-handicap.ch\/wordp\/liste-des-cours-fcpa\/cours-en-ligne\/zumba\/\"> Zumba<\/a><\/strong><\/h4>\n<p>Mardi, de 17h45 \u00e0 18h45 d\u00e8s le 16 mars<\/p>\n<h4><strong><a href=\"https:\/\/solidarite-handicap.ch\/wordp\/liste-des-cours-fcpa\/cours-en-ligne\/discutons-ensemble\/\"><img loading=\"lazy\" decoding=\"async\" class=\" wp-image-29833 alignleft\" src=\"https:\/\/solidarite-handicap.ch\/wordp\/wp-content\/uploads\/2021\/02\/Capture-de\u0301cran-2021-02-15-a\u0300-11.42.17.png\" alt=\"\" width=\"101\" height=\"109\" srcset=\"https:\/\/solidarite-handicap.ch\/wordp\/wp-content\/uploads\/2021\/02\/Capture-de\u0301cran-2021-02-15-a\u0300-11.42.17.png 151w, https:\/\/solidarite-handicap.ch\/wordp\/wp-content\/uploads\/2021\/02\/Capture-de\u0301cran-2021-02-15-a\u0300-11.42.17-37x40.png 37w, https:\/\/solidarite-handicap.ch\/wordp\/wp-content\/uploads\/2021\/02\/Capture-de\u0301cran-2021-02-15-a\u0300-11.42.17-33x36.png 33w, https:\/\/solidarite-handicap.ch\/wordp\/wp-content\/uploads\/2021\/02\/Capture-de\u0301cran-2021-02-15-a\u0300-11.42.17-44x48.png 44w\" sizes=\"auto, (max-width: 101px) 100vw, 101px\" \/><\/a><a href=\"https:\/\/solidarite-handicap.ch\/wordp\/liste-des-cours-fcpa\/cours-en-ligne\/discutons-ensemble\/\">Discutons ensemble<\/a><\/strong><\/h4>\n<p>Jeudi, de 17h \u00e0 18h d\u00e8s le 18 mars<\/p>\n<h4><strong><a href=\"https:\/\/solidarite-handicap.ch\/wordp\/liste-des-cours-fcpa\/cours-en-ligne\/voyagez-avec-moi\/\"><img loading=\"lazy\" decoding=\"async\" class=\" wp-image-29836 alignleft\" src=\"https:\/\/solidarite-handicap.ch\/wordp\/wp-content\/uploads\/2021\/02\/Capture-de\u0301cran-2021-02-15-a\u0300-11.42.29.png\" alt=\"\" width=\"104\" height=\"107\" srcset=\"https:\/\/solidarite-handicap.ch\/wordp\/wp-content\/uploads\/2021\/02\/Capture-de\u0301cran-2021-02-15-a\u0300-11.42.29.png 156w, https:\/\/solidarite-handicap.ch\/wordp\/wp-content\/uploads\/2021\/02\/Capture-de\u0301cran-2021-02-15-a\u0300-11.42.29-39x40.png 39w, https:\/\/solidarite-handicap.ch\/wordp\/wp-content\/uploads\/2021\/02\/Capture-de\u0301cran-2021-02-15-a\u0300-11.42.29-36x36.png 36w, https:\/\/solidarite-handicap.ch\/wordp\/wp-content\/uploads\/2021\/02\/Capture-de\u0301cran-2021-02-15-a\u0300-11.42.29-48x48.png 48w\" sizes=\"auto, (max-width: 104px) 100vw, 104px\" \/><\/a><a href=\"https:\/\/solidarite-handicap.ch\/wordp\/liste-des-cours-fcpa\/cours-en-ligne\/voyagez-avec-moi\/\">Voyagez avec moi<\/a><\/strong><\/h4>\n<p>Jeudi, de 18h30 \u00e0 19h30 d\u00e8s le 25 mars<\/p>\n<h4><strong><img loading=\"lazy\" decoding=\"async\" class=\" wp-image-29834 alignleft\" src=\"https:\/\/solidarite-handicap.ch\/wordp\/wp-content\/uploads\/2021\/02\/Capture-de\u0301cran-2021-02-15-a\u0300-11.42.21.png\" alt=\"\" width=\"93\" height=\"87\" srcset=\"https:\/\/solidarite-handicap.ch\/wordp\/wp-content\/uploads\/2021\/02\/Capture-de\u0301cran-2021-02-15-a\u0300-11.42.21.png 152w, https:\/\/solidarite-handicap.ch\/wordp\/wp-content\/uploads\/2021\/02\/Capture-de\u0301cran-2021-02-15-a\u0300-11.42.21-43x40.png 43w, https:\/\/solidarite-handicap.ch\/wordp\/wp-content\/uploads\/2021\/02\/Capture-de\u0301cran-2021-02-15-a\u0300-11.42.21-36x34.png 36w, https:\/\/solidarite-handicap.ch\/wordp\/wp-content\/uploads\/2021\/02\/Capture-de\u0301cran-2021-02-15-a\u0300-11.42.21-48x45.png 48w\" sizes=\"auto, (max-width: 93px) 100vw, 93px\" \/><a href=\"https:\/\/solidarite-handicap.ch\/wordp\/liste-des-cours-fcpa\/cours-en-ligne\/lire-et-ecrire\/\">Lire et \u00e9crire<\/a><\/strong><\/h4>\n<p>Mercredi, de 18h \u00e0 19h15 d\u00e8s le 17 mars<\/p>\n\n\n\n<p><\/p>\n<\/div>\n\n\n\n<div class=\"wp-block-column is-layout-flow wp-block-column-is-layout-flow\">\n<h3>Les cours FCPA en vid\u00e9o<\/h3>\n<h4><a href=\"https:\/\/solidarite-handicap.ch\/wordp\/cuisine-italienne-seance-1-les-classiques\/\"><strong><img loading=\"lazy\" decoding=\"async\" class=\" wp-image-29930 alignleft\" src=\"https:\/\/solidarite-handicap.ch\/wordp\/wp-content\/uploads\/2021\/03\/Capture-de\u0301cran-2021-03-08-a\u0300-17.30.46.png\" alt=\"\" width=\"106\" height=\"86\" srcset=\"https:\/\/solidarite-handicap.ch\/wordp\/wp-content\/uploads\/2021\/03\/Capture-de\u0301cran-2021-03-08-a\u0300-17.30.46.png 151w, https:\/\/solidarite-handicap.ch\/wordp\/wp-content\/uploads\/2021\/03\/Capture-de\u0301cran-2021-03-08-a\u0300-17.30.46-49x40.png 49w, https:\/\/solidarite-handicap.ch\/wordp\/wp-content\/uploads\/2021\/03\/Capture-de\u0301cran-2021-03-08-a\u0300-17.30.46-36x29.png 36w, https:\/\/solidarite-handicap.ch\/wordp\/wp-content\/uploads\/2021\/03\/Capture-de\u0301cran-2021-03-08-a\u0300-17.30.46-48x39.png 48w\" sizes=\"auto, (max-width: 106px) 100vw, 106px\" \/><\/strong><\/a><br><a href=\"https:\/\/solidarite-handicap.ch\/wordp\/liste-des-cours-fcpa\/cours-en-ligne\/cuisine-italienne\/\">La cuisine italienne<\/a><\/h4>\n<h4><strong><a href=\"https:\/\/solidarite-handicap.ch\/wordp\/liste-des-cours-fcpa\/cours-en-ligne\/repas-de-a-a-z\/\"><img loading=\"lazy\" decoding=\"async\" class=\" wp-image-29929 alignleft\" src=\"https:\/\/solidarite-handicap.ch\/wordp\/wp-content\/uploads\/2021\/03\/Capture-de\u0301cran-2021-03-08-a\u0300-17.30.51.png\" alt=\"\" width=\"105\" height=\"93\" srcset=\"https:\/\/solidarite-handicap.ch\/wordp\/wp-content\/uploads\/2021\/03\/Capture-de\u0301cran-2021-03-08-a\u0300-17.30.51.png 144w, https:\/\/solidarite-handicap.ch\/wordp\/wp-content\/uploads\/2021\/03\/Capture-de\u0301cran-2021-03-08-a\u0300-17.30.51-45x40.png 45w, https:\/\/solidarite-handicap.ch\/wordp\/wp-content\/uploads\/2021\/03\/Capture-de\u0301cran-2021-03-08-a\u0300-17.30.51-36x32.png 36w, https:\/\/solidarite-handicap.ch\/wordp\/wp-content\/uploads\/2021\/03\/Capture-de\u0301cran-2021-03-08-a\u0300-17.30.51-48x43.png 48w\" sizes=\"auto, (max-width: 105px) 100vw, 105px\" \/><\/a><br><a href=\"https:\/\/solidarite-handicap.ch\/wordp\/repas-de-a-a-z\/\">Repas de A \u00e0 Z<\/a><br><\/strong><\/h4>\n<h4><strong><a href=\"https:\/\/solidarite-handicap.ch\/wordp\/liste-des-cours-fcpa\/cours-en-ligne\/saveurs-dici-et-dailleurs\/\"><img loading=\"lazy\" decoding=\"async\" class=\"wp-image-29928 alignleft\" src=\"https:\/\/solidarite-handicap.ch\/wordp\/wp-content\/uploads\/2021\/03\/Capture-de\u0301cran-2021-03-08-a\u0300-17.30.59.png\" alt=\"\" width=\"101\" height=\"87\" srcset=\"https:\/\/solidarite-handicap.ch\/wordp\/wp-content\/uploads\/2021\/03\/Capture-de\u0301cran-2021-03-08-a\u0300-17.30.59.png 150w, https:\/\/solidarite-handicap.ch\/wordp\/wp-content\/uploads\/2021\/03\/Capture-de\u0301cran-2021-03-08-a\u0300-17.30.59-47x40.png 47w, https:\/\/solidarite-handicap.ch\/wordp\/wp-content\/uploads\/2021\/03\/Capture-de\u0301cran-2021-03-08-a\u0300-17.30.59-36x31.png 36w, https:\/\/solidarite-handicap.ch\/wordp\/wp-content\/uploads\/2021\/03\/Capture-de\u0301cran-2021-03-08-a\u0300-17.30.59-48x41.png 48w\" sizes=\"auto, (max-width: 101px) 100vw, 101px\" \/><\/a><br><a href=\"https:\/\/solidarite-handicap.ch\/wordp\/saveurs-dici-et-dailleurs\/\">Saveurs d&rsquo;ici et d&rsquo;ailleurs<\/a><br><\/strong><\/h4>\n<h4><a href=\"https:\/\/solidarite-handicap.ch\/wordp\/liste-des-cours-fcpa\/cours-en-ligne\/tartes-salees-et-sucrees\/\"><strong><img loading=\"lazy\" decoding=\"async\" class=\" wp-image-29927 alignleft\" src=\"https:\/\/solidarite-handicap.ch\/wordp\/wp-content\/uploads\/2021\/03\/Capture-de\u0301cran-2021-03-08-a\u0300-17.31.05.png\" alt=\"\" width=\"103\" height=\"79\" srcset=\"https:\/\/solidarite-handicap.ch\/wordp\/wp-content\/uploads\/2021\/03\/Capture-de\u0301cran-2021-03-08-a\u0300-17.31.05.png 153w, https:\/\/solidarite-handicap.ch\/wordp\/wp-content\/uploads\/2021\/03\/Capture-de\u0301cran-2021-03-08-a\u0300-17.31.05-150x117.png 150w, https:\/\/solidarite-handicap.ch\/wordp\/wp-content\/uploads\/2021\/03\/Capture-de\u0301cran-2021-03-08-a\u0300-17.31.05-52x40.png 52w, https:\/\/solidarite-handicap.ch\/wordp\/wp-content\/uploads\/2021\/03\/Capture-de\u0301cran-2021-03-08-a\u0300-17.31.05-36x28.png 36w, https:\/\/solidarite-handicap.ch\/wordp\/wp-content\/uploads\/2021\/03\/Capture-de\u0301cran-2021-03-08-a\u0300-17.31.05-48x37.png 48w\" sizes=\"auto, (max-width: 103px) 100vw, 103px\" \/><\/strong><\/a><strong><br><a href=\"https:\/\/solidarite-handicap.ch\/wordp\/tartes-salees-et-sucrees\/\">Tartes sal\u00e9es et sucr\u00e9es<\/a><\/strong><\/h4>\n<h4><strong><a href=\"https:\/\/solidarite-handicap.ch\/wordp\/liste-des-cours-fcpa\/cours-en-ligne\/mouvements-en-musique\/\"><img loading=\"lazy\" decoding=\"async\" class=\" wp-image-29926 alignleft\" src=\"https:\/\/solidarite-handicap.ch\/wordp\/wp-content\/uploads\/2021\/03\/Capture-de\u0301cran-2021-03-08-a\u0300-17.31.11.png\" alt=\"\" width=\"107\" height=\"89\" srcset=\"https:\/\/solidarite-handicap.ch\/wordp\/wp-content\/uploads\/2021\/03\/Capture-de\u0301cran-2021-03-08-a\u0300-17.31.11.png 153w, https:\/\/solidarite-handicap.ch\/wordp\/wp-content\/uploads\/2021\/03\/Capture-de\u0301cran-2021-03-08-a\u0300-17.31.11-48x40.png 48w, https:\/\/solidarite-handicap.ch\/wordp\/wp-content\/uploads\/2021\/03\/Capture-de\u0301cran-2021-03-08-a\u0300-17.31.11-36x30.png 36w\" sizes=\"auto, (max-width: 107px) 100vw, 107px\" \/><\/a><br><a href=\"https:\/\/solidarite-handicap.ch\/wordp\/mouvements-en-musique\/\">Mouvements en musique<\/a><br><\/strong><\/h4>\n<h4><strong><a href=\"https:\/\/solidarite-handicap.ch\/wordp\/liste-des-cours-fcpa\/cours-en-ligne\/yoga-initiation\/\"><img loading=\"lazy\" decoding=\"async\" class=\" wp-image-29925 alignleft\" src=\"https:\/\/solidarite-handicap.ch\/wordp\/wp-content\/uploads\/2021\/03\/Capture-de\u0301cran-2021-03-08-a\u0300-17.31.17.png\" alt=\"\" width=\"100\" height=\"85\" srcset=\"https:\/\/solidarite-handicap.ch\/wordp\/wp-content\/uploads\/2021\/03\/Capture-de\u0301cran-2021-03-08-a\u0300-17.31.17.png 133w, https:\/\/solidarite-handicap.ch\/wordp\/wp-content\/uploads\/2021\/03\/Capture-de\u0301cran-2021-03-08-a\u0300-17.31.17-48x40.png 48w, https:\/\/solidarite-handicap.ch\/wordp\/wp-content\/uploads\/2021\/03\/Capture-de\u0301cran-2021-03-08-a\u0300-17.31.17-36x30.png 36w\" sizes=\"auto, (max-width: 100px) 100vw, 100px\" \/><\/a><br><a href=\"https:\/\/solidarite-handicap.ch\/wordp\/yoga-initiation\/\">Yoga initiation<\/a><br><\/strong><\/h4>\n<h4><strong><a href=\"https:\/\/solidarite-handicap.ch\/wordp\/liste-des-cours-fcpa\/cours-en-ligne\/espace-decouvertes\/\"><img loading=\"lazy\" decoding=\"async\" class=\" wp-image-29924 alignleft\" src=\"https:\/\/solidarite-handicap.ch\/wordp\/wp-content\/uploads\/2021\/03\/Capture-de\u0301cran-2021-03-08-a\u0300-17.31.23.png\" alt=\"\" width=\"99\" height=\"87\" srcset=\"https:\/\/solidarite-handicap.ch\/wordp\/wp-content\/uploads\/2021\/03\/Capture-de\u0301cran-2021-03-08-a\u0300-17.31.23.png 131w, https:\/\/solidarite-handicap.ch\/wordp\/wp-content\/uploads\/2021\/03\/Capture-de\u0301cran-2021-03-08-a\u0300-17.31.23-46x40.png 46w, https:\/\/solidarite-handicap.ch\/wordp\/wp-content\/uploads\/2021\/03\/Capture-de\u0301cran-2021-03-08-a\u0300-17.31.23-36x32.png 36w, https:\/\/solidarite-handicap.ch\/wordp\/wp-content\/uploads\/2021\/03\/Capture-de\u0301cran-2021-03-08-a\u0300-17.31.23-48x42.png 48w\" sizes=\"auto, (max-width: 99px) 100vw, 99px\" \/><\/a><br><a href=\"https:\/\/solidarite-handicap.ch\/wordp\/espace-decouvertes\/\">Espace d\u00e9couvertes<\/a><\/strong><\/h4>\n\n\n\n<p><\/p>\n<\/div>\n<\/div>\n\n\n\n<p><strong>Mode d&#8217;emploi pour les cours en direct :<\/strong><\/p>\n\n\n\n<p>Nous vous conseillons d&rsquo;installer l&rsquo;application Zoom pour faciliter la connexion. Vous devez pour cela t\u00e9l\u00e9charger l&rsquo;application depuis <a href=\"https:\/\/zoom.us\/download\" target=\"_blank\" rel=\"noopener\">cette page.<\/a> Une fois t\u00e9l\u00e9charg\u00e9e, installez l&rsquo;application, puis cliquez sur le lien de votre cours ci-dessous.<\/p>\n\n\n\n<p>Vous verrez alors une fen\u00eatre o\u00f9 il vous faut entrer votre nom, puis l&rsquo;application d\u00e9marre. Pour activer votre webcam, n&rsquo;oubliez pas d&rsquo;activer la vid\u00e9o en cliquant sur l&rsquo;ic\u00f4ne: <img loading=\"lazy\" decoding=\"async\" class=\"size-full wp-image-29885 alignnone\" src=\"https:\/\/solidarite-handicap.ch\/wordp\/wp-content\/uploads\/2021\/03\/zoom-video.png\" alt=\"\" width=\"106\" height=\"58\" srcset=\"https:\/\/solidarite-handicap.ch\/wordp\/wp-content\/uploads\/2021\/03\/zoom-video.png 106w, https:\/\/solidarite-handicap.ch\/wordp\/wp-content\/uploads\/2021\/03\/zoom-video-60x33.png 60w, https:\/\/solidarite-handicap.ch\/wordp\/wp-content\/uploads\/2021\/03\/zoom-video-36x20.png 36w, https:\/\/solidarite-handicap.ch\/wordp\/wp-content\/uploads\/2021\/03\/zoom-video-48x26.png 48w\" sizes=\"auto, (max-width: 106px) 100vw, 106px\" \/><\/p>\n\n\n\n<p>Si vous ne pouvez pas installer l&rsquo;application, il vous faut cliquer directement sur le lien du cours, puis cliquer sur \u00ab\u00a0Rejoignez depuis votre navigateur\u00a0\u00bb<\/p>\n\n\n\n<figure class=\"wp-block-image is-resized\"><img loading=\"lazy\" decoding=\"async\" src=\"https:\/\/solidarite-handicap.ch\/wordp\/wp-content\/uploads\/2021\/03\/zoom-web-300x51.png\" alt=\"\" class=\"wp-image-29892\" width=\"525\" height=\"89\" srcset=\"https:\/\/solidarite-handicap.ch\/wordp\/wp-content\/uploads\/2021\/03\/zoom-web-300x51.png 300w, https:\/\/solidarite-handicap.ch\/wordp\/wp-content\/uploads\/2021\/03\/zoom-web-60x10.png 60w, https:\/\/solidarite-handicap.ch\/wordp\/wp-content\/uploads\/2021\/03\/zoom-web-36x6.png 36w, https:\/\/solidarite-handicap.ch\/wordp\/wp-content\/uploads\/2021\/03\/zoom-web-48x8.png 48w, https:\/\/solidarite-handicap.ch\/wordp\/wp-content\/uploads\/2021\/03\/zoom-web.png 635w\" sizes=\"auto, (max-width: 525px) 100vw, 525px\" \/><\/figure>\n\n\n\n<p>Bienvenue \u00e0 la s\u00e9ance. En cas de probl\u00e8me, vous pouvez contacter le Centre FCPA au 021.648.25.82<\/p>\n\n\n\n<p><\/p>\n","protected":false},"excerpt":{"rendered":"<p>Les vid\u00e9os pour nos cours en ligne ainsi que les recettes des cours de cuisine resteront accessibles avec votre mot de passe sur notre site sans limite de temps. Les cours FCPA en direct Karaok\u00e9 &#8211; lundiKaraok\u00e9 &#8211; mardi &nbsp; Zumba Mardi, de 17h45 \u00e0 18h45 d\u00e8s le 16 mars Discutons ensemble Jeudi, de 17h [&hellip;]<\/p>\n","protected":false},"author":1,"featured_media":0,"parent":28877,"menu_order":0,"comment_status":"closed","ping_status":"closed","template":"","meta":{"footnotes":""},"class_list":["post-29820","page","type-page","status-publish","hentry"],"_links":{"self":[{"href":"https:\/\/solidarite-handicap.ch\/wordp\/wp-json\/wp\/v2\/pages\/29820","targetHints":{"allow":["GET"]}}],"collection":[{"href":"https:\/\/solidarite-handicap.ch\/wordp\/wp-json\/wp\/v2\/pages"}],"about":[{"href":"https:\/\/solidarite-handicap.ch\/wordp\/wp-json\/wp\/v2\/types\/page"}],"author":[{"embeddable":true,"href":"https:\/\/solidarite-handicap.ch\/wordp\/wp-json\/wp\/v2\/users\/1"}],"replies":[{"embeddable":true,"href":"https:\/\/solidarite-handicap.ch\/wordp\/wp-json\/wp\/v2\/comments?post=29820"}],"version-history":[{"count":62,"href":"https:\/\/solidarite-handicap.ch\/wordp\/wp-json\/wp\/v2\/pages\/29820\/revisions"}],"predecessor-version":[{"id":31165,"href":"https:\/\/solidarite-handicap.ch\/wordp\/wp-json\/wp\/v2\/pages\/29820\/revisions\/31165"}],"up":[{"embeddable":true,"href":"https:\/\/solidarite-handicap.ch\/wordp\/wp-json\/wp\/v2\/pages\/28877"}],"wp:attachment":[{"href":"https:\/\/solidarite-handicap.ch\/wordp\/wp-json\/wp\/v2\/media?parent=29820"}],"curies":[{"name":"wp","href":"https:\/\/api.w.org\/{rel}","templated":true}]}}