{"id":30006,"date":"2021-03-09T11:09:07","date_gmt":"2021-03-09T10:09:07","guid":{"rendered":"http:\/\/solidarite-handicap.ch\/wordp\/?page_id=30006"},"modified":"2021-06-02T10:36:44","modified_gmt":"2021-06-02T08:36:44","slug":"repas-de-a-a-z","status":"publish","type":"page","link":"https:\/\/solidarite-handicap.ch\/wordp\/liste-des-cours-fcpa\/cours-en-ligne\/repas-de-a-a-z\/","title":{"rendered":"Repas de A \u00e0 Z"},"content":{"rendered":"\n<p><img loading=\"lazy\" decoding=\"async\" class=\"size-full wp-image-29929 alignleft\" src=\"https:\/\/solidarite-handicap.ch\/wordp\/wp-content\/uploads\/2021\/03\/Capture-de\u0301cran-2021-03-08-a\u0300-17.30.51.png\" alt=\"\" width=\"144\" height=\"128\" srcset=\"https:\/\/solidarite-handicap.ch\/wordp\/wp-content\/uploads\/2021\/03\/Capture-de\u0301cran-2021-03-08-a\u0300-17.30.51.png 144w, https:\/\/solidarite-handicap.ch\/wordp\/wp-content\/uploads\/2021\/03\/Capture-de\u0301cran-2021-03-08-a\u0300-17.30.51-45x40.png 45w, https:\/\/solidarite-handicap.ch\/wordp\/wp-content\/uploads\/2021\/03\/Capture-de\u0301cran-2021-03-08-a\u0300-17.30.51-36x32.png 36w, https:\/\/solidarite-handicap.ch\/wordp\/wp-content\/uploads\/2021\/03\/Capture-de\u0301cran-2021-03-08-a\u0300-17.30.51-48x43.png 48w\" sizes=\"auto, (max-width: 144px) 100vw, 144px\" \/><br>Cours par vid\u00e9o.<br>Enseignante: <strong>Mme Claudine Amaron<\/strong><br>Cliquez sur une s\u00e9ance pour d\u00e9couvrir la recette et la vid\u00e9o. Utilisez le mot de passe qui figure sur votre confirmation.<\/p>\n\n\n\n<p><span style=\"color: #3366ff;\"><a style=\"color: #3366ff;\" href=\"https:\/\/solidarite-handicap.ch\/wordp\/liste-des-cours-fcpa\/cours-en-ligne\/repas-de-a-a-z\/repas-de-a-a-z-seance-1-cotelette-de-porc-pates-au-beurre-et-carottes-cuites\/\">1 &#8211; C\u00f4telette de porc, p\u00e2tes au beurre et carottes \u00e9tuv\u00e9es<\/a><\/span><\/p>\n<p><span style=\"color: #3366ff;\"><a style=\"color: #3366ff;\" href=\"https:\/\/solidarite-handicap.ch\/wordp\/liste-des-cours-fcpa\/cours-en-ligne\/repas-de-a-a-z\/repas-de-a-a-z-seance-2-veloute-aux-brocolis-omelette-au-fromage-et-jambon-en-option-poires-au-yogourt-2\/\">2- Velout\u00e9 de brocolis, omelette au fromage et jambon (facultatif), poire au yaourt<\/a><\/span><\/p>\n<p><span style=\"color: #3366ff;\"><a style=\"color: #3366ff;\" href=\"https:\/\/solidarite-handicap.ch\/wordp\/liste-des-cours-fcpa\/cours-en-ligne\/repas-de-a-a-z\/repas-de-a-a-z-seance-3-pates-aux-legumes-et-crumble-aux-pommes\/\">3 &#8211; P\u00e2tes aux l\u00e9gumes, crumble aux pommes.<\/a><\/span><\/p>\n<p><span style=\"color: #3366ff;\"><a style=\"color: #3366ff;\" href=\"https:\/\/solidarite-handicap.ch\/wordp\/liste-des-cours-fcpa\/cours-en-ligne\/repas-de-a-a-z\/repas-de-a-a-z-seance-4-saucisse-a-rotir-sauce-aux-oignons-et-pomme-puree-2\/\">4 &#8211; Saucisse \u00e0 r\u00f4tir, sauce aux oignons, pommes pur\u00e9e (sachet).<\/a><\/span><\/p>\n<p><span style=\"color: #3366ff;\"><a style=\"color: #3366ff;\" href=\"https:\/\/solidarite-handicap.ch\/wordp\/liste-des-cours-fcpa\/cours-en-ligne\/repas-de-a-a-z\/repas-de-a-a-z-seance-5-emince-de-poulet-au-curry-riz-creole-epinards-en-branche-salade-de-fruit\/\">5 &#8211; Eminc\u00e9 de poulet au curry avec \u00e9pinards, riz cr\u00e9ole, salade de fruits<\/a><\/span><\/p>\n<p><span style=\"color: #3366ff;\"><a style=\"color: #3366ff;\" href=\"https:\/\/solidarite-handicap.ch\/wordp\/liste-des-cours-fcpa\/cours-en-ligne\/repas-de-a-a-z\/repas-de-a-a-z-seance-6-vol-au-vent-aux-champignons-riz-pilaf-salade-de-tomates\/\">6 &#8211; Vol-au-vent aux champignons, riz pilaf, salade de tomates.<\/a><\/span><\/p>\n<p><span style=\"color: #3366ff;\"><a style=\"color: #3366ff;\" href=\"https:\/\/solidarite-handicap.ch\/wordp\/liste-des-cours-fcpa\/cours-en-ligne\/repas-de-a-a-z\/repas-de-a-a-z-seance-2-veloute-aux-brocolis-omelette-au-fromage-et-jambon-en-option-poires-au-yogourt\/\">7 &#8211; Quiche lorraine, salade verte.<\/a><\/span><\/p>\n<p><span style=\"color: #3366ff;\"><a style=\"color: #3366ff;\" href=\"https:\/\/solidarite-handicap.ch\/wordp\/liste-des-cours-fcpa\/cours-en-ligne\/repas-de-a-a-z\/repas-de-a-a-z-seance-8-brochette-de-viande-semoule-de-ble-couscous-courgettes-a-la-tomate-creme-de-sere-aux-fraises\/\">8 &#8211; Brochette de viande, semoule de bl\u00e9 (couscous), courgettes \u00e0 la tomate, cr\u00e8me de s\u00e9r\u00e9 aux fraises.<\/a><\/span><\/p>\n<p><a href=\"https:\/\/solidarite-handicap.ch\/wordp\/liste-des-cours-fcpa\/cours-en-ligne\/repas-de-a-a-z\/repas-de-a-a-z-seance-9-hamburgers-et-frites-au-four\/\"><span style=\"background-color: #ffff00;\"><strong><span style=\"color: #3366ff;\">9 &#8211; Hamburgers et frites au four.<\/span><\/strong><\/span><\/a><\/p>\n<p>\u00a0<\/p>\n<p>\u00a0<\/p>\n","protected":false},"excerpt":{"rendered":"<p>Cours par vid\u00e9o.Enseignante: Mme Claudine AmaronCliquez sur une s\u00e9ance pour d\u00e9couvrir la recette et la vid\u00e9o. Utilisez le mot de passe qui figure sur votre confirmation. 1 &#8211; C\u00f4telette de porc, p\u00e2tes au beurre et carottes \u00e9tuv\u00e9es 2- Velout\u00e9 de brocolis, omelette au fromage et jambon (facultatif), poire au yaourt 3 &#8211; P\u00e2tes aux l\u00e9gumes, [&hellip;]<\/p>\n","protected":false},"author":1,"featured_media":0,"parent":29820,"menu_order":0,"comment_status":"open","ping_status":"closed","template":"","meta":{"footnotes":""},"class_list":["post-30006","page","type-page","status-publish","hentry"],"_links":{"self":[{"href":"https:\/\/solidarite-handicap.ch\/wordp\/wp-json\/wp\/v2\/pages\/30006","targetHints":{"allow":["GET"]}}],"collection":[{"href":"https:\/\/solidarite-handicap.ch\/wordp\/wp-json\/wp\/v2\/pages"}],"about":[{"href":"https:\/\/solidarite-handicap.ch\/wordp\/wp-json\/wp\/v2\/types\/page"}],"author":[{"embeddable":true,"href":"https:\/\/solidarite-handicap.ch\/wordp\/wp-json\/wp\/v2\/users\/1"}],"replies":[{"embeddable":true,"href":"https:\/\/solidarite-handicap.ch\/wordp\/wp-json\/wp\/v2\/comments?post=30006"}],"version-history":[{"count":22,"href":"https:\/\/solidarite-handicap.ch\/wordp\/wp-json\/wp\/v2\/pages\/30006\/revisions"}],"predecessor-version":[{"id":31145,"href":"https:\/\/solidarite-handicap.ch\/wordp\/wp-json\/wp\/v2\/pages\/30006\/revisions\/31145"}],"up":[{"embeddable":true,"href":"https:\/\/solidarite-handicap.ch\/wordp\/wp-json\/wp\/v2\/pages\/29820"}],"wp:attachment":[{"href":"https:\/\/solidarite-handicap.ch\/wordp\/wp-json\/wp\/v2\/media?parent=30006"}],"curies":[{"name":"wp","href":"https:\/\/api.w.org\/{rel}","templated":true}]}}