{"id":30011,"date":"2021-03-09T11:13:04","date_gmt":"2021-03-09T10:13:04","guid":{"rendered":"http:\/\/solidarite-handicap.ch\/wordp\/?page_id=30011"},"modified":"2021-07-19T15:03:33","modified_gmt":"2021-07-19T13:03:33","slug":"saveurs-dici-et-dailleurs","status":"publish","type":"page","link":"https:\/\/solidarite-handicap.ch\/wordp\/liste-des-cours-fcpa\/cours-en-ligne\/saveurs-dici-et-dailleurs\/","title":{"rendered":"Saveurs d&rsquo;ici et d&rsquo;ailleurs"},"content":{"rendered":"\n<p><img loading=\"lazy\" decoding=\"async\" class=\"wp-image-29928 size-full alignleft\" src=\"https:\/\/solidarite-handicap.ch\/wordp\/wp-content\/uploads\/2021\/03\/Capture-de\u0301cran-2021-03-08-a\u0300-17.30.59.png\" alt=\"\" width=\"150\" height=\"129\" srcset=\"https:\/\/solidarite-handicap.ch\/wordp\/wp-content\/uploads\/2021\/03\/Capture-de\u0301cran-2021-03-08-a\u0300-17.30.59.png 150w, https:\/\/solidarite-handicap.ch\/wordp\/wp-content\/uploads\/2021\/03\/Capture-de\u0301cran-2021-03-08-a\u0300-17.30.59-47x40.png 47w, https:\/\/solidarite-handicap.ch\/wordp\/wp-content\/uploads\/2021\/03\/Capture-de\u0301cran-2021-03-08-a\u0300-17.30.59-36x31.png 36w, https:\/\/solidarite-handicap.ch\/wordp\/wp-content\/uploads\/2021\/03\/Capture-de\u0301cran-2021-03-08-a\u0300-17.30.59-48x41.png 48w\" sizes=\"auto, (max-width: 150px) 100vw, 150px\" \/><br>Cours par vid\u00e9o.<br>Enseignante: <strong>Mme Sophie-Alexandra Doh<\/strong><br>Cliquez sur une s\u00e9ance pour d\u00e9couvrir la recette et la vid\u00e9o. Utilisez le mot de passe qui figure sur votre confirmation.<\/p>\n<p>&nbsp;<\/p>\n\n\n\n<p><span style=\"color: #3366ff;\"><a style=\"color: #3366ff;\" href=\"http:\/\/www.solidarite-handicap.ch\/wordp\/saveurs-dici-dailleurs-seance-1-veloute-dasperges-et-feuillete-au-fromage-de-chevre-2\">1 &#8211; Velout\u00e9 d&rsquo;asperges et feuillet\u00e9 au fromage de ch\u00e8vre<\/a><\/span><\/p>\n<p><span style=\"color: #3366ff;\"><a style=\"color: #3366ff;\" href=\"https:\/\/solidarite-handicap.ch\/wordp\/liste-des-cours-fcpa\/cours-en-ligne\/saveurs-dici-et-dailleurs\/saveurs-dici-dailleurs-seance-1-veloute-dasperges-et-feuillete-au-fromage-de-chevre\/\">2 &#8211; Poisson au four \u00e0 la portuguaise et pasteis de nata<\/a><\/span><\/p>\n<p><span style=\"color: #3366ff;\"><a style=\"color: #3366ff;\" href=\"https:\/\/solidarite-handicap.ch\/wordp\/liste-des-cours-fcpa\/cours-en-ligne\/saveurs-dici-et-dailleurs\/saveurs-dici-dailleurs-seance-3-papet-vaudois-et-saucisse-au-chou-tartelettes-au-citron\/\">3 &#8211; Papet vaudois et saucisse au chou, tartelettes au <span style=\"background-color: #ffff00;\"><span style=\"background-color: #ffffff;\">citron<\/span><\/span><\/a><\/span><\/p>\n<p><span style=\"color: #3366ff;\"><a style=\"color: #3366ff;\" href=\"https:\/\/solidarite-handicap.ch\/wordp\/liste-des-cours-fcpa\/cours-en-ligne\/saveurs-dici-et-dailleurs\/saveurs-dici-dailleurs-seance-4-fajitas-mexicaines\/\">4 &#8211; Fajitas mexicaines<\/a><\/span><\/p>\n<p><span style=\"color: #3366ff;\"><a style=\"color: #3366ff;\" href=\"https:\/\/solidarite-handicap.ch\/wordp\/liste-des-cours-fcpa\/cours-en-ligne\/saveurs-dici-et-dailleurs\/saveurs-dici-dailleurs-seance-5-kuku-wa-nasi-et-creme-de-mangue\/\">5 &#8211; Kuku wa Nasi et cr\u00e8me de mangue<\/a><\/span><\/p>\n<p><span style=\"color: #3366ff;\"><a style=\"color: #3366ff;\" href=\"https:\/\/solidarite-handicap.ch\/wordp\/liste-des-cours-fcpa\/cours-en-ligne\/saveurs-dici-et-dailleurs\/saveurs-dici-dailleurs-seance-6-couscous-aux-legumes-et-salade-de-carottes-a-la-marocaine\/\">6 &#8211; Couscous aux l\u00e9gumes et salade de carottes \u00e0 la Marocaine<\/a><\/span><\/p>\n<p><span style=\"color: #3366ff;\"><a style=\"color: #3366ff;\" href=\"https:\/\/solidarite-handicap.ch\/wordp\/liste-des-cours-fcpa\/cours-en-ligne\/saveurs-dici-et-dailleurs\/saveurs-dici-dailleurs-seance-7-emince-a-la-zurichoise-et-salade-de-rampon-et-avocat\/\">7 &#8211; Eminc\u00e9 de veau \u00e0 la Zurichoise et salade de rampon et avocat<\/a><\/span><\/p>\n<p><a href=\"https:\/\/solidarite-handicap.ch\/wordp\/liste-des-cours-fcpa\/cours-en-ligne\/saveurs-dici-et-dailleurs\/saveurs-dici-et-dailleurs-seance-8-moussaka-et-salade-grecque\/\"><span style=\"background-color: #ffff00;\"><strong><span style=\"color: #3366ff;\">8 &#8211; Moussaka et salade grecque<\/span><\/strong><\/span><\/a><\/p>\n<p>\u00a0<\/p>\n<p>\u00a0<\/p>\n<p>\u00a0<\/p>\n\n\n\n<p><\/p>\n","protected":false},"excerpt":{"rendered":"<p>Cours par vid\u00e9o.Enseignante: Mme Sophie-Alexandra DohCliquez sur une s\u00e9ance pour d\u00e9couvrir la recette et la vid\u00e9o. Utilisez le mot de passe qui figure sur votre confirmation. &nbsp; 1 &#8211; Velout\u00e9 d&rsquo;asperges et feuillet\u00e9 au fromage de ch\u00e8vre 2 &#8211; Poisson au four \u00e0 la portuguaise et pasteis de nata 3 &#8211; Papet vaudois et saucisse [&hellip;]<\/p>\n","protected":false},"author":1,"featured_media":0,"parent":29820,"menu_order":0,"comment_status":"open","ping_status":"closed","template":"","meta":{"footnotes":""},"class_list":["post-30011","page","type-page","status-publish","hentry"],"_links":{"self":[{"href":"https:\/\/solidarite-handicap.ch\/wordp\/wp-json\/wp\/v2\/pages\/30011","targetHints":{"allow":["GET"]}}],"collection":[{"href":"https:\/\/solidarite-handicap.ch\/wordp\/wp-json\/wp\/v2\/pages"}],"about":[{"href":"https:\/\/solidarite-handicap.ch\/wordp\/wp-json\/wp\/v2\/types\/page"}],"author":[{"embeddable":true,"href":"https:\/\/solidarite-handicap.ch\/wordp\/wp-json\/wp\/v2\/users\/1"}],"replies":[{"embeddable":true,"href":"https:\/\/solidarite-handicap.ch\/wordp\/wp-json\/wp\/v2\/comments?post=30011"}],"version-history":[{"count":21,"href":"https:\/\/solidarite-handicap.ch\/wordp\/wp-json\/wp\/v2\/pages\/30011\/revisions"}],"predecessor-version":[{"id":31189,"href":"https:\/\/solidarite-handicap.ch\/wordp\/wp-json\/wp\/v2\/pages\/30011\/revisions\/31189"}],"up":[{"embeddable":true,"href":"https:\/\/solidarite-handicap.ch\/wordp\/wp-json\/wp\/v2\/pages\/29820"}],"wp:attachment":[{"href":"https:\/\/solidarite-handicap.ch\/wordp\/wp-json\/wp\/v2\/media?parent=30011"}],"curies":[{"name":"wp","href":"https:\/\/api.w.org\/{rel}","templated":true}]}}