{"id":30013,"date":"2021-03-09T11:13:51","date_gmt":"2021-03-09T10:13:51","guid":{"rendered":"http:\/\/solidarite-handicap.ch\/wordp\/?page_id=30013"},"modified":"2021-06-02T10:37:01","modified_gmt":"2021-06-02T08:37:01","slug":"tartes-salees-et-sucrees","status":"publish","type":"page","link":"https:\/\/solidarite-handicap.ch\/wordp\/liste-des-cours-fcpa\/cours-en-ligne\/tartes-salees-et-sucrees\/","title":{"rendered":"Tartes sal\u00e9es et sucr\u00e9es"},"content":{"rendered":"\n<p><img loading=\"lazy\" decoding=\"async\" class=\"wp-image-29927 size-full alignleft\" src=\"https:\/\/solidarite-handicap.ch\/wordp\/wp-content\/uploads\/2021\/03\/Capture-de\u0301cran-2021-03-08-a\u0300-17.31.05.png\" alt=\"\" width=\"153\" height=\"117\" srcset=\"https:\/\/solidarite-handicap.ch\/wordp\/wp-content\/uploads\/2021\/03\/Capture-de\u0301cran-2021-03-08-a\u0300-17.31.05.png 153w, https:\/\/solidarite-handicap.ch\/wordp\/wp-content\/uploads\/2021\/03\/Capture-de\u0301cran-2021-03-08-a\u0300-17.31.05-52x40.png 52w, https:\/\/solidarite-handicap.ch\/wordp\/wp-content\/uploads\/2021\/03\/Capture-de\u0301cran-2021-03-08-a\u0300-17.31.05-36x28.png 36w, https:\/\/solidarite-handicap.ch\/wordp\/wp-content\/uploads\/2021\/03\/Capture-de\u0301cran-2021-03-08-a\u0300-17.31.05-48x37.png 48w\" sizes=\"auto, (max-width: 153px) 100vw, 153px\" \/><br>Cours par vid\u00e9o.<br>Enseignante: <strong>Mme Claudine Amaron<\/strong><br>Cliquez sur une s\u00e9ance pour d\u00e9couvrir la recette et la vid\u00e9o. Utilisez le mot de passe qui figure sur votre confirmation<\/p>\n\n\n\n<p><span style=\"color: #3366ff;\"><a style=\"color: #3366ff;\" href=\"https:\/\/solidarite-handicap.ch\/wordp\/liste-des-cours-fcpa\/cours-en-ligne\/tartes-salees-et-sucrees\/tartes-salees-et-sucrees-seance-1-quiche-lorraine\/\">1 &#8211; Quiche lorraine et salade verte<\/a><\/span><\/p>\n<p><span style=\"color: #3366ff;\"><a style=\"color: #3366ff;\" href=\"https:\/\/solidarite-handicap.ch\/wordp\/liste-des-cours-fcpa\/cours-en-ligne\/tartes-salees-et-sucrees\/tartes-salees-et-sucrees-seance-2-tarte-au-saumon-et-aux-epinards\/\">2 &#8211; Tarte au saumon et aux \u00e9pinards<\/a><\/span><\/p>\n<p><span style=\"color: #3366ff;\"><a style=\"color: #3366ff;\" href=\"https:\/\/solidarite-handicap.ch\/wordp\/liste-des-cours-fcpa\/cours-en-ligne\/tartes-salees-et-sucrees\/tartes-salees-et-sucrees-seance-2-tarte-aux-epinards-et-au-saumon\/\">3 &#8211; Tarte aux pommes.<\/a><\/span><\/p>\n<p><span style=\"color: #3366ff;\"><a style=\"color: #3366ff;\" href=\"https:\/\/solidarite-handicap.ch\/wordp\/liste-des-cours-fcpa\/cours-en-ligne\/tartes-salees-et-sucrees\/tartes-salees-et-sucrees-seance-4-tarte-a-la-viande-hachee-salade-aux-tomate-et-au-concombre\/\">4 &#8211; Tarte aux l\u00e9gumes et \u00e0 la viande hach\u00e9e, salade aux tomates et au concombre.<\/a><\/span><\/p>\n<p><span style=\"color: #3366ff;\"><a style=\"color: #3366ff;\" href=\"https:\/\/solidarite-handicap.ch\/wordp\/liste-des-cours-fcpa\/cours-en-ligne\/tartes-salees-et-sucrees\/tartes-salees-et-sucrees-seance-5-tarte-aux-poireaux-a-la-ricotta-et-au-chorizo-tartelettes-aux-vermicelles\/\">5 &#8211; Tarte aux poireaux, \u00e0 la ricotta et au chorizo, tartelettes aux vermicelles.<\/a><\/span><\/p>\n<p><span style=\"color: #3366ff;\"><a style=\"color: #3366ff;\" href=\"https:\/\/solidarite-handicap.ch\/wordp\/liste-des-cours-fcpa\/cours-en-ligne\/tartes-salees-et-sucrees\/tartes-salees-et-sucrees-seance-6-tarte-aux-legumes-dete-et-a-la-mozzarella-tartelettes-au-chocolat-2\/\">6 &#8211; Tarte aux l\u00e9gumes d\u2019\u00e9t\u00e9 et \u00e0 la mozzarella, tartelettes au chocolat.<\/a>\u00a0<\/span><\/p>\n<p><span style=\"color: #3366ff;\"><a style=\"color: #3366ff;\" href=\"https:\/\/solidarite-handicap.ch\/wordp\/liste-des-cours-fcpa\/cours-en-ligne\/tartes-salees-et-sucrees\/tartes-salees-et-sucrees-seance-6-tarte-aux-legumes-dete-et-a-la-mozzarella-tartelettes-au-chocolat\/\">7 &#8211; Tarte flamb\u00e9e \u00e0 l\u2019alsacienne, tartelettes aux citrons.<\/a><\/span><\/p>\n<p><span style=\"color: #3366ff;\"><a style=\"color: #3366ff;\" href=\"https:\/\/solidarite-handicap.ch\/wordp\/liste-des-cours-fcpa\/cours-en-ligne\/tartes-salees-et-sucrees\/tartes-salees-et-sucrees-seance-8-tarte-aux-courgettes-et-au-fromage-de-chevre-tartelettes-aux-fraises\/\">8 &#8211; Tarte aux courgettes et au fromage de ch\u00e8vre, tartelettes aux fraises<\/a>.<\/span><\/p>\n<p><a href=\"https:\/\/solidarite-handicap.ch\/wordp\/liste-des-cours-fcpa\/cours-en-ligne\/tartes-salees-et-sucrees\/tartes-salees-et-sucrees-seance-9-tarte-au-sere-et-aux-framboises\/\"><span style=\"background-color: #ffff00;\"><strong><span style=\"color: #3366ff;\">9 &#8211; Tarte au s\u00e9r\u00e9 et aux framboises.<\/span><\/strong><\/span><\/a><\/p>\n","protected":false},"excerpt":{"rendered":"<p>Cours par vid\u00e9o.Enseignante: Mme Claudine AmaronCliquez sur une s\u00e9ance pour d\u00e9couvrir la recette et la vid\u00e9o. Utilisez le mot de passe qui figure sur votre confirmation 1 &#8211; Quiche lorraine et salade verte 2 &#8211; Tarte au saumon et aux \u00e9pinards 3 &#8211; Tarte aux pommes. 4 &#8211; Tarte aux l\u00e9gumes et \u00e0 la viande [&hellip;]<\/p>\n","protected":false},"author":1,"featured_media":0,"parent":29820,"menu_order":0,"comment_status":"open","ping_status":"closed","template":"","meta":{"footnotes":""},"class_list":["post-30013","page","type-page","status-publish","hentry"],"_links":{"self":[{"href":"https:\/\/solidarite-handicap.ch\/wordp\/wp-json\/wp\/v2\/pages\/30013","targetHints":{"allow":["GET"]}}],"collection":[{"href":"https:\/\/solidarite-handicap.ch\/wordp\/wp-json\/wp\/v2\/pages"}],"about":[{"href":"https:\/\/solidarite-handicap.ch\/wordp\/wp-json\/wp\/v2\/types\/page"}],"author":[{"embeddable":true,"href":"https:\/\/solidarite-handicap.ch\/wordp\/wp-json\/wp\/v2\/users\/1"}],"replies":[{"embeddable":true,"href":"https:\/\/solidarite-handicap.ch\/wordp\/wp-json\/wp\/v2\/comments?post=30013"}],"version-history":[{"count":18,"href":"https:\/\/solidarite-handicap.ch\/wordp\/wp-json\/wp\/v2\/pages\/30013\/revisions"}],"predecessor-version":[{"id":31148,"href":"https:\/\/solidarite-handicap.ch\/wordp\/wp-json\/wp\/v2\/pages\/30013\/revisions\/31148"}],"up":[{"embeddable":true,"href":"https:\/\/solidarite-handicap.ch\/wordp\/wp-json\/wp\/v2\/pages\/29820"}],"wp:attachment":[{"href":"https:\/\/solidarite-handicap.ch\/wordp\/wp-json\/wp\/v2\/media?parent=30013"}],"curies":[{"name":"wp","href":"https:\/\/api.w.org\/{rel}","templated":true}]}}