{"id":30034,"date":"2021-03-09T11:23:54","date_gmt":"2021-03-09T10:23:54","guid":{"rendered":"http:\/\/solidarite-handicap.ch\/wordp\/?page_id=30034"},"modified":"2021-05-25T11:48:29","modified_gmt":"2021-05-25T09:48:29","slug":"cuisine-italienne","status":"publish","type":"page","link":"https:\/\/solidarite-handicap.ch\/wordp\/liste-des-cours-fcpa\/cours-en-ligne\/cuisine-italienne\/","title":{"rendered":"Cuisine italienne"},"content":{"rendered":"\n<p><img loading=\"lazy\" decoding=\"async\" class=\"wp-image-29930 size-full alignleft\" src=\"https:\/\/solidarite-handicap.ch\/wordp\/wp-content\/uploads\/2021\/03\/Capture-de\u0301cran-2021-03-08-a\u0300-17.30.46.png\" alt=\"\" width=\"151\" height=\"123\" srcset=\"https:\/\/solidarite-handicap.ch\/wordp\/wp-content\/uploads\/2021\/03\/Capture-de\u0301cran-2021-03-08-a\u0300-17.30.46.png 151w, https:\/\/solidarite-handicap.ch\/wordp\/wp-content\/uploads\/2021\/03\/Capture-de\u0301cran-2021-03-08-a\u0300-17.30.46-49x40.png 49w, https:\/\/solidarite-handicap.ch\/wordp\/wp-content\/uploads\/2021\/03\/Capture-de\u0301cran-2021-03-08-a\u0300-17.30.46-36x29.png 36w, https:\/\/solidarite-handicap.ch\/wordp\/wp-content\/uploads\/2021\/03\/Capture-de\u0301cran-2021-03-08-a\u0300-17.30.46-48x39.png 48w\" sizes=\"auto, (max-width: 151px) 100vw, 151px\" \/><br>Cours par vid\u00e9o.<br>Enseignante: <strong>Mme Claudine Amaron<\/strong><br>Cliquez sur la s\u00e9ance pour d\u00e9couvrir <strong>la recette et la vid\u00e9o<\/strong>. <br>Utilisez le mot de passe imprim\u00e9 sur votre confirmation.<\/p>\n\n\n\n<p><span style=\"color: #3366ff;\"><a style=\"color: #3366ff;\" href=\"https:\/\/solidarite-handicap.ch\/wordp\/liste-des-cours-fcpa\/cours-en-ligne\/cuisine-italienne\/cuisine-italienne-seance-1-les-classiques\/\">S\u00e9ance 1 &#8211; Les classiques: Minestrone et Tiramisu<\/a><\/span><\/p>\n<p><span style=\"color: #3366ff;\"><a style=\"color: #3366ff;\" href=\"https:\/\/solidarite-handicap.ch\/wordp\/cuisine-italienne-seance-2\/\">S\u00e9ance 2 &#8211; La Sicile: Caponata et langues de belle-m\u00e8re, escalopes au marsala et risotto aux bolets<\/a><\/span><\/p>\n<p><span style=\"color: #3366ff;\"><a style=\"color: #3366ff;\" href=\"https:\/\/solidarite-handicap.ch\/wordp\/cuisine-italienne-seance-3-la-calabre\/\">S\u00e9ance 3 &#8211; La Calabre: Cabillaud \u00e0 la calabraise et poivrons aux amandes, gratin d&rsquo;oranges en dessert<\/a><\/span><\/p>\n<p><span style=\"color: #3366ff;\"><a style=\"color: #3366ff;\" href=\"https:\/\/solidarite-handicap.ch\/wordp\/liste-des-cours-fcpa\/cours-en-ligne\/cuisine-italienne\/cuisine-italienne-seance-4-emilie-romagne\/\">S\u00e9ance 4 &#8211; Emilie-Romagne: Salade m\u00eal\u00e9e, Tagliatelle \u00e0 la bolognaise, g\u00e2teau au chocolat<\/a><\/span><\/p>\n<p><span style=\"color: #3366ff;\"><a style=\"color: #3366ff;\" href=\"https:\/\/solidarite-handicap.ch\/wordp\/liste-des-cours-fcpa\/cours-en-ligne\/cuisine-italienne\/cuisine-italienne-seance-5-toscane\/\">S\u00e9ance<strong> 5 &#8211;<\/strong> Toscane: Salade de pain, Cr\u00eapes gratin\u00e9es aux \u00e9pinards, Cantucci aux amandes<\/a><\/span><\/p>\n<p><span style=\"color: #3366ff;\"><a style=\"color: #3366ff;\" href=\"https:\/\/solidarite-handicap.ch\/wordp\/liste-des-cours-fcpa\/cours-en-ligne\/cuisine-italienne\/cuisine-italienne-seance-6-lombardie\/\">S\u00e9ance 6 &#8211; Lombardie: Piccata de veau \u00e0 la milanaise, sauce tomate, risotto au safran et brocoli vapeur; biscuits \u00ab\u00a0Brutti ma buoni\u00a0\u00bb en dessert<\/a>\u00a0<\/span><\/p>\n<p><span style=\"color: #3366ff;\"><a style=\"color: #3366ff;\" href=\"https:\/\/solidarite-handicap.ch\/wordp\/liste-des-cours-fcpa\/cours-en-ligne\/cuisine-italienne\/cuisine-italienne-seance-7-latium\/\">S\u00e9ance 7 &#8211; Latium: Salade de haricots de Soissons, spaghetti al&rsquo;amatriciana; g\u00e2teau \u00e0 la ricotta en dessert<\/a><\/span><\/p>\n<p><span style=\"color: #3366ff;\"><a style=\"color: #3366ff;\" href=\"https:\/\/solidarite-handicap.ch\/wordp\/liste-des-cours-fcpa\/cours-en-ligne\/cuisine-italienne\/cuisine-italienne-seance-8-abruzzes\/\"><span style=\"background-color: #ffff00;\"><strong>S\u00e9ance 8 &#8211; Abruzzes: Salade de haricots ti\u00e8des, Involtini de porc et Polenta; Parozzo (g\u00e2teau aux amandes et au chocolat)<\/strong><\/span><\/a><\/span><\/p>\n\n\n\n<p><\/p>\n","protected":false},"excerpt":{"rendered":"<p>Cours par vid\u00e9o.Enseignante: Mme Claudine AmaronCliquez sur la s\u00e9ance pour d\u00e9couvrir la recette et la vid\u00e9o. Utilisez le mot de passe imprim\u00e9 sur votre confirmation. S\u00e9ance 1 &#8211; Les classiques: Minestrone et Tiramisu S\u00e9ance 2 &#8211; La Sicile: Caponata et langues de belle-m\u00e8re, escalopes au marsala et risotto aux bolets S\u00e9ance 3 &#8211; La Calabre: [&hellip;]<\/p>\n","protected":false},"author":1,"featured_media":0,"parent":29820,"menu_order":0,"comment_status":"open","ping_status":"closed","template":"","meta":{"footnotes":""},"class_list":["post-30034","page","type-page","status-publish","hentry"],"_links":{"self":[{"href":"https:\/\/solidarite-handicap.ch\/wordp\/wp-json\/wp\/v2\/pages\/30034","targetHints":{"allow":["GET"]}}],"collection":[{"href":"https:\/\/solidarite-handicap.ch\/wordp\/wp-json\/wp\/v2\/pages"}],"about":[{"href":"https:\/\/solidarite-handicap.ch\/wordp\/wp-json\/wp\/v2\/types\/page"}],"author":[{"embeddable":true,"href":"https:\/\/solidarite-handicap.ch\/wordp\/wp-json\/wp\/v2\/users\/1"}],"replies":[{"embeddable":true,"href":"https:\/\/solidarite-handicap.ch\/wordp\/wp-json\/wp\/v2\/comments?post=30034"}],"version-history":[{"count":20,"href":"https:\/\/solidarite-handicap.ch\/wordp\/wp-json\/wp\/v2\/pages\/30034\/revisions"}],"predecessor-version":[{"id":31103,"href":"https:\/\/solidarite-handicap.ch\/wordp\/wp-json\/wp\/v2\/pages\/30034\/revisions\/31103"}],"up":[{"embeddable":true,"href":"https:\/\/solidarite-handicap.ch\/wordp\/wp-json\/wp\/v2\/pages\/29820"}],"wp:attachment":[{"href":"https:\/\/solidarite-handicap.ch\/wordp\/wp-json\/wp\/v2\/media?parent=30034"}],"curies":[{"name":"wp","href":"https:\/\/api.w.org\/{rel}","templated":true}]}}