{"id":30092,"date":"2021-03-09T17:29:39","date_gmt":"2021-03-09T16:29:39","guid":{"rendered":"http:\/\/solidarite-handicap.ch\/wordp\/?page_id=30092"},"modified":"2021-03-25T12:53:12","modified_gmt":"2021-03-25T11:53:12","slug":"karaoke","status":"publish","type":"page","link":"https:\/\/solidarite-handicap.ch\/wordp\/liste-des-cours-fcpa\/cours-en-ligne\/karaoke\/","title":{"rendered":"Karaok\u00e9 &#8211; groupe du lundi"},"content":{"rendered":"\n<p><img loading=\"lazy\" decoding=\"async\" class=\"wp-image-29832  alignleft\" src=\"https:\/\/solidarite-handicap.ch\/wordp\/wp-content\/uploads\/2021\/02\/Capture-de\u0301cran-2021-02-15-a\u0300-11.42.13.png\" alt=\"\" width=\"122\" height=\"115\" srcset=\"https:\/\/solidarite-handicap.ch\/wordp\/wp-content\/uploads\/2021\/02\/Capture-de\u0301cran-2021-02-15-a\u0300-11.42.13.png 155w, https:\/\/solidarite-handicap.ch\/wordp\/wp-content\/uploads\/2021\/02\/Capture-de\u0301cran-2021-02-15-a\u0300-11.42.13-42x40.png 42w, https:\/\/solidarite-handicap.ch\/wordp\/wp-content\/uploads\/2021\/02\/Capture-de\u0301cran-2021-02-15-a\u0300-11.42.13-36x34.png 36w, https:\/\/solidarite-handicap.ch\/wordp\/wp-content\/uploads\/2021\/02\/Capture-de\u0301cran-2021-02-15-a\u0300-11.42.13-48x45.png 48w\" sizes=\"auto, (max-width: 122px) 100vw, 122px\" \/><br>Animateur: <strong>M. Carlos Zeballos<\/strong><br>Horaire: <strong>18h \u00e0 19h<\/strong><\/p>\n\n\n\n<p><strong><a href=\"https:\/\/us02web.zoom.us\/j\/89923014656?pwd=RlV0VWRvbndoMngrRXBPbndsNkZqdz09\">Pour acc\u00e9der \u00e0 la s\u00e9ance, cliquez ici.<\/a><\/strong><br>Il est fortement conseill\u00e9 d&rsquo;installer l&rsquo;application Zoom pour avoir une meilleure connexion pendant la s\u00e9ance. Vous pouvez l&rsquo;installer <strong><a rel=\"noreferrer noopener\" href=\"https:\/\/zoom.us\/download\" target=\"_blank\">en cliquant sur ce lien<\/a><\/strong>.<\/p>\n\n\n\n<p class=\"has-vivid-purple-color has-text-color\"><strong>Le cours commence lundi 29 mars 2021.<\/strong><\/p>\n\n\n\n<p><strong>Groupe du lundi, les dates :<\/strong><\/p>\n<ol>\n<li>Lundi 29 mars 21<\/li>\n<\/ol>\n<ul>\n<li>Vacances de P\u00e2ques<\/li>\n<\/ul>\n<ol start=\"2\">\n<li>Lundi 19 avril 21<\/li>\n<li>Lundi 26 avril 21<\/li>\n<li>Lundi 03 mai 21<\/li>\n<li>Lundi 10 mai 21<\/li>\n<li>Lundi 17 mai 21<\/li>\n<\/ol>\n<ul>\n<li>Lundi de Pentec\u00f4te<\/li>\n<\/ul>\n<ol start=\"7\">\n<li>Lundi 31 mai 21<\/li>\n<li>Lundi 07 juin 21<\/li>\n<li>Lundi 14 juin 21<\/li>\n<li>Lundi 21 juin 21<\/li>\n<li>Lundi 28 juin 21<\/li>\n<li>Lundi 5 juillet 21<\/li>\n<\/ol>\n","protected":false},"excerpt":{"rendered":"<p>Animateur: M. Carlos ZeballosHoraire: 18h \u00e0 19h Pour acc\u00e9der \u00e0 la s\u00e9ance, cliquez ici.Il est fortement conseill\u00e9 d&rsquo;installer l&rsquo;application Zoom pour avoir une meilleure connexion pendant la s\u00e9ance. Vous pouvez l&rsquo;installer en cliquant sur ce lien. Le cours commence lundi 29 mars 2021. Groupe du lundi, les dates : Lundi 29 mars 21 Vacances de [&hellip;]<\/p>\n","protected":false},"author":1,"featured_media":0,"parent":29820,"menu_order":0,"comment_status":"open","ping_status":"closed","template":"","meta":{"footnotes":""},"class_list":["post-30092","page","type-page","status-publish","hentry"],"_links":{"self":[{"href":"https:\/\/solidarite-handicap.ch\/wordp\/wp-json\/wp\/v2\/pages\/30092","targetHints":{"allow":["GET"]}}],"collection":[{"href":"https:\/\/solidarite-handicap.ch\/wordp\/wp-json\/wp\/v2\/pages"}],"about":[{"href":"https:\/\/solidarite-handicap.ch\/wordp\/wp-json\/wp\/v2\/types\/page"}],"author":[{"embeddable":true,"href":"https:\/\/solidarite-handicap.ch\/wordp\/wp-json\/wp\/v2\/users\/1"}],"replies":[{"embeddable":true,"href":"https:\/\/solidarite-handicap.ch\/wordp\/wp-json\/wp\/v2\/comments?post=30092"}],"version-history":[{"count":12,"href":"https:\/\/solidarite-handicap.ch\/wordp\/wp-json\/wp\/v2\/pages\/30092\/revisions"}],"predecessor-version":[{"id":30668,"href":"https:\/\/solidarite-handicap.ch\/wordp\/wp-json\/wp\/v2\/pages\/30092\/revisions\/30668"}],"up":[{"embeddable":true,"href":"https:\/\/solidarite-handicap.ch\/wordp\/wp-json\/wp\/v2\/pages\/29820"}],"wp:attachment":[{"href":"https:\/\/solidarite-handicap.ch\/wordp\/wp-json\/wp\/v2\/media?parent=30092"}],"curies":[{"name":"wp","href":"https:\/\/api.w.org\/{rel}","templated":true}]}}