{"id":30096,"date":"2021-03-09T17:33:46","date_gmt":"2021-03-09T16:33:46","guid":{"rendered":"http:\/\/solidarite-handicap.ch\/wordp\/?page_id=30096"},"modified":"2021-06-21T16:45:30","modified_gmt":"2021-06-21T14:45:30","slug":"zumba","status":"publish","type":"page","link":"https:\/\/solidarite-handicap.ch\/wordp\/liste-des-cours-fcpa\/cours-en-ligne\/zumba\/","title":{"rendered":"Zumba"},"content":{"rendered":"\n<p><img loading=\"lazy\" decoding=\"async\" class=\"wp-image-29835  alignleft\" src=\"https:\/\/solidarite-handicap.ch\/wordp\/wp-content\/uploads\/2021\/02\/Capture-de\u0301cran-2021-02-15-a\u0300-11.42.24.png\" alt=\"\" width=\"167\" height=\"155\" srcset=\"https:\/\/solidarite-handicap.ch\/wordp\/wp-content\/uploads\/2021\/02\/Capture-de\u0301cran-2021-02-15-a\u0300-11.42.24.png 152w, https:\/\/solidarite-handicap.ch\/wordp\/wp-content\/uploads\/2021\/02\/Capture-de\u0301cran-2021-02-15-a\u0300-11.42.24-43x40.png 43w, https:\/\/solidarite-handicap.ch\/wordp\/wp-content\/uploads\/2021\/02\/Capture-de\u0301cran-2021-02-15-a\u0300-11.42.24-36x33.png 36w, https:\/\/solidarite-handicap.ch\/wordp\/wp-content\/uploads\/2021\/02\/Capture-de\u0301cran-2021-02-15-a\u0300-11.42.24-48x45.png 48w\" sizes=\"auto, (max-width: 167px) 100vw, 167px\" \/><br>Enseignante: <strong>Mme Ana Ferreira<\/strong><\/p>\n<p>Horaire: <strong>17h45 \u00e0 18h45.<\/strong><\/p>\n\n\n\n<p><\/p>\n\n\n\n<p>Pour vous connecter, cliquez sur la date de la s\u00e9ance. Une fois connect\u00e9, vous devez attendre que l&rsquo;enseignante vous fasse rentrer dans le cours, cela peut prendre une \u00e0 deux minutes.<\/p>\n<p><strong>Suite \u00e0 un souci technique, la s\u00e9ance du mardi 15 juin 2021 n&rsquo;a pas pu avoir lieu, nous nous en excusons.<\/strong><\/p>\n<p>En remplacement, nous vous proposons une derni\u00e8re s\u00e9ance le :<\/p>\n<p><strong>Mardi 22 juin<\/strong> &#8211;<strong><span style=\"background-color: #ffff00;\"><a style=\"background-color: #ffff00;\" href=\"https:\/\/us02web.zoom.us\/j\/85967312959?pwd=S0hhRm1xaDFvNkpmTWgydDQ0ZWR4dz09\"> Cliquez ici pour rejoindre la s\u00e9ance<\/a><\/span><\/strong>.<\/p>\n<p><strong><span style=\"color: #800000;\">Attention<\/span><\/strong>: le mot de passe pour cette derni\u00e8re s\u00e9ance a \u00e9t\u00e9 modifi\u00e9,<br \/>il faut d\u00e9sormais entrer le code suivant au besoin: <span style=\"background-color: #ccffcc;\"><strong>ZUUMBA<\/strong><\/span><\/p>\n","protected":false},"excerpt":{"rendered":"<p>Enseignante: Mme Ana Ferreira Horaire: 17h45 \u00e0 18h45. Pour vous connecter, cliquez sur la date de la s\u00e9ance. Une fois connect\u00e9, vous devez attendre que l&rsquo;enseignante vous fasse rentrer dans le cours, cela peut prendre une \u00e0 deux minutes. Suite \u00e0 un souci technique, la s\u00e9ance du mardi 15 juin 2021 n&rsquo;a pas pu avoir [&hellip;]<\/p>\n","protected":false},"author":1,"featured_media":0,"parent":29820,"menu_order":0,"comment_status":"open","ping_status":"closed","template":"","meta":{"footnotes":""},"class_list":["post-30096","page","type-page","status-publish","hentry"],"_links":{"self":[{"href":"https:\/\/solidarite-handicap.ch\/wordp\/wp-json\/wp\/v2\/pages\/30096","targetHints":{"allow":["GET"]}}],"collection":[{"href":"https:\/\/solidarite-handicap.ch\/wordp\/wp-json\/wp\/v2\/pages"}],"about":[{"href":"https:\/\/solidarite-handicap.ch\/wordp\/wp-json\/wp\/v2\/types\/page"}],"author":[{"embeddable":true,"href":"https:\/\/solidarite-handicap.ch\/wordp\/wp-json\/wp\/v2\/users\/1"}],"replies":[{"embeddable":true,"href":"https:\/\/solidarite-handicap.ch\/wordp\/wp-json\/wp\/v2\/comments?post=30096"}],"version-history":[{"count":16,"href":"https:\/\/solidarite-handicap.ch\/wordp\/wp-json\/wp\/v2\/pages\/30096\/revisions"}],"predecessor-version":[{"id":31170,"href":"https:\/\/solidarite-handicap.ch\/wordp\/wp-json\/wp\/v2\/pages\/30096\/revisions\/31170"}],"up":[{"embeddable":true,"href":"https:\/\/solidarite-handicap.ch\/wordp\/wp-json\/wp\/v2\/pages\/29820"}],"wp:attachment":[{"href":"https:\/\/solidarite-handicap.ch\/wordp\/wp-json\/wp\/v2\/media?parent=30096"}],"curies":[{"name":"wp","href":"https:\/\/api.w.org\/{rel}","templated":true}]}}