{"id":30308,"date":"2021-03-15T11:13:35","date_gmt":"2021-03-15T10:13:35","guid":{"rendered":"http:\/\/solidarite-handicap.ch\/wordp\/?page_id=30308"},"modified":"2021-06-02T10:30:36","modified_gmt":"2021-06-02T08:30:36","slug":"voyagez-avec-moi","status":"publish","type":"page","link":"https:\/\/solidarite-handicap.ch\/wordp\/liste-des-cours-fcpa\/cours-en-ligne\/voyagez-avec-moi\/","title":{"rendered":"Voyagez avec moi"},"content":{"rendered":"\n<p><img loading=\"lazy\" decoding=\"async\" class=\"wp-image-29836  alignleft\" src=\"https:\/\/solidarite-handicap.ch\/wordp\/wp-content\/uploads\/2021\/02\/Capture-de\u0301cran-2021-02-15-a\u0300-11.42.29.png\" alt=\"\" width=\"124\" height=\"128\" srcset=\"https:\/\/solidarite-handicap.ch\/wordp\/wp-content\/uploads\/2021\/02\/Capture-de\u0301cran-2021-02-15-a\u0300-11.42.29.png 156w, https:\/\/solidarite-handicap.ch\/wordp\/wp-content\/uploads\/2021\/02\/Capture-de\u0301cran-2021-02-15-a\u0300-11.42.29-39x40.png 39w, https:\/\/solidarite-handicap.ch\/wordp\/wp-content\/uploads\/2021\/02\/Capture-de\u0301cran-2021-02-15-a\u0300-11.42.29-36x36.png 36w\" sizes=\"auto, (max-width: 124px) 100vw, 124px\" \/><br>Cours en direct.<br>Enseignante: <strong>Mme Denise Berger<br><\/strong><\/p>\n<p>Pour vous connecter, <span style=\"background-color: #ffff00;\"><strong><a style=\"background-color: #ffff00;\" href=\"https:\/\/us02web.zoom.us\/j\/83126685957?pwd=UkYvUVA1ZVE2R00yL3pNeEFWS1pSUT09\">cliquez ici pour vous connecter \u00e0 la s\u00e9ance<\/a>.<\/strong><\/span><\/p>\n<p>Il est fortement conseill\u00e9 d&rsquo;installer l&rsquo;application Zoom pour avoir une meilleure connexion pendant la s\u00e9ance. Vous pouvez l&rsquo;installer <strong><a href=\"https:\/\/zoom.us\/download\" target=\"_blank\" rel=\"noreferrer noopener\">en cliquant sur ce lien<\/a><\/strong>.<\/p>\n<p>Horaire des s\u00e9ances: <strong>18h30 \u00e0 19h30<\/strong>.<\/p>\n<p>Une fois connect\u00e9, vous devrez attendre que l&rsquo;enseignante vous fasse rentrer dans la r\u00e9union, cela peut prendre une \u00e0 deux minutes.<\/p>\n\n\n\n<p><strong>Les dates du cours<\/strong> :<\/p>\n<ol>\n<li><span style=\"color: #999999;\">Jeudi 25 mars 21<\/span><\/li>\n<li><span style=\"color: #999999;\">Jeudi 22 avril 21<\/span><\/li>\n<li><span style=\"color: #999999;\">Jeudi 06 mai 21<\/span><\/li>\n<li><span style=\"background-color: #ffff00; color: #000000;\"><strong>Jeudi 03 juin 21<\/strong><\/span><\/li>\n<\/ol>\n\n\n\n<p><\/p>\n","protected":false},"excerpt":{"rendered":"<p>Cours en direct.Enseignante: Mme Denise Berger Pour vous connecter, cliquez ici pour vous connecter \u00e0 la s\u00e9ance. Il est fortement conseill\u00e9 d&rsquo;installer l&rsquo;application Zoom pour avoir une meilleure connexion pendant la s\u00e9ance. Vous pouvez l&rsquo;installer en cliquant sur ce lien. Horaire des s\u00e9ances: 18h30 \u00e0 19h30. Une fois connect\u00e9, vous devrez attendre que l&rsquo;enseignante vous [&hellip;]<\/p>\n","protected":false},"author":1,"featured_media":0,"parent":29820,"menu_order":0,"comment_status":"open","ping_status":"closed","template":"","meta":{"footnotes":""},"class_list":["post-30308","page","type-page","status-publish","hentry"],"_links":{"self":[{"href":"https:\/\/solidarite-handicap.ch\/wordp\/wp-json\/wp\/v2\/pages\/30308","targetHints":{"allow":["GET"]}}],"collection":[{"href":"https:\/\/solidarite-handicap.ch\/wordp\/wp-json\/wp\/v2\/pages"}],"about":[{"href":"https:\/\/solidarite-handicap.ch\/wordp\/wp-json\/wp\/v2\/types\/page"}],"author":[{"embeddable":true,"href":"https:\/\/solidarite-handicap.ch\/wordp\/wp-json\/wp\/v2\/users\/1"}],"replies":[{"embeddable":true,"href":"https:\/\/solidarite-handicap.ch\/wordp\/wp-json\/wp\/v2\/comments?post=30308"}],"version-history":[{"count":8,"href":"https:\/\/solidarite-handicap.ch\/wordp\/wp-json\/wp\/v2\/pages\/30308\/revisions"}],"predecessor-version":[{"id":31150,"href":"https:\/\/solidarite-handicap.ch\/wordp\/wp-json\/wp\/v2\/pages\/30308\/revisions\/31150"}],"up":[{"embeddable":true,"href":"https:\/\/solidarite-handicap.ch\/wordp\/wp-json\/wp\/v2\/pages\/29820"}],"wp:attachment":[{"href":"https:\/\/solidarite-handicap.ch\/wordp\/wp-json\/wp\/v2\/media?parent=30308"}],"curies":[{"name":"wp","href":"https:\/\/api.w.org\/{rel}","templated":true}]}}