{"id":30474,"date":"2021-03-16T16:35:38","date_gmt":"2021-03-16T15:35:38","guid":{"rendered":"http:\/\/solidarite-handicap.ch\/wordp\/?page_id=30474"},"modified":"2021-03-16T16:35:39","modified_gmt":"2021-03-16T15:35:39","slug":"demande-pour-devenir-membre-de-solidarite-handicap-mental","status":"publish","type":"page","link":"https:\/\/solidarite-handicap.ch\/wordp\/contact\/demande-pour-devenir-membre-de-solidarite-handicap-mental\/","title":{"rendered":"Demande pour devenir membre de Solidarit\u00e9-Handicap mental"},"content":{"rendered":"\n<p>En tant que membre, je re\u00e7ois les statuts, le rapport annuel de l&rsquo;association,<br>la convocation \u00e0 l&rsquo;Assembl\u00e9e g\u00e9n\u00e9rale et les lettres aux membres. Je peux en<br>tout temps m&rsquo;informer des activit\u00e9s de l&rsquo;association ou transmettre une proposition.<\/p>\n\n\n\n<div class=\"wp-block-contact-form-7-contact-form-selector\">\n<div class=\"wpcf7 no-js\" id=\"wpcf7-f29340-o1\" lang=\"fr-FR\" dir=\"ltr\" data-wpcf7-id=\"29340\">\n<div class=\"screen-reader-response\"><p role=\"status\" aria-live=\"polite\" aria-atomic=\"true\"><\/p> <ul><\/ul><\/div>\n<form action=\"\/wordp\/wp-json\/wp\/v2\/pages\/30474#wpcf7-f29340-o1\" method=\"post\" class=\"wpcf7-form init\" aria-label=\"Formulaire de contact\" novalidate=\"novalidate\" data-status=\"init\">\n<fieldset class=\"hidden-fields-container\"><input type=\"hidden\" name=\"_wpcf7\" value=\"29340\" \/><input type=\"hidden\" name=\"_wpcf7_version\" value=\"6.1\" \/><input type=\"hidden\" name=\"_wpcf7_locale\" value=\"fr_FR\" \/><input type=\"hidden\" name=\"_wpcf7_unit_tag\" value=\"wpcf7-f29340-o1\" \/><input type=\"hidden\" name=\"_wpcf7_container_post\" value=\"0\" \/><input type=\"hidden\" name=\"_wpcf7_posted_data_hash\" value=\"\" \/>\n<\/fieldset>\n<div class=\"wpcf7-turnstile cf-turnstile\" data-sitekey=\"0x4AAAAAABlDCEm0orzXNcsR\" data-response-field-name=\"_wpcf7_turnstile_response\"><\/div>\n\n<p><label> Membre <\/label>\n<\/p>\n<p><span class=\"wpcf7-form-control-wrap\" data-name=\"radio-259\"><span class=\"wpcf7-form-control wpcf7-radio\"><span class=\"wpcf7-list-item first\"><label><input type=\"radio\" name=\"radio-259\" value=\"Membre individuel, cotisation annuelle de 60CHF (80CHF en soutien)\" checked=\"checked\" \/><span class=\"wpcf7-list-item-label\">Membre individuel, cotisation annuelle de 60CHF (80CHF en soutien)<\/span><\/label><\/span><span class=\"wpcf7-list-item last\"><label><input type=\"radio\" name=\"radio-259\" value=\"Membre collectif, cotisation annuelle de 100CHF (120CHF en soutien)\" \/><span class=\"wpcf7-list-item-label\">Membre collectif, cotisation annuelle de 100CHF (120CHF en soutien)<\/span><\/label><\/span><\/span><\/span>\n<\/p>\n<p><label> Pr\u00e9nom*<br \/>\n<span class=\"wpcf7-form-control-wrap\" data-name=\"your-prenom\"><input size=\"40\" maxlength=\"400\" class=\"wpcf7-form-control wpcf7-text wpcf7-validates-as-required\" aria-required=\"true\" aria-invalid=\"false\" value=\"\" type=\"text\" name=\"your-prenom\" \/><\/span> <\/label>\n<\/p>\n<p><label> Nom*<br \/>\n<span class=\"wpcf7-form-control-wrap\" data-name=\"your-nom\"><input size=\"40\" maxlength=\"400\" class=\"wpcf7-form-control wpcf7-text wpcf7-validates-as-required\" aria-required=\"true\" aria-invalid=\"false\" value=\"\" type=\"text\" name=\"your-nom\" \/><\/span> <\/label>\n<\/p>\n<p><label> Rue et num\u00e9ro*<br \/>\n<span class=\"wpcf7-form-control-wrap\" data-name=\"your-rue\"><input size=\"40\" maxlength=\"400\" class=\"wpcf7-form-control wpcf7-text wpcf7-validates-as-required\" aria-required=\"true\" aria-invalid=\"false\" value=\"\" type=\"text\" name=\"your-rue\" \/><\/span> <\/label>\n<\/p>\n<p><label> NPA et localit\u00e9*<br \/>\n<span class=\"wpcf7-form-control-wrap\" data-name=\"your-ville\"><input size=\"40\" maxlength=\"400\" class=\"wpcf7-form-control wpcf7-text wpcf7-validates-as-required\" aria-required=\"true\" aria-invalid=\"false\" value=\"\" type=\"text\" name=\"your-ville\" \/><\/span> <\/label>\n<\/p>\n<p><label> Adresse email<br \/>\n<span class=\"wpcf7-form-control-wrap\" data-name=\"your-email\"><input size=\"40\" maxlength=\"400\" class=\"wpcf7-form-control wpcf7-email wpcf7-text wpcf7-validates-as-email\" aria-invalid=\"false\" value=\"\" type=\"email\" name=\"your-email\" \/><\/span> <\/label>\n<\/p>\n<p><label> T\u00e9l\u00e9phone<br \/>\n<span class=\"wpcf7-form-control-wrap\" data-name=\"your-phone\"><input size=\"40\" maxlength=\"400\" class=\"wpcf7-form-control wpcf7-text\" aria-invalid=\"false\" value=\"\" type=\"text\" name=\"your-phone\" \/><\/span> <\/label>\n<\/p>\n<p><label> Remarques<br \/>\n<span class=\"wpcf7-form-control-wrap\" data-name=\"your-message\"><textarea cols=\"40\" rows=\"3\" maxlength=\"2000\" class=\"wpcf7-form-control wpcf7-textarea\" aria-invalid=\"false\" name=\"your-message\"><\/textarea><\/span> <\/label>\n<\/p>\n<p><input class=\"wpcf7-form-control wpcf7-submit has-spinner\" type=\"submit\" value=\"Envoyer\" \/>\n<\/p><div class=\"wpcf7-response-output\" aria-hidden=\"true\"><\/div>\n<\/form>\n<\/div>\n<\/div>\n","protected":false},"excerpt":{"rendered":"<p>En tant que membre, je re\u00e7ois les statuts, le rapport annuel de l&rsquo;association,la convocation \u00e0 l&rsquo;Assembl\u00e9e g\u00e9n\u00e9rale et les lettres aux membres. Je peux entout temps m&rsquo;informer des activit\u00e9s de l&rsquo;association ou transmettre une proposition.<\/p>\n","protected":false},"author":1,"featured_media":0,"parent":45,"menu_order":0,"comment_status":"closed","ping_status":"closed","template":"","meta":{"footnotes":""},"class_list":["post-30474","page","type-page","status-publish","hentry"],"_links":{"self":[{"href":"https:\/\/solidarite-handicap.ch\/wordp\/wp-json\/wp\/v2\/pages\/30474","targetHints":{"allow":["GET"]}}],"collection":[{"href":"https:\/\/solidarite-handicap.ch\/wordp\/wp-json\/wp\/v2\/pages"}],"about":[{"href":"https:\/\/solidarite-handicap.ch\/wordp\/wp-json\/wp\/v2\/types\/page"}],"author":[{"embeddable":true,"href":"https:\/\/solidarite-handicap.ch\/wordp\/wp-json\/wp\/v2\/users\/1"}],"replies":[{"embeddable":true,"href":"https:\/\/solidarite-handicap.ch\/wordp\/wp-json\/wp\/v2\/comments?post=30474"}],"version-history":[{"count":1,"href":"https:\/\/solidarite-handicap.ch\/wordp\/wp-json\/wp\/v2\/pages\/30474\/revisions"}],"predecessor-version":[{"id":30475,"href":"https:\/\/solidarite-handicap.ch\/wordp\/wp-json\/wp\/v2\/pages\/30474\/revisions\/30475"}],"up":[{"embeddable":true,"href":"https:\/\/solidarite-handicap.ch\/wordp\/wp-json\/wp\/v2\/pages\/45"}],"wp:attachment":[{"href":"https:\/\/solidarite-handicap.ch\/wordp\/wp-json\/wp\/v2\/media?parent=30474"}],"curies":[{"name":"wp","href":"https:\/\/api.w.org\/{rel}","templated":true}]}}