{"id":30746,"date":"2021-04-15T19:02:56","date_gmt":"2021-04-15T17:02:56","guid":{"rendered":"http:\/\/solidarite-handicap.ch\/wordp\/?page_id=30746"},"modified":"2021-04-15T19:02:57","modified_gmt":"2021-04-15T17:02:57","slug":"tartes-salees-et-sucrees-seance-2-tarte-au-saumon-et-aux-epinards","status":"publish","type":"page","link":"https:\/\/solidarite-handicap.ch\/wordp\/liste-des-cours-fcpa\/cours-en-ligne\/tartes-salees-et-sucrees\/tartes-salees-et-sucrees-seance-2-tarte-au-saumon-et-aux-epinards\/","title":{"rendered":"Tartes sal\u00e9es et sucr\u00e9es &#8211; s\u00e9ance 2 &#8211; Tarte au saumon et aux \u00e9pinards"},"content":{"rendered":"","protected":true},"excerpt":{"rendered":"","protected":true},"author":2,"featured_media":0,"parent":30013,"menu_order":0,"comment_status":"closed","ping_status":"closed","template":"","meta":{"footnotes":""},"class_list":["post-30746","page","type-page","status-publish","post-password-required","hentry"],"_links":{"self":[{"href":"https:\/\/solidarite-handicap.ch\/wordp\/wp-json\/wp\/v2\/pages\/30746","targetHints":{"allow":["GET"]}}],"collection":[{"href":"https:\/\/solidarite-handicap.ch\/wordp\/wp-json\/wp\/v2\/pages"}],"about":[{"href":"https:\/\/solidarite-handicap.ch\/wordp\/wp-json\/wp\/v2\/types\/page"}],"author":[{"embeddable":true,"href":"https:\/\/solidarite-handicap.ch\/wordp\/wp-json\/wp\/v2\/users\/2"}],"replies":[{"embeddable":true,"href":"https:\/\/solidarite-handicap.ch\/wordp\/wp-json\/wp\/v2\/comments?post=30746"}],"version-history":[{"count":1,"href":"https:\/\/solidarite-handicap.ch\/wordp\/wp-json\/wp\/v2\/pages\/30746\/revisions"}],"predecessor-version":[{"id":30784,"href":"https:\/\/solidarite-handicap.ch\/wordp\/wp-json\/wp\/v2\/pages\/30746\/revisions\/30784"}],"up":[{"embeddable":true,"href":"https:\/\/solidarite-handicap.ch\/wordp\/wp-json\/wp\/v2\/pages\/30013"}],"wp:attachment":[{"href":"https:\/\/solidarite-handicap.ch\/wordp\/wp-json\/wp\/v2\/media?parent=30746"}],"curies":[{"name":"wp","href":"https:\/\/api.w.org\/{rel}","templated":true}]}}