{"id":30754,"date":"2021-04-15T18:57:48","date_gmt":"2021-04-15T16:57:48","guid":{"rendered":"http:\/\/solidarite-handicap.ch\/wordp\/?page_id=30754"},"modified":"2021-04-15T18:57:49","modified_gmt":"2021-04-15T16:57:49","slug":"repas-de-a-a-z-seance-2-veloute-aux-brocolis-omelette-au-fromage-et-jambon-en-option-poires-au-yogourt-2","status":"publish","type":"page","link":"https:\/\/solidarite-handicap.ch\/wordp\/liste-des-cours-fcpa\/cours-en-ligne\/repas-de-a-a-z\/repas-de-a-a-z-seance-2-veloute-aux-brocolis-omelette-au-fromage-et-jambon-en-option-poires-au-yogourt-2\/","title":{"rendered":"Repas de A \u00e0 Z &#8211; s\u00e9ance 2 &#8211; Velout\u00e9 aux brocolis, omelette au fromage et jambon (en option), poires au yogourt."},"content":{"rendered":"","protected":true},"excerpt":{"rendered":"","protected":true},"author":2,"featured_media":0,"parent":30006,"menu_order":0,"comment_status":"closed","ping_status":"closed","template":"","meta":{"footnotes":""},"class_list":["post-30754","page","type-page","status-publish","post-password-required","hentry"],"_links":{"self":[{"href":"https:\/\/solidarite-handicap.ch\/wordp\/wp-json\/wp\/v2\/pages\/30754","targetHints":{"allow":["GET"]}}],"collection":[{"href":"https:\/\/solidarite-handicap.ch\/wordp\/wp-json\/wp\/v2\/pages"}],"about":[{"href":"https:\/\/solidarite-handicap.ch\/wordp\/wp-json\/wp\/v2\/types\/page"}],"author":[{"embeddable":true,"href":"https:\/\/solidarite-handicap.ch\/wordp\/wp-json\/wp\/v2\/users\/2"}],"replies":[{"embeddable":true,"href":"https:\/\/solidarite-handicap.ch\/wordp\/wp-json\/wp\/v2\/comments?post=30754"}],"version-history":[{"count":1,"href":"https:\/\/solidarite-handicap.ch\/wordp\/wp-json\/wp\/v2\/pages\/30754\/revisions"}],"predecessor-version":[{"id":30782,"href":"https:\/\/solidarite-handicap.ch\/wordp\/wp-json\/wp\/v2\/pages\/30754\/revisions\/30782"}],"up":[{"embeddable":true,"href":"https:\/\/solidarite-handicap.ch\/wordp\/wp-json\/wp\/v2\/pages\/30006"}],"wp:attachment":[{"href":"https:\/\/solidarite-handicap.ch\/wordp\/wp-json\/wp\/v2\/media?parent=30754"}],"curies":[{"name":"wp","href":"https:\/\/api.w.org\/{rel}","templated":true}]}}