{"id":30767,"date":"2021-04-15T19:09:18","date_gmt":"2021-04-15T17:09:18","guid":{"rendered":"http:\/\/solidarite-handicap.ch\/wordp\/?page_id=30767"},"modified":"2021-05-27T15:47:57","modified_gmt":"2021-05-27T13:47:57","slug":"saveurs-dici-dailleurs-seance-1-veloute-dasperges-et-feuillete-au-fromage-de-chevre-2","status":"publish","type":"page","link":"https:\/\/solidarite-handicap.ch\/wordp\/liste-des-cours-fcpa\/cours-en-ligne\/saveurs-dici-et-dailleurs\/saveurs-dici-dailleurs-seance-1-veloute-dasperges-et-feuillete-au-fromage-de-chevre-2\/","title":{"rendered":"Saveurs d&rsquo;ici et d&rsquo;ailleurs &#8211; s\u00e9ance 1 &#8211; Velout\u00e9 d&rsquo;asperges et feuillet\u00e9 au fromage de ch\u00e8vre."},"content":{"rendered":"","protected":true},"excerpt":{"rendered":"","protected":true},"author":2,"featured_media":0,"parent":30011,"menu_order":0,"comment_status":"closed","ping_status":"closed","template":"","meta":{"footnotes":""},"class_list":["post-30767","page","type-page","status-publish","post-password-required","hentry"],"_links":{"self":[{"href":"https:\/\/solidarite-handicap.ch\/wordp\/wp-json\/wp\/v2\/pages\/30767","targetHints":{"allow":["GET"]}}],"collection":[{"href":"https:\/\/solidarite-handicap.ch\/wordp\/wp-json\/wp\/v2\/pages"}],"about":[{"href":"https:\/\/solidarite-handicap.ch\/wordp\/wp-json\/wp\/v2\/types\/page"}],"author":[{"embeddable":true,"href":"https:\/\/solidarite-handicap.ch\/wordp\/wp-json\/wp\/v2\/users\/2"}],"replies":[{"embeddable":true,"href":"https:\/\/solidarite-handicap.ch\/wordp\/wp-json\/wp\/v2\/comments?post=30767"}],"version-history":[{"count":2,"href":"https:\/\/solidarite-handicap.ch\/wordp\/wp-json\/wp\/v2\/pages\/30767\/revisions"}],"predecessor-version":[{"id":31117,"href":"https:\/\/solidarite-handicap.ch\/wordp\/wp-json\/wp\/v2\/pages\/30767\/revisions\/31117"}],"up":[{"embeddable":true,"href":"https:\/\/solidarite-handicap.ch\/wordp\/wp-json\/wp\/v2\/pages\/30011"}],"wp:attachment":[{"href":"https:\/\/solidarite-handicap.ch\/wordp\/wp-json\/wp\/v2\/media?parent=30767"}],"curies":[{"name":"wp","href":"https:\/\/api.w.org\/{rel}","templated":true}]}}