{"id":30772,"date":"2021-04-22T11:41:03","date_gmt":"2021-04-22T09:41:03","guid":{"rendered":"http:\/\/solidarite-handicap.ch\/wordp\/?page_id=30772"},"modified":"2021-05-03T09:32:50","modified_gmt":"2021-05-03T07:32:50","slug":"repas-de-a-a-z-seance-5-emince-de-poulet-au-curry-riz-creole-epinards-en-branche-salade-de-fruit","status":"publish","type":"page","link":"https:\/\/solidarite-handicap.ch\/wordp\/liste-des-cours-fcpa\/cours-en-ligne\/repas-de-a-a-z\/repas-de-a-a-z-seance-5-emince-de-poulet-au-curry-riz-creole-epinards-en-branche-salade-de-fruit\/","title":{"rendered":"Repas de A \u00e0 Z &#8211; s\u00e9ance 5 &#8211; Eminc\u00e9 de poulet au curry, riz cr\u00e9ole, \u00e9pinards en branche, salade de fruit"},"content":{"rendered":"","protected":true},"excerpt":{"rendered":"","protected":true},"author":2,"featured_media":0,"parent":30006,"menu_order":0,"comment_status":"closed","ping_status":"closed","template":"","meta":{"footnotes":""},"class_list":["post-30772","page","type-page","status-publish","post-password-required","hentry"],"_links":{"self":[{"href":"https:\/\/solidarite-handicap.ch\/wordp\/wp-json\/wp\/v2\/pages\/30772","targetHints":{"allow":["GET"]}}],"collection":[{"href":"https:\/\/solidarite-handicap.ch\/wordp\/wp-json\/wp\/v2\/pages"}],"about":[{"href":"https:\/\/solidarite-handicap.ch\/wordp\/wp-json\/wp\/v2\/types\/page"}],"author":[{"embeddable":true,"href":"https:\/\/solidarite-handicap.ch\/wordp\/wp-json\/wp\/v2\/users\/2"}],"replies":[{"embeddable":true,"href":"https:\/\/solidarite-handicap.ch\/wordp\/wp-json\/wp\/v2\/comments?post=30772"}],"version-history":[{"count":4,"href":"https:\/\/solidarite-handicap.ch\/wordp\/wp-json\/wp\/v2\/pages\/30772\/revisions"}],"predecessor-version":[{"id":30842,"href":"https:\/\/solidarite-handicap.ch\/wordp\/wp-json\/wp\/v2\/pages\/30772\/revisions\/30842"}],"up":[{"embeddable":true,"href":"https:\/\/solidarite-handicap.ch\/wordp\/wp-json\/wp\/v2\/pages\/30006"}],"wp:attachment":[{"href":"https:\/\/solidarite-handicap.ch\/wordp\/wp-json\/wp\/v2\/media?parent=30772"}],"curies":[{"name":"wp","href":"https:\/\/api.w.org\/{rel}","templated":true}]}}