{"id":30819,"date":"2021-04-21T16:11:03","date_gmt":"2021-04-21T14:11:03","guid":{"rendered":"http:\/\/solidarite-handicap.ch\/wordp\/?page_id=30819"},"modified":"2021-04-22T12:37:49","modified_gmt":"2021-04-22T10:37:49","slug":"tartes-salees-et-sucrees-seance-4-tarte-a-la-viande-hachee-salade-aux-tomate-et-au-concombre","status":"publish","type":"page","link":"https:\/\/solidarite-handicap.ch\/wordp\/liste-des-cours-fcpa\/cours-en-ligne\/tartes-salees-et-sucrees\/tartes-salees-et-sucrees-seance-4-tarte-a-la-viande-hachee-salade-aux-tomate-et-au-concombre\/","title":{"rendered":"Tartes sal\u00e9es et sucr\u00e9es &#8211; s\u00e9ance 4 &#8211; Tarte aux l\u00e9gumes et \u00e0 la viande hach\u00e9e, salade aux tomates et au concombre"},"content":{"rendered":"","protected":true},"excerpt":{"rendered":"","protected":true},"author":2,"featured_media":0,"parent":30013,"menu_order":0,"comment_status":"closed","ping_status":"closed","template":"","meta":{"footnotes":""},"class_list":["post-30819","page","type-page","status-publish","post-password-required","hentry"],"_links":{"self":[{"href":"https:\/\/solidarite-handicap.ch\/wordp\/wp-json\/wp\/v2\/pages\/30819","targetHints":{"allow":["GET"]}}],"collection":[{"href":"https:\/\/solidarite-handicap.ch\/wordp\/wp-json\/wp\/v2\/pages"}],"about":[{"href":"https:\/\/solidarite-handicap.ch\/wordp\/wp-json\/wp\/v2\/types\/page"}],"author":[{"embeddable":true,"href":"https:\/\/solidarite-handicap.ch\/wordp\/wp-json\/wp\/v2\/users\/2"}],"replies":[{"embeddable":true,"href":"https:\/\/solidarite-handicap.ch\/wordp\/wp-json\/wp\/v2\/comments?post=30819"}],"version-history":[{"count":3,"href":"https:\/\/solidarite-handicap.ch\/wordp\/wp-json\/wp\/v2\/pages\/30819\/revisions"}],"predecessor-version":[{"id":30849,"href":"https:\/\/solidarite-handicap.ch\/wordp\/wp-json\/wp\/v2\/pages\/30819\/revisions\/30849"}],"up":[{"embeddable":true,"href":"https:\/\/solidarite-handicap.ch\/wordp\/wp-json\/wp\/v2\/pages\/30013"}],"wp:attachment":[{"href":"https:\/\/solidarite-handicap.ch\/wordp\/wp-json\/wp\/v2\/media?parent=30819"}],"curies":[{"name":"wp","href":"https:\/\/api.w.org\/{rel}","templated":true}]}}