{"id":30840,"date":"2021-04-22T12:07:15","date_gmt":"2021-04-22T10:07:15","guid":{"rendered":"http:\/\/solidarite-handicap.ch\/wordp\/?page_id=30840"},"modified":"2021-04-22T12:08:23","modified_gmt":"2021-04-22T10:08:23","slug":"repas-de-a-a-z-seance-4-saucisse-a-rotir-sauce-aux-oignons-et-pomme-puree-2","status":"publish","type":"page","link":"https:\/\/solidarite-handicap.ch\/wordp\/liste-des-cours-fcpa\/cours-en-ligne\/repas-de-a-a-z\/repas-de-a-a-z-seance-4-saucisse-a-rotir-sauce-aux-oignons-et-pomme-puree-2\/","title":{"rendered":"Repas de A \u00e0 Z &#8211; s\u00e9ance 4 &#8211; Saucisse \u00e0 r\u00f4tir, sauce aux oignons et pomme pur\u00e9e"},"content":{"rendered":"","protected":true},"excerpt":{"rendered":"","protected":true},"author":2,"featured_media":0,"parent":30006,"menu_order":0,"comment_status":"closed","ping_status":"closed","template":"","meta":{"footnotes":""},"class_list":["post-30840","page","type-page","status-publish","post-password-required","hentry"],"_links":{"self":[{"href":"https:\/\/solidarite-handicap.ch\/wordp\/wp-json\/wp\/v2\/pages\/30840","targetHints":{"allow":["GET"]}}],"collection":[{"href":"https:\/\/solidarite-handicap.ch\/wordp\/wp-json\/wp\/v2\/pages"}],"about":[{"href":"https:\/\/solidarite-handicap.ch\/wordp\/wp-json\/wp\/v2\/types\/page"}],"author":[{"embeddable":true,"href":"https:\/\/solidarite-handicap.ch\/wordp\/wp-json\/wp\/v2\/users\/2"}],"replies":[{"embeddable":true,"href":"https:\/\/solidarite-handicap.ch\/wordp\/wp-json\/wp\/v2\/comments?post=30840"}],"version-history":[{"count":2,"href":"https:\/\/solidarite-handicap.ch\/wordp\/wp-json\/wp\/v2\/pages\/30840\/revisions"}],"predecessor-version":[{"id":30845,"href":"https:\/\/solidarite-handicap.ch\/wordp\/wp-json\/wp\/v2\/pages\/30840\/revisions\/30845"}],"up":[{"embeddable":true,"href":"https:\/\/solidarite-handicap.ch\/wordp\/wp-json\/wp\/v2\/pages\/30006"}],"wp:attachment":[{"href":"https:\/\/solidarite-handicap.ch\/wordp\/wp-json\/wp\/v2\/media?parent=30840"}],"curies":[{"name":"wp","href":"https:\/\/api.w.org\/{rel}","templated":true}]}}