{"id":31104,"date":"2021-05-27T15:03:03","date_gmt":"2021-05-27T13:03:03","guid":{"rendered":"http:\/\/solidarite-handicap.ch\/wordp\/?page_id=31104"},"modified":"2021-05-27T15:47:07","modified_gmt":"2021-05-27T13:47:07","slug":"saveurs-dici-dailleurs-seance-7-emince-a-la-zurichoise-et-salade-de-rampon-et-avocat","status":"publish","type":"page","link":"https:\/\/solidarite-handicap.ch\/wordp\/liste-des-cours-fcpa\/cours-en-ligne\/saveurs-dici-et-dailleurs\/saveurs-dici-dailleurs-seance-7-emince-a-la-zurichoise-et-salade-de-rampon-et-avocat\/","title":{"rendered":"Saveurs d&rsquo;ici et d&rsquo;ailleurs &#8211; s\u00e9ance 7 &#8211; Eminc\u00e9 de veau \u00e0 la Zurichoise et salade de rampon et avocat"},"content":{"rendered":"","protected":true},"excerpt":{"rendered":"","protected":true},"author":2,"featured_media":0,"parent":30011,"menu_order":0,"comment_status":"closed","ping_status":"closed","template":"","meta":{"footnotes":""},"class_list":["post-31104","page","type-page","status-publish","post-password-required","hentry"],"_links":{"self":[{"href":"https:\/\/solidarite-handicap.ch\/wordp\/wp-json\/wp\/v2\/pages\/31104","targetHints":{"allow":["GET"]}}],"collection":[{"href":"https:\/\/solidarite-handicap.ch\/wordp\/wp-json\/wp\/v2\/pages"}],"about":[{"href":"https:\/\/solidarite-handicap.ch\/wordp\/wp-json\/wp\/v2\/types\/page"}],"author":[{"embeddable":true,"href":"https:\/\/solidarite-handicap.ch\/wordp\/wp-json\/wp\/v2\/users\/2"}],"replies":[{"embeddable":true,"href":"https:\/\/solidarite-handicap.ch\/wordp\/wp-json\/wp\/v2\/comments?post=31104"}],"version-history":[{"count":3,"href":"https:\/\/solidarite-handicap.ch\/wordp\/wp-json\/wp\/v2\/pages\/31104\/revisions"}],"predecessor-version":[{"id":31112,"href":"https:\/\/solidarite-handicap.ch\/wordp\/wp-json\/wp\/v2\/pages\/31104\/revisions\/31112"}],"up":[{"embeddable":true,"href":"https:\/\/solidarite-handicap.ch\/wordp\/wp-json\/wp\/v2\/pages\/30011"}],"wp:attachment":[{"href":"https:\/\/solidarite-handicap.ch\/wordp\/wp-json\/wp\/v2\/media?parent=31104"}],"curies":[{"name":"wp","href":"https:\/\/api.w.org\/{rel}","templated":true}]}}