{"id":31119,"date":"2021-05-27T17:54:19","date_gmt":"2021-05-27T15:54:19","guid":{"rendered":"http:\/\/solidarite-handicap.ch\/wordp\/?page_id=31119"},"modified":"2021-05-28T17:52:06","modified_gmt":"2021-05-28T15:52:06","slug":"tartes-salees-et-sucrees-seance-8-tarte-aux-courgettes-et-au-fromage-de-chevre-tartelettes-aux-fraises","status":"publish","type":"page","link":"https:\/\/solidarite-handicap.ch\/wordp\/liste-des-cours-fcpa\/cours-en-ligne\/tartes-salees-et-sucrees\/tartes-salees-et-sucrees-seance-8-tarte-aux-courgettes-et-au-fromage-de-chevre-tartelettes-aux-fraises\/","title":{"rendered":"Tartes sal\u00e9es et sucr\u00e9es &#8211; s\u00e9ance 8 &#8211; Tarte aux courgettes et au fromage de ch\u00e8vre; tartelettes aux fraises"},"content":{"rendered":"","protected":true},"excerpt":{"rendered":"","protected":true},"author":2,"featured_media":0,"parent":30013,"menu_order":0,"comment_status":"closed","ping_status":"closed","template":"","meta":{"footnotes":""},"class_list":["post-31119","page","type-page","status-publish","post-password-required","hentry"],"_links":{"self":[{"href":"https:\/\/solidarite-handicap.ch\/wordp\/wp-json\/wp\/v2\/pages\/31119","targetHints":{"allow":["GET"]}}],"collection":[{"href":"https:\/\/solidarite-handicap.ch\/wordp\/wp-json\/wp\/v2\/pages"}],"about":[{"href":"https:\/\/solidarite-handicap.ch\/wordp\/wp-json\/wp\/v2\/types\/page"}],"author":[{"embeddable":true,"href":"https:\/\/solidarite-handicap.ch\/wordp\/wp-json\/wp\/v2\/users\/2"}],"replies":[{"embeddable":true,"href":"https:\/\/solidarite-handicap.ch\/wordp\/wp-json\/wp\/v2\/comments?post=31119"}],"version-history":[{"count":3,"href":"https:\/\/solidarite-handicap.ch\/wordp\/wp-json\/wp\/v2\/pages\/31119\/revisions"}],"predecessor-version":[{"id":31134,"href":"https:\/\/solidarite-handicap.ch\/wordp\/wp-json\/wp\/v2\/pages\/31119\/revisions\/31134"}],"up":[{"embeddable":true,"href":"https:\/\/solidarite-handicap.ch\/wordp\/wp-json\/wp\/v2\/pages\/30013"}],"wp:attachment":[{"href":"https:\/\/solidarite-handicap.ch\/wordp\/wp-json\/wp\/v2\/media?parent=31119"}],"curies":[{"name":"wp","href":"https:\/\/api.w.org\/{rel}","templated":true}]}}