{"id":31121,"date":"2021-05-27T17:55:34","date_gmt":"2021-05-27T15:55:34","guid":{"rendered":"http:\/\/solidarite-handicap.ch\/wordp\/?page_id=31121"},"modified":"2021-05-28T17:32:34","modified_gmt":"2021-05-28T15:32:34","slug":"repas-de-a-a-z-seance-8-brochette-de-viande-semoule-de-ble-couscous-courgettes-a-la-tomate-creme-de-sere-aux-fraises","status":"publish","type":"page","link":"https:\/\/solidarite-handicap.ch\/wordp\/liste-des-cours-fcpa\/cours-en-ligne\/repas-de-a-a-z\/repas-de-a-a-z-seance-8-brochette-de-viande-semoule-de-ble-couscous-courgettes-a-la-tomate-creme-de-sere-aux-fraises\/","title":{"rendered":"Repas de A \u00e0 Z &#8211; s\u00e9ance 8 &#8211; Brochette de viande, semoule de bl\u00e9 (couscous), courgettes \u00e0 la tomate; cr\u00e8me de s\u00e9r\u00e9 aux fraises"},"content":{"rendered":"","protected":true},"excerpt":{"rendered":"","protected":true},"author":2,"featured_media":0,"parent":30006,"menu_order":0,"comment_status":"closed","ping_status":"closed","template":"","meta":{"footnotes":""},"class_list":["post-31121","page","type-page","status-publish","post-password-required","hentry"],"_links":{"self":[{"href":"https:\/\/solidarite-handicap.ch\/wordp\/wp-json\/wp\/v2\/pages\/31121","targetHints":{"allow":["GET"]}}],"collection":[{"href":"https:\/\/solidarite-handicap.ch\/wordp\/wp-json\/wp\/v2\/pages"}],"about":[{"href":"https:\/\/solidarite-handicap.ch\/wordp\/wp-json\/wp\/v2\/types\/page"}],"author":[{"embeddable":true,"href":"https:\/\/solidarite-handicap.ch\/wordp\/wp-json\/wp\/v2\/users\/2"}],"replies":[{"embeddable":true,"href":"https:\/\/solidarite-handicap.ch\/wordp\/wp-json\/wp\/v2\/comments?post=31121"}],"version-history":[{"count":3,"href":"https:\/\/solidarite-handicap.ch\/wordp\/wp-json\/wp\/v2\/pages\/31121\/revisions"}],"predecessor-version":[{"id":31126,"href":"https:\/\/solidarite-handicap.ch\/wordp\/wp-json\/wp\/v2\/pages\/31121\/revisions\/31126"}],"up":[{"embeddable":true,"href":"https:\/\/solidarite-handicap.ch\/wordp\/wp-json\/wp\/v2\/pages\/30006"}],"wp:attachment":[{"href":"https:\/\/solidarite-handicap.ch\/wordp\/wp-json\/wp\/v2\/media?parent=31121"}],"curies":[{"name":"wp","href":"https:\/\/api.w.org\/{rel}","templated":true}]}}