{"id":31136,"date":"2021-06-01T15:00:03","date_gmt":"2021-06-01T13:00:03","guid":{"rendered":"http:\/\/solidarite-handicap.ch\/wordp\/?page_id=31136"},"modified":"2021-06-02T09:57:31","modified_gmt":"2021-06-02T07:57:31","slug":"tartes-salees-et-sucrees-seance-9-tarte-au-sere-et-aux-framboises","status":"publish","type":"page","link":"https:\/\/solidarite-handicap.ch\/wordp\/liste-des-cours-fcpa\/cours-en-ligne\/tartes-salees-et-sucrees\/tartes-salees-et-sucrees-seance-9-tarte-au-sere-et-aux-framboises\/","title":{"rendered":"Tartes sal\u00e9es et sucr\u00e9es &#8211; s\u00e9ance 9 &#8211; Tarte au s\u00e9r\u00e9 et aux framboises"},"content":{"rendered":"","protected":true},"excerpt":{"rendered":"","protected":true},"author":2,"featured_media":0,"parent":30013,"menu_order":0,"comment_status":"closed","ping_status":"closed","template":"","meta":{"footnotes":""},"class_list":["post-31136","page","type-page","status-publish","post-password-required","hentry"],"_links":{"self":[{"href":"https:\/\/solidarite-handicap.ch\/wordp\/wp-json\/wp\/v2\/pages\/31136","targetHints":{"allow":["GET"]}}],"collection":[{"href":"https:\/\/solidarite-handicap.ch\/wordp\/wp-json\/wp\/v2\/pages"}],"about":[{"href":"https:\/\/solidarite-handicap.ch\/wordp\/wp-json\/wp\/v2\/types\/page"}],"author":[{"embeddable":true,"href":"https:\/\/solidarite-handicap.ch\/wordp\/wp-json\/wp\/v2\/users\/2"}],"replies":[{"embeddable":true,"href":"https:\/\/solidarite-handicap.ch\/wordp\/wp-json\/wp\/v2\/comments?post=31136"}],"version-history":[{"count":2,"href":"https:\/\/solidarite-handicap.ch\/wordp\/wp-json\/wp\/v2\/pages\/31136\/revisions"}],"predecessor-version":[{"id":31147,"href":"https:\/\/solidarite-handicap.ch\/wordp\/wp-json\/wp\/v2\/pages\/31136\/revisions\/31147"}],"up":[{"embeddable":true,"href":"https:\/\/solidarite-handicap.ch\/wordp\/wp-json\/wp\/v2\/pages\/30013"}],"wp:attachment":[{"href":"https:\/\/solidarite-handicap.ch\/wordp\/wp-json\/wp\/v2\/media?parent=31136"}],"curies":[{"name":"wp","href":"https:\/\/api.w.org\/{rel}","templated":true}]}}