{"id":32507,"date":"2026-02-09T17:27:43","date_gmt":"2026-02-09T16:27:43","guid":{"rendered":"https:\/\/solidarite-handicap.ch\/wordp\/?page_id=32507"},"modified":"2026-02-11T13:48:53","modified_gmt":"2026-02-11T12:48:53","slug":"conditions-de-participation-centre-aere","status":"publish","type":"page","link":"https:\/\/solidarite-handicap.ch\/wordp\/conditions-de-participation-centre-aere\/","title":{"rendered":"Conditions de participation &#8211; Centre A\u00e9r\u00e9"},"content":{"rendered":"<p>Vous trouverez sur cette page les conditions de participation aux Centres A\u00e9r\u00e9s, ainsi que la D\u00e9claration de protection des donn\u00e9es de Solidarit\u00e9-Handicap mental<\/p>\n<ul>\n<li><a target=\"_blank\" href=\"https:\/\/solidarite-handicap.ch\/wordp\/wp-content\/uploads\/2026\/02\/Conditions-participation-ca-26.pdf\">Conditions de participation aux Centres A\u00e9r\u00e9s<\/a><\/li>\n<li><a target=\"_blank\" href=\"https:\/\/solidarite-handicap.ch\/wordp\/wp-content\/uploads\/2026\/02\/Declaration-de-protection-des-donnees-SHM-2025.pdf\">D\u00e9claration de protection des donn\u00e9es de Solidarit\u00e9-Handicap mental<\/a><\/li>\n<\/ul>\n","protected":false},"excerpt":{"rendered":"<p>Vous trouverez sur cette page les conditions de participation aux Centres A\u00e9r\u00e9s, ainsi que la D\u00e9claration de protection des donn\u00e9es de Solidarit\u00e9-Handicap mental Conditions de participation aux Centres A\u00e9r\u00e9s D\u00e9claration de protection des donn\u00e9es de Solidarit\u00e9-Handicap mental<\/p>\n","protected":false},"author":1,"featured_media":0,"parent":0,"menu_order":0,"comment_status":"closed","ping_status":"closed","template":"","meta":{"footnotes":""},"class_list":["post-32507","page","type-page","status-publish","hentry"],"_links":{"self":[{"href":"https:\/\/solidarite-handicap.ch\/wordp\/wp-json\/wp\/v2\/pages\/32507","targetHints":{"allow":["GET"]}}],"collection":[{"href":"https:\/\/solidarite-handicap.ch\/wordp\/wp-json\/wp\/v2\/pages"}],"about":[{"href":"https:\/\/solidarite-handicap.ch\/wordp\/wp-json\/wp\/v2\/types\/page"}],"author":[{"embeddable":true,"href":"https:\/\/solidarite-handicap.ch\/wordp\/wp-json\/wp\/v2\/users\/1"}],"replies":[{"embeddable":true,"href":"https:\/\/solidarite-handicap.ch\/wordp\/wp-json\/wp\/v2\/comments?post=32507"}],"version-history":[{"count":4,"href":"https:\/\/solidarite-handicap.ch\/wordp\/wp-json\/wp\/v2\/pages\/32507\/revisions"}],"predecessor-version":[{"id":32515,"href":"https:\/\/solidarite-handicap.ch\/wordp\/wp-json\/wp\/v2\/pages\/32507\/revisions\/32515"}],"wp:attachment":[{"href":"https:\/\/solidarite-handicap.ch\/wordp\/wp-json\/wp\/v2\/media?parent=32507"}],"curies":[{"name":"wp","href":"https:\/\/api.w.org\/{rel}","templated":true}]}}