{"id":28851,"date":"2020-11-23T11:42:00","date_gmt":"2020-11-23T10:42:00","guid":{"rendered":"http:\/\/solidarite-handicap.ch\/wordp\/?post_type=product&#038;p=28851"},"modified":"2020-11-23T16:22:07","modified_gmt":"2020-11-23T15:22:07","slug":"a-la-decouverte-du-lac-leman","status":"publish","type":"product","link":"https:\/\/solidarite-handicap.ch\/wordp\/produit\/a-la-decouverte-du-lac-leman\/","title":{"rendered":"A la d\u00e9couverte du lac l\u00e9man"},"content":{"rendered":"","protected":false},"excerpt":{"rendered":"<p>Le lac l\u00e9man fait partie du patrimoine vaudois. Durant ce cours, vous pourrez d\u00e9couvrir tout ce qui vit gr\u00e2ce \u00e0 ce lac<\/p>\n","protected":false},"featured_media":28843,"template":"","meta":[],"class_list":["post-28851","product","type-product","status-publish","has-post-thumbnail","hentry","product_cat-culture"],"_links":{"self":[{"href":"https:\/\/solidarite-handicap.ch\/wordp\/wp-json\/wp\/v2\/product\/28851","targetHints":{"allow":["GET"]}}],"collection":[{"href":"https:\/\/solidarite-handicap.ch\/wordp\/wp-json\/wp\/v2\/product"}],"about":[{"href":"https:\/\/solidarite-handicap.ch\/wordp\/wp-json\/wp\/v2\/types\/product"}],"wp:featuredmedia":[{"embeddable":true,"href":"https:\/\/solidarite-handicap.ch\/wordp\/wp-json\/wp\/v2\/media\/28843"}],"wp:attachment":[{"href":"https:\/\/solidarite-handicap.ch\/wordp\/wp-json\/wp\/v2\/media?parent=28851"}],"curies":[{"name":"wp","href":"https:\/\/api.w.org\/{rel}","templated":true}]}}