{"id":28882,"date":"2020-11-23T13:50:50","date_gmt":"2020-11-23T12:50:50","guid":{"rendered":"http:\/\/solidarite-handicap.ch\/wordp\/?post_type=product&#038;p=28882"},"modified":"2020-11-24T12:51:22","modified_gmt":"2020-11-24T11:51:22","slug":"excursion-a-berne","status":"publish","type":"product","link":"https:\/\/solidarite-handicap.ch\/wordp\/produit\/excursion-a-berne\/","title":{"rendered":"Excursion \u00e0 Berne"},"content":{"rendered":"","protected":false},"excerpt":{"rendered":"<p>Visitez la capitale politique du pays et d\u00e9couvrez le parlement dans une visite guid\u00e9e m\u00e9morable.<\/p>\n","protected":false},"featured_media":28883,"template":"","meta":[],"class_list":["post-28882","product","type-product","status-publish","has-post-thumbnail","hentry","product_cat-sorties-culturelles"],"_links":{"self":[{"href":"https:\/\/solidarite-handicap.ch\/wordp\/wp-json\/wp\/v2\/product\/28882","targetHints":{"allow":["GET"]}}],"collection":[{"href":"https:\/\/solidarite-handicap.ch\/wordp\/wp-json\/wp\/v2\/product"}],"about":[{"href":"https:\/\/solidarite-handicap.ch\/wordp\/wp-json\/wp\/v2\/types\/product"}],"wp:featuredmedia":[{"embeddable":true,"href":"https:\/\/solidarite-handicap.ch\/wordp\/wp-json\/wp\/v2\/media\/28883"}],"wp:attachment":[{"href":"https:\/\/solidarite-handicap.ch\/wordp\/wp-json\/wp\/v2\/media?parent=28882"}],"curies":[{"name":"wp","href":"https:\/\/api.w.org\/{rel}","templated":true}]}}